{"id":958,"date":"2020-05-25T14:24:43","date_gmt":"2020-05-25T12:24:43","guid":{"rendered":"http:\/\/denizsporkulubu.com\/wp\/?page_id=958"},"modified":"2020-05-25T18:08:39","modified_gmt":"2020-05-25T16:08:39","slug":"iletisim-2","status":"publish","type":"page","link":"http:\/\/denizsporkulubu.com\/?page_id=958","title":{"rendered":"\u0130leti\u015fim"},"content":{"rendered":"\t\t<div data-elementor-type=\"wp-page\" data-elementor-id=\"958\" class=\"elementor elementor-958\" data-elementor-settings=\"[]\">\n\t\t\t<div class=\"elementor-inner\">\n\t\t\t\t<div class=\"elementor-section-wrap\">\n\t\t\t\t\t\t\t<section class=\"elementor-element elementor-element-af37d0a elementor-section-boxed elementor-section-height-default elementor-section-height-default elementor-section elementor-top-section\" data-id=\"af37d0a\" data-element_type=\"section\" data-settings=\"{&quot;background_background&quot;:&quot;classic&quot;}\">\n\t\t\t\t\t\t\t<div class=\"elementor-background-overlay\"><\/div>\n\t\t\t\t\t\t\t<div class=\"elementor-container elementor-column-gap-default\">\n\t\t\t\t<div class=\"elementor-row\">\n\t\t\t\t<div class=\"elementor-element elementor-element-ed5fb18 elementor-column elementor-col-50 elementor-top-column\" data-id=\"ed5fb18\" data-element_type=\"column\">\n\t\t\t<div class=\"elementor-column-wrap  elementor-element-populated\">\n\t\t\t\t\t<div class=\"elementor-widget-wrap\">\n\t\t\t\t<div class=\"elementor-element elementor-element-29d51ca elementor-widget elementor-widget-heading\" data-id=\"29d51ca\" data-element_type=\"widget\" data-widget_type=\"heading.default\">\n\t\t\t\t<div class=\"elementor-widget-container\">\n\t\t\t<h4 class=\"elementor-heading-title elementor-size-default\">B\u0130ZE ULA\u015eIN<\/h4>\t\t<\/div>\n\t\t\t\t<\/div>\n\t\t\t\t<div class=\"elementor-element elementor-element-e35c966 elementor-widget elementor-widget-wp-widget-custom_html\" data-id=\"e35c966\" data-element_type=\"widget\" data-widget_type=\"wp-widget-custom_html.default\">\n\t\t\t\t<div class=\"elementor-widget-container\">\n\t\t\t<div class=\"textwidget custom-html-widget\"><div class=\"everest-forms\"><div class=\"evf-container default\" id=\"evf-975\"><form id=\"evf-form-975\" class=\"everest-form\" data-formid=\"975\" data-ajax_submission=\"0\" method=\"post\" enctype=\"multipart\/form-data\" action=\"\/index.php?rest_route=%2Fwp%2Fv2%2Fpages%2F958\"><div class=\"evf-field-container\"><input type=\"hidden\" id=\"_wpnonce\" name=\"_wpnonce\" value=\"eeaa0e28f7\" \/><input type=\"hidden\" name=\"_wp_http_referer\" value=\"\/index.php?rest_route=%2Fwp%2Fv2%2Fpages%2F958\" \/><div class=\"evf-frontend-row\" data-row=\"row_2\"><div class=\"evf-frontend-grid evf-grid-2\" data-grid=\"grid_1\"><div id=\"evf-975-field_1Eb87FQGhC-6-container\" class=\"evf-field evf-field-first-name form-row validate-required\" data-required-field-message=\"This field is required.\" data-field-id=\"1Eb87FQGhC-6\"><label class=\"evf-field-label\" for=\"evf-975-field_1Eb87FQGhC-6\"><span class=\"evf-label\">Ad<\/span> <abbr class=\"required\" title=\"Required\">*<\/abbr><\/label><input type=\"text\" id=\"evf-975-field_1Eb87FQGhC-6\" class=\"input-text\" name=\"everest_forms[form_fields][1Eb87FQGhC-6]\" required><\/div><\/div><div class=\"evf-frontend-grid evf-grid-2\" data-grid=\"grid_2\"><div id=\"evf-975-field_sX4LxkW3r2-7-container\" class=\"evf-field evf-field-last-name form-row validate-required\" data-required-field-message=\"This field is required.\" data-field-id=\"sX4LxkW3r2-7\"><label class=\"evf-field-label\" for=\"evf-975-field_sX4LxkW3r2-7\"><span class=\"evf-label\">Soyad<\/span> <abbr class=\"required\" title=\"Required\">*<\/abbr><\/label><input type=\"text\" id=\"evf-975-field_sX4LxkW3r2-7\" class=\"input-text\" name=\"everest_forms[form_fields][sX4LxkW3r2-7]\" required><\/div><\/div><\/div><div class=\"evf-frontend-row\" data-row=\"row_3\"><div class=\"evf-frontend-grid evf-grid-1\" data-grid=\"grid_1\"><div id=\"evf-975-field_A9AnkY37QV-8-container\" class=\"evf-field evf-field-email form-row validate-required validate-email\" data-required-field-message=\"Please enter a valid email address.\" data-field-id=\"A9AnkY37QV-8\"><label class=\"evf-field-label\" for=\"evf-975-field_A9AnkY37QV-8\"><span class=\"evf-label\">Email<\/span> <abbr class=\"required\" title=\"Required\">*<\/abbr><\/label><input type=\"email\" id=\"evf-975-field_A9AnkY37QV-8\" class=\"input-text\" name=\"everest_forms[form_fields][A9AnkY37QV-8]\" required><\/div><\/div><\/div><div class=\"evf-frontend-row\" data-row=\"row_4\"><div class=\"evf-frontend-grid evf-grid-1\" data-grid=\"grid_1\"><div id=\"evf-975-field_TFDrRhK9qH-9-container\" class=\"evf-field evf-field-text form-row\" data-field-id=\"TFDrRhK9qH-9\"><label class=\"evf-field-label\" for=\"evf-975-field_TFDrRhK9qH-9\"><span class=\"evf-label\">Konu<\/span> <\/label><input type=\"text\" id=\"evf-975-field_TFDrRhK9qH-9\" class=\"input-text\" name=\"everest_forms[form_fields][TFDrRhK9qH-9]\" ><\/div><\/div><\/div><div class=\"evf-frontend-row\" data-row=\"row_5\"><div class=\"evf-frontend-grid evf-grid-1\" data-grid=\"grid_1\"><div id=\"evf-975-field_ClsE2PHwvA-10-container\" class=\"evf-field evf-field-textarea form-row\" data-field-id=\"ClsE2PHwvA-10\"><label class=\"evf-field-label\" for=\"evf-975-field_ClsE2PHwvA-10\"><span class=\"evf-label\">Mesaj\u0131n\u0131z<\/span> <\/label><textarea id=\"evf-975-field_ClsE2PHwvA-10\" class=\"input-text\" name=\"everest_forms[form_fields][ClsE2PHwvA-10]\" ><\/textarea><\/div><\/div><\/div><\/div><div class=\"evf-honeypot-container evf-field-hp\"><label for=\"evf-975-field-hp\" class=\"evf-field-label\">Phone<\/label><input type=\"text\" name=\"everest_forms[hp]\" id=\"evf-975-field-hp\" class=\"input-text\"><\/div><div class=\"evf-submit-container \" ><input type=\"hidden\" name=\"everest_forms[id]\" value=\"975\"><input type=\"hidden\" name=\"everest_forms[author]\" value=\"1\"><button type='submit' name='everest_forms[submit]' class='everest-forms-submit-button button evf-submit ' id='evf-submit-975' value='evf-submit' data-process-text=\"Processing\u2026\" conditional_rules='\"\"' conditional_id='evf-submit-975' >G\u00f6nder<\/button><\/div><\/form><\/div><!-- .evf-container --><\/div><\/div>\t\t<\/div>\n\t\t\t\t<\/div>\n\t\t\t\t\t\t<\/div>\n\t\t\t<\/div>\n\t\t<\/div>\n\t\t\t\t<div class=\"elementor-element elementor-element-ab5cadd elementor-column elementor-col-50 elementor-top-column\" data-id=\"ab5cadd\" data-element_type=\"column\">\n\t\t\t<div class=\"elementor-column-wrap  elementor-element-populated\">\n\t\t\t\t\t<div class=\"elementor-widget-wrap\">\n\t\t\t\t<div class=\"elementor-element elementor-element-683edb6 elementor-widget elementor-widget-heading\" data-id=\"683edb6\" data-element_type=\"widget\" data-widget_type=\"heading.default\">\n\t\t\t\t<div class=\"elementor-widget-container\">\n\t\t\t<h4 class=\"elementor-heading-title elementor-size-medium\">DEN\u0130Z SPOR KUL\u00dcB\u00dc<\/h4>\t\t<\/div>\n\t\t\t\t<\/div>\n\t\t\t\t<div class=\"elementor-element elementor-element-69cafef elementor-widget elementor-widget-google_maps\" data-id=\"69cafef\" data-element_type=\"widget\" data-widget_type=\"google_maps.default\">\n\t\t\t\t<div class=\"elementor-widget-container\">\n\t\t\t<div class=\"elementor-custom-embed\"><iframe frameborder=\"0\" scrolling=\"no\" marginheight=\"0\" marginwidth=\"0\" src=\"https:\/\/maps.google.com\/maps?q=Maltepe%20Mahallesi%2C%20%C5%9Eht.%20G%C3%B6nen%C3%A7%20Cd.%2016%2FB%2C%2006570%20%C3%87ankaya%2FAnkara&amp;t=m&amp;z=10&amp;output=embed&amp;iwloc=near\" aria-label=\"Maltepe Mahallesi, \u015eht. G\u00f6nen\u00e7 Cd. 16\/B, 06570 \u00c7ankaya\/Ankara\"><\/iframe><\/div>\t\t<\/div>\n\t\t\t\t<\/div>\n\t\t\t\t<section class=\"elementor-element elementor-element-aa06b10 elementor-section-boxed elementor-section-height-default elementor-section-height-default elementor-section elementor-inner-section\" data-id=\"aa06b10\" data-element_type=\"section\">\n\t\t\t\t\t\t<div class=\"elementor-container elementor-column-gap-default\">\n\t\t\t\t<div class=\"elementor-row\">\n\t\t\t\t<div class=\"elementor-element elementor-element-064654b elementor-column elementor-col-50 elementor-inner-column\" data-id=\"064654b\" data-element_type=\"column\">\n\t\t\t<div class=\"elementor-column-wrap  elementor-element-populated\">\n\t\t\t\t\t<div class=\"elementor-widget-wrap\">\n\t\t\t\t<div class=\"elementor-element elementor-element-cf1f66b elementor-widget elementor-widget-icon-list\" data-id=\"cf1f66b\" data-element_type=\"widget\" data-widget_type=\"icon-list.default\">\n\t\t\t\t<div class=\"elementor-widget-container\">\n\t\t\t\t\t<ul class=\"elementor-icon-list-items\">\n\t\t\t\t\t\t\t<li class=\"elementor-icon-list-item\" >\n\t\t\t\t\t\t\t\t\t\t\t<span class=\"elementor-icon-list-icon\">\n\t\t\t\t\t\t\t<i aria-hidden=\"true\" class=\"fas fa-map-marked-alt\"><\/i>\t\t\t\t\t\t<\/span>\n\t\t\t\t\t\t\t\t\t\t<span class=\"elementor-icon-list-text\">Maltepe Mahallesi, \u015eht. G\u00f6nen\u00e7 Cd. 16\/B, 06570 \u00c7ankaya\/Ankara<br><\/span>\n\t\t\t\t\t\t\t\t\t<\/li>\n\t\t\t\t\t\t\t\t<li class=\"elementor-icon-list-item\" >\n\t\t\t\t\t\t\t\t\t\t\t<span class=\"elementor-icon-list-icon\">\n\t\t\t\t\t\t\t<i aria-hidden=\"true\" class=\"far fa-calendar-alt\"><\/i>\t\t\t\t\t\t<\/span>\n\t\t\t\t\t\t\t\t\t\t<span class=\"elementor-icon-list-text\">Pazartesi-Cuma 10:00 - 22:00 Cumartesi - Pazar  : 10:00 - 16:00<\/span>\n\t\t\t\t\t\t\t\t\t<\/li>\n\t\t\t\t\t\t<\/ul>\n\t\t\t\t<\/div>\n\t\t\t\t<\/div>\n\t\t\t\t\t\t<\/div>\n\t\t\t<\/div>\n\t\t<\/div>\n\t\t\t\t<div class=\"elementor-element elementor-element-c61d24d elementor-column elementor-col-50 elementor-inner-column\" data-id=\"c61d24d\" data-element_type=\"column\">\n\t\t\t<div class=\"elementor-column-wrap  elementor-element-populated\">\n\t\t\t\t\t<div class=\"elementor-widget-wrap\">\n\t\t\t\t<div class=\"elementor-element elementor-element-ae5d378 elementor-icon-list--layout-traditional elementor-widget elementor-widget-icon-list\" data-id=\"ae5d378\" data-element_type=\"widget\" data-widget_type=\"icon-list.default\">\n\t\t\t\t<div class=\"elementor-widget-container\">\n\t\t\t\t\t<ul class=\"elementor-icon-list-items\">\n\t\t\t\t\t\t\t<li class=\"elementor-icon-list-item\" >\n\t\t\t\t\t\t\t\t\t\t\t<span class=\"elementor-icon-list-icon\">\n\t\t\t\t\t\t\t<i aria-hidden=\"true\" class=\"fas fa-mobile-alt\"><\/i>\t\t\t\t\t\t<\/span>\n\t\t\t\t\t\t\t\t\t\t<span class=\"elementor-icon-list-text\">+90 (538) 362 62 92<br><\/span>\n\t\t\t\t\t\t\t\t\t<\/li>\n\t\t\t\t\t\t\t\t<li class=\"elementor-icon-list-item\" >\n\t\t\t\t\t\t\t\t\t\t\t<span class=\"elementor-icon-list-icon\">\n\t\t\t\t\t\t\t<i aria-hidden=\"true\" class=\"fas fa-phone\"><\/i>\t\t\t\t\t\t<\/span>\n\t\t\t\t\t\t\t\t\t\t<span class=\"elementor-icon-list-text\">+90 (312) 229 53 74<br><\/span>\n\t\t\t\t\t\t\t\t\t<\/li>\n\t\t\t\t\t\t\t\t<li class=\"elementor-icon-list-item\" >\n\t\t\t\t\t\t\t\t\t\t\t<span class=\"elementor-icon-list-icon\">\n\t\t\t\t\t\t\t<i aria-hidden=\"true\" class=\"fab fa-wordpress\"><\/i>\t\t\t\t\t\t<\/span>\n\t\t\t\t\t\t\t\t\t\t<span class=\"elementor-icon-list-text\">http:\/\/denizsporkulubu.com<br><\/span>\n\t\t\t\t\t\t\t\t\t<\/li>\n\t\t\t\t\t\t\t\t<li class=\"elementor-icon-list-item\" >\n\t\t\t\t\t\t\t\t\t\t\t<span class=\"elementor-icon-list-icon\">\n\t\t\t\t\t\t\t<i aria-hidden=\"true\" class=\"fas fa-mail-bulk\"><\/i>\t\t\t\t\t\t<\/span>\n\t\t\t\t\t\t\t\t\t\t<span class=\"elementor-icon-list-text\">info@denizsporkulubu.com<\/span>\n\t\t\t\t\t\t\t\t\t<\/li>\n\t\t\t\t\t\t<\/ul>\n\t\t\t\t<\/div>\n\t\t\t\t<\/div>\n\t\t\t\t\t\t<\/div>\n\t\t\t<\/div>\n\t\t<\/div>\n\t\t\t\t\t\t<\/div>\n\t\t\t<\/div>\n\t\t<\/section>\n\t\t\t\t\t\t<\/div>\n\t\t\t<\/div>\n\t\t<\/div>\n\t\t\t\t\t\t<\/div>\n\t\t\t<\/div>\n\t\t<\/section>\n\t\t\t\t\t\t<\/div>\n\t\t\t<\/div>\n\t\t<\/div>\n\t\t","protected":false},"excerpt":{"rendered":"<p>B\u0130ZE ULA\u015eIN DEN\u0130Z SPOR KUL\u00dcB\u00dc Maltepe Mahallesi, \u015eht. G\u00f6nen\u00e7 Cd. 16\/B, 06570 \u00c7ankaya\/Ankara Pazartesi-Cuma 10:00 &#8211; 22:00 Cumartesi &#8211; Pazar : 10:00 &#8211; 16:00 +90 (538) 362 62 92 +90 (312) 229 53 74 http:\/\/denizsporkulubu.com info@denizsporkulubu.com<\/p>\n","protected":false},"author":1,"featured_media":0,"parent":0,"menu_order":0,"comment_status":"closed","ping_status":"closed","template":"elementor_header_footer","meta":[],"yoast_head":"<!-- This site is optimized with the Yoast SEO plugin v19.9 - https:\/\/yoast.com\/wordpress\/plugins\/seo\/ -->\n<title>\u0130leti\u015fim -<\/title>\n<meta name=\"robots\" content=\"index, follow, max-snippet:-1, max-image-preview:large, max-video-preview:-1\" \/>\n<link rel=\"canonical\" href=\"http:\/\/denizsporkulubu.com\/?page_id=958\" \/>\n<meta property=\"og:locale\" content=\"tr_TR\" \/>\n<meta property=\"og:type\" content=\"article\" \/>\n<meta property=\"og:title\" content=\"\u0130leti\u015fim -\" \/>\n<meta property=\"og:description\" content=\"B\u0130ZE ULA\u015eIN DEN\u0130Z SPOR KUL\u00dcB\u00dc Maltepe Mahallesi, \u015eht. G\u00f6nen\u00e7 Cd. 16\/B, 06570 \u00c7ankaya\/Ankara Pazartesi-Cuma 10:00 &#8211; 22:00 Cumartesi &#8211; Pazar : 10:00 &#8211; 16:00 +90 (538) 362 62 92 +90 (312) 229 53 74 http:\/\/denizsporkulubu.com info@denizsporkulubu.com\" \/>\n<meta property=\"og:url\" content=\"http:\/\/denizsporkulubu.com\/?page_id=958\" \/>\n<meta property=\"article:modified_time\" content=\"2020-05-25T16:08:39+00:00\" \/>\n<meta name=\"twitter:card\" content=\"summary_large_image\" \/>\n<script type=\"application\/ld+json\" class=\"yoast-schema-graph\">{\"@context\":\"https:\/\/schema.org\",\"@graph\":[{\"@type\":\"WebPage\",\"@id\":\"http:\/\/denizsporkulubu.com\/?page_id=958\",\"url\":\"http:\/\/denizsporkulubu.com\/?page_id=958\",\"name\":\"\u0130leti\u015fim -\",\"isPartOf\":{\"@id\":\"http:\/\/denizsporkulubu.com\/#website\"},\"datePublished\":\"2020-05-25T12:24:43+00:00\",\"dateModified\":\"2020-05-25T16:08:39+00:00\",\"breadcrumb\":{\"@id\":\"http:\/\/denizsporkulubu.com\/?page_id=958#breadcrumb\"},\"inLanguage\":\"tr\",\"potentialAction\":[{\"@type\":\"ReadAction\",\"target\":[\"http:\/\/denizsporkulubu.com\/?page_id=958\"]}]},{\"@type\":\"BreadcrumbList\",\"@id\":\"http:\/\/denizsporkulubu.com\/?page_id=958#breadcrumb\",\"itemListElement\":[{\"@type\":\"ListItem\",\"position\":1,\"name\":\"Anasayfa\",\"item\":\"http:\/\/denizsporkulubu.com\/\"},{\"@type\":\"ListItem\",\"position\":2,\"name\":\"\u0130leti\u015fim\"}]},{\"@type\":\"WebSite\",\"@id\":\"http:\/\/denizsporkulubu.com\/#website\",\"url\":\"http:\/\/denizsporkulubu.com\/\",\"name\":\"\",\"description\":\"G\u00dc\u00c7L\u00dc B\u0130R BA\u011eI\u015eIKLIK S\u0130STEM\u0130 \u0130\u00c7\u0130N SPOR YAPIN\",\"potentialAction\":[{\"@type\":\"SearchAction\",\"target\":{\"@type\":\"EntryPoint\",\"urlTemplate\":\"http:\/\/denizsporkulubu.com\/?s={search_term_string}\"},\"query-input\":\"required name=search_term_string\"}],\"inLanguage\":\"tr\"}]}<\/script>\n<!-- \/ Yoast SEO plugin. -->","yoast_head_json":{"title":"\u0130leti\u015fim -","robots":{"index":"index","follow":"follow","max-snippet":"max-snippet:-1","max-image-preview":"max-image-preview:large","max-video-preview":"max-video-preview:-1"},"canonical":"http:\/\/denizsporkulubu.com\/?page_id=958","og_locale":"tr_TR","og_type":"article","og_title":"\u0130leti\u015fim -","og_description":"B\u0130ZE ULA\u015eIN DEN\u0130Z SPOR KUL\u00dcB\u00dc Maltepe Mahallesi, \u015eht. G\u00f6nen\u00e7 Cd. 16\/B, 06570 \u00c7ankaya\/Ankara Pazartesi-Cuma 10:00 &#8211; 22:00 Cumartesi &#8211; Pazar : 10:00 &#8211; 16:00 +90 (538) 362 62 92 +90 (312) 229 53 74 http:\/\/denizsporkulubu.com info@denizsporkulubu.com","og_url":"http:\/\/denizsporkulubu.com\/?page_id=958","article_modified_time":"2020-05-25T16:08:39+00:00","twitter_card":"summary_large_image","schema":{"@context":"https:\/\/schema.org","@graph":[{"@type":"WebPage","@id":"http:\/\/denizsporkulubu.com\/?page_id=958","url":"http:\/\/denizsporkulubu.com\/?page_id=958","name":"\u0130leti\u015fim -","isPartOf":{"@id":"http:\/\/denizsporkulubu.com\/#website"},"datePublished":"2020-05-25T12:24:43+00:00","dateModified":"2020-05-25T16:08:39+00:00","breadcrumb":{"@id":"http:\/\/denizsporkulubu.com\/?page_id=958#breadcrumb"},"inLanguage":"tr","potentialAction":[{"@type":"ReadAction","target":["http:\/\/denizsporkulubu.com\/?page_id=958"]}]},{"@type":"BreadcrumbList","@id":"http:\/\/denizsporkulubu.com\/?page_id=958#breadcrumb","itemListElement":[{"@type":"ListItem","position":1,"name":"Anasayfa","item":"http:\/\/denizsporkulubu.com\/"},{"@type":"ListItem","position":2,"name":"\u0130leti\u015fim"}]},{"@type":"WebSite","@id":"http:\/\/denizsporkulubu.com\/#website","url":"http:\/\/denizsporkulubu.com\/","name":"","description":"G\u00dc\u00c7L\u00dc B\u0130R BA\u011eI\u015eIKLIK S\u0130STEM\u0130 \u0130\u00c7\u0130N SPOR YAPIN","potentialAction":[{"@type":"SearchAction","target":{"@type":"EntryPoint","urlTemplate":"http:\/\/denizsporkulubu.com\/?s={search_term_string}"},"query-input":"required name=search_term_string"}],"inLanguage":"tr"}]}},"_links":{"self":[{"href":"http:\/\/denizsporkulubu.com\/index.php?rest_route=\/wp\/v2\/pages\/958"}],"collection":[{"href":"http:\/\/denizsporkulubu.com\/index.php?rest_route=\/wp\/v2\/pages"}],"about":[{"href":"http:\/\/denizsporkulubu.com\/index.php?rest_route=\/wp\/v2\/types\/page"}],"author":[{"embeddable":true,"href":"http:\/\/denizsporkulubu.com\/index.php?rest_route=\/wp\/v2\/users\/1"}],"replies":[{"embeddable":true,"href":"http:\/\/denizsporkulubu.com\/index.php?rest_route=%2Fwp%2Fv2%2Fcomments&post=958"}],"version-history":[{"count":16,"href":"http:\/\/denizsporkulubu.com\/index.php?rest_route=\/wp\/v2\/pages\/958\/revisions"}],"predecessor-version":[{"id":1392,"href":"http:\/\/denizsporkulubu.com\/index.php?rest_route=\/wp\/v2\/pages\/958\/revisions\/1392"}],"wp:attachment":[{"href":"http:\/\/denizsporkulubu.com\/index.php?rest_route=%2Fwp%2Fv2%2Fmedia&parent=958"}],"curies":[{"name":"wp","href":"https:\/\/api.w.org\/{rel}","templated":true}]}}