{"id":722,"date":"2020-05-21T00:39:30","date_gmt":"2020-05-20T22:39:30","guid":{"rendered":"http:\/\/denizsporkulubu.com\/wp\/?page_id=722"},"modified":"2020-06-16T19:37:49","modified_gmt":"2020-06-16T17:37:49","slug":"siniflarimiz","status":"publish","type":"page","link":"http:\/\/denizsporkulubu.com\/?page_id=722","title":{"rendered":"S\u0131n\u0131flar\u0131m\u0131z"},"content":{"rendered":"\t\t<div data-elementor-type=\"wp-page\" data-elementor-id=\"722\" class=\"elementor elementor-722\" data-elementor-settings=\"[]\">\n\t\t\t<div class=\"elementor-inner\">\n\t\t\t\t<div class=\"elementor-section-wrap\">\n\t\t\t\t\t\t\t<section class=\"elementor-element elementor-element-c1c8a7f elementor-section-stretched elementor-section-boxed elementor-section-height-default elementor-section-height-default elementor-section elementor-top-section\" data-id=\"c1c8a7f\" data-element_type=\"section\" data-settings=\"{&quot;stretch_section&quot;:&quot;section-stretched&quot;}\">\n\t\t\t\t\t\t<div class=\"elementor-container elementor-column-gap-default\">\n\t\t\t\t<div class=\"elementor-row\">\n\t\t\t\t<div class=\"elementor-element elementor-element-15787a3 elementor-column elementor-col-33 elementor-top-column\" data-id=\"15787a3\" data-element_type=\"column\" data-settings=\"{&quot;background_background&quot;:&quot;gradient&quot;}\">\n\t\t\t<div class=\"elementor-column-wrap  elementor-element-populated\">\n\t\t\t\t\t<div class=\"elementor-widget-wrap\">\n\t\t\t\t<div class=\"elementor-element elementor-element-cac6a21 elementor-widget elementor-widget-image\" data-id=\"cac6a21\" data-element_type=\"widget\" data-widget_type=\"image.default\">\n\t\t\t\t<div class=\"elementor-widget-container\">\n\t\t\t\t\t<div class=\"elementor-image\">\n\t\t\t\t\t\t\t\t\t\t<img width=\"640\" height=\"360\" src=\"http:\/\/denizsporkulubu.com\/wp-content\/uploads\/2020\/06\/WhatsApp-Image-2020-06-16-at-20.22.35-1024x576.jpeg\" class=\"attachment-large size-large\" alt=\"\" decoding=\"async\" loading=\"lazy\" srcset=\"http:\/\/denizsporkulubu.com\/wp-content\/uploads\/2020\/06\/WhatsApp-Image-2020-06-16-at-20.22.35-1024x576.jpeg 1024w, http:\/\/denizsporkulubu.com\/wp-content\/uploads\/2020\/06\/WhatsApp-Image-2020-06-16-at-20.22.35-300x169.jpeg 300w, http:\/\/denizsporkulubu.com\/wp-content\/uploads\/2020\/06\/WhatsApp-Image-2020-06-16-at-20.22.35-768x432.jpeg 768w, http:\/\/denizsporkulubu.com\/wp-content\/uploads\/2020\/06\/WhatsApp-Image-2020-06-16-at-20.22.35-1536x864.jpeg 1536w, http:\/\/denizsporkulubu.com\/wp-content\/uploads\/2020\/06\/WhatsApp-Image-2020-06-16-at-20.22.35.jpeg 1600w\" sizes=\"(max-width: 640px) 100vw, 640px\" \/>\t\t\t\t\t\t\t\t\t\t\t<\/div>\n\t\t\t\t<\/div>\n\t\t\t\t<\/div>\n\t\t\t\t<div class=\"elementor-element elementor-element-f2f38bb elementor-widget elementor-widget-heading\" data-id=\"f2f38bb\" data-element_type=\"widget\" data-widget_type=\"heading.default\">\n\t\t\t\t<div class=\"elementor-widget-container\">\n\t\t\t<h3 class=\"elementor-heading-title elementor-size-default\"><a href=\"?page_id=985\">Fight Club<\/a><\/h3>\t\t<\/div>\n\t\t\t\t<\/div>\n\t\t\t\t<div class=\"elementor-element elementor-element-6effa59 elementor-align-justify elementor-widget__width-initial elementor-widget elementor-widget-button\" data-id=\"6effa59\" data-element_type=\"widget\" data-widget_type=\"button.default\">\n\t\t\t\t<div class=\"elementor-widget-container\">\n\t\t\t\t\t<div class=\"elementor-button-wrapper\">\n\t\t\t<a href=\"?page_id=985\" class=\"elementor-button-link elementor-button elementor-size-sm elementor-animation-pulse\" role=\"button\">\n\t\t\t\t\t\t<span class=\"elementor-button-content-wrapper\">\n\t\t\t\t\t\t<span class=\"elementor-button-icon elementor-align-icon-left\">\n\t\t\t\t<i aria-hidden=\"true\" class=\"far fa-images\"><\/i>\t\t\t<\/span>\n\t\t\t\t\t\t<span class=\"elementor-button-text\">GALER\u0130<\/span>\n\t\t<\/span>\n\t\t\t\t\t<\/a>\n\t\t<\/div>\n\t\t\t\t<\/div>\n\t\t\t\t<\/div>\n\t\t\t\t\t\t<\/div>\n\t\t\t<\/div>\n\t\t<\/div>\n\t\t\t\t<div class=\"elementor-element elementor-element-755a798 elementor-column elementor-col-33 elementor-top-column\" data-id=\"755a798\" data-element_type=\"column\" data-settings=\"{&quot;background_background&quot;:&quot;gradient&quot;}\">\n\t\t\t<div class=\"elementor-column-wrap  elementor-element-populated\">\n\t\t\t\t\t<div class=\"elementor-widget-wrap\">\n\t\t\t\t<div class=\"elementor-element elementor-element-a11d749 elementor-widget elementor-widget-image\" data-id=\"a11d749\" data-element_type=\"widget\" data-widget_type=\"image.default\">\n\t\t\t\t<div class=\"elementor-widget-container\">\n\t\t\t\t\t<div class=\"elementor-image\">\n\t\t\t\t\t\t\t\t\t\t\t<a href=\"?page_id=1014\">\n\t\t\t\t\t\t\t<img width=\"640\" height=\"360\" src=\"http:\/\/denizsporkulubu.com\/wp-content\/uploads\/2020\/06\/WhatsApp-Image-2020-06-16-at-20.22.37-1-1024x576.jpeg\" class=\"elementor-animation-grow attachment-large size-large\" alt=\"\" decoding=\"async\" loading=\"lazy\" srcset=\"http:\/\/denizsporkulubu.com\/wp-content\/uploads\/2020\/06\/WhatsApp-Image-2020-06-16-at-20.22.37-1-1024x576.jpeg 1024w, http:\/\/denizsporkulubu.com\/wp-content\/uploads\/2020\/06\/WhatsApp-Image-2020-06-16-at-20.22.37-1-300x169.jpeg 300w, http:\/\/denizsporkulubu.com\/wp-content\/uploads\/2020\/06\/WhatsApp-Image-2020-06-16-at-20.22.37-1-768x432.jpeg 768w, http:\/\/denizsporkulubu.com\/wp-content\/uploads\/2020\/06\/WhatsApp-Image-2020-06-16-at-20.22.37-1-1536x864.jpeg 1536w, http:\/\/denizsporkulubu.com\/wp-content\/uploads\/2020\/06\/WhatsApp-Image-2020-06-16-at-20.22.37-1.jpeg 1600w\" sizes=\"(max-width: 640px) 100vw, 640px\" \/>\t\t\t\t\t\t\t\t<\/a>\n\t\t\t\t\t\t\t\t\t\t\t<\/div>\n\t\t\t\t<\/div>\n\t\t\t\t<\/div>\n\t\t\t\t<div class=\"elementor-element elementor-element-481a493 elementor-widget elementor-widget-heading\" data-id=\"481a493\" data-element_type=\"widget\" data-widget_type=\"heading.default\">\n\t\t\t\t<div class=\"elementor-widget-container\">\n\t\t\t<h3 class=\"elementor-heading-title elementor-size-default\"><a href=\"?page_id=1014\">Fitness Salonu<\/a><\/h3>\t\t<\/div>\n\t\t\t\t<\/div>\n\t\t\t\t<div class=\"elementor-element elementor-element-1358ae4 elementor-align-justify elementor-widget__width-initial elementor-widget elementor-widget-button\" data-id=\"1358ae4\" data-element_type=\"widget\" data-widget_type=\"button.default\">\n\t\t\t\t<div class=\"elementor-widget-container\">\n\t\t\t\t\t<div class=\"elementor-button-wrapper\">\n\t\t\t<a href=\"?page_id=1014\" class=\"elementor-button-link elementor-button elementor-size-sm elementor-animation-pulse\" role=\"button\">\n\t\t\t\t\t\t<span class=\"elementor-button-content-wrapper\">\n\t\t\t\t\t\t<span class=\"elementor-button-icon elementor-align-icon-left\">\n\t\t\t\t<i aria-hidden=\"true\" class=\"far fa-images\"><\/i>\t\t\t<\/span>\n\t\t\t\t\t\t<span class=\"elementor-button-text\">GALER\u0130<\/span>\n\t\t<\/span>\n\t\t\t\t\t<\/a>\n\t\t<\/div>\n\t\t\t\t<\/div>\n\t\t\t\t<\/div>\n\t\t\t\t\t\t<\/div>\n\t\t\t<\/div>\n\t\t<\/div>\n\t\t\t\t<div class=\"elementor-element elementor-element-4d03411 elementor-column elementor-col-33 elementor-top-column\" data-id=\"4d03411\" data-element_type=\"column\" data-settings=\"{&quot;background_background&quot;:&quot;gradient&quot;}\">\n\t\t\t<div class=\"elementor-column-wrap  elementor-element-populated\">\n\t\t\t\t\t<div class=\"elementor-widget-wrap\">\n\t\t\t\t<div class=\"elementor-element elementor-element-25dffc3 elementor-widget elementor-widget-image\" data-id=\"25dffc3\" data-element_type=\"widget\" data-widget_type=\"image.default\">\n\t\t\t\t<div class=\"elementor-widget-container\">\n\t\t\t\t\t<div class=\"elementor-image\">\n\t\t\t\t\t\t\t\t\t\t\t<a href=\"?page_id=1022\">\n\t\t\t\t\t\t\t<img width=\"640\" height=\"360\" src=\"http:\/\/denizsporkulubu.com\/wp-content\/uploads\/2020\/06\/WhatsApp-Image-2020-06-16-at-20.22.39-1024x576.jpeg\" class=\"elementor-animation-grow attachment-large size-large\" alt=\"\" decoding=\"async\" loading=\"lazy\" srcset=\"http:\/\/denizsporkulubu.com\/wp-content\/uploads\/2020\/06\/WhatsApp-Image-2020-06-16-at-20.22.39-1024x576.jpeg 1024w, http:\/\/denizsporkulubu.com\/wp-content\/uploads\/2020\/06\/WhatsApp-Image-2020-06-16-at-20.22.39-300x169.jpeg 300w, http:\/\/denizsporkulubu.com\/wp-content\/uploads\/2020\/06\/WhatsApp-Image-2020-06-16-at-20.22.39-768x432.jpeg 768w, http:\/\/denizsporkulubu.com\/wp-content\/uploads\/2020\/06\/WhatsApp-Image-2020-06-16-at-20.22.39-1536x864.jpeg 1536w, http:\/\/denizsporkulubu.com\/wp-content\/uploads\/2020\/06\/WhatsApp-Image-2020-06-16-at-20.22.39.jpeg 1600w\" sizes=\"(max-width: 640px) 100vw, 640px\" \/>\t\t\t\t\t\t\t\t<\/a>\n\t\t\t\t\t\t\t\t\t\t\t<\/div>\n\t\t\t\t<\/div>\n\t\t\t\t<\/div>\n\t\t\t\t<div class=\"elementor-element elementor-element-1ff5d0e elementor-widget elementor-widget-heading\" data-id=\"1ff5d0e\" data-element_type=\"widget\" data-widget_type=\"heading.default\">\n\t\t\t\t<div class=\"elementor-widget-container\">\n\t\t\t<h3 class=\"elementor-heading-title elementor-size-default\"><a href=\"?page_id=1022\">Reformer Studio 1<\/a><\/h3>\t\t<\/div>\n\t\t\t\t<\/div>\n\t\t\t\t<div class=\"elementor-element elementor-element-057f396 elementor-align-justify elementor-widget__width-initial elementor-widget elementor-widget-button\" data-id=\"057f396\" data-element_type=\"widget\" data-widget_type=\"button.default\">\n\t\t\t\t<div class=\"elementor-widget-container\">\n\t\t\t\t\t<div class=\"elementor-button-wrapper\">\n\t\t\t<a href=\"?page_id=1022\" class=\"elementor-button-link elementor-button elementor-size-sm elementor-animation-pulse\" role=\"button\">\n\t\t\t\t\t\t<span class=\"elementor-button-content-wrapper\">\n\t\t\t\t\t\t<span class=\"elementor-button-icon elementor-align-icon-left\">\n\t\t\t\t<i aria-hidden=\"true\" class=\"far fa-images\"><\/i>\t\t\t<\/span>\n\t\t\t\t\t\t<span class=\"elementor-button-text\">GALER\u0130<\/span>\n\t\t<\/span>\n\t\t\t\t\t<\/a>\n\t\t<\/div>\n\t\t\t\t<\/div>\n\t\t\t\t<\/div>\n\t\t\t\t\t\t<\/div>\n\t\t\t<\/div>\n\t\t<\/div>\n\t\t\t\t\t\t<\/div>\n\t\t\t<\/div>\n\t\t<\/section>\n\t\t\t\t\t\t<\/div>\n\t\t\t<\/div>\n\t\t<\/div>\n\t\t","protected":false},"excerpt":{"rendered":"<p>Fight Club GALER\u0130 Fitness Salonu GALER\u0130 Reformer Studio 1 GALER\u0130<\/p>\n","protected":false},"author":1,"featured_media":14,"parent":0,"menu_order":0,"comment_status":"closed","ping_status":"closed","template":"elementor_header_footer","meta":[],"yoast_head":"<!-- This site is optimized with the Yoast SEO plugin v19.9 - https:\/\/yoast.com\/wordpress\/plugins\/seo\/ -->\n<title>S\u0131n\u0131flar\u0131m\u0131z -<\/title>\n<meta name=\"robots\" content=\"index, follow, max-snippet:-1, max-image-preview:large, max-video-preview:-1\" \/>\n<link rel=\"canonical\" href=\"https:\/\/denizsporkulubu.com\/?page_id=722\" \/>\n<meta property=\"og:locale\" content=\"tr_TR\" \/>\n<meta property=\"og:type\" content=\"article\" \/>\n<meta property=\"og:title\" content=\"S\u0131n\u0131flar\u0131m\u0131z -\" \/>\n<meta property=\"og:description\" content=\"Fight Club GALER\u0130 Fitness Salonu GALER\u0130 Reformer Studio 1 GALER\u0130\" \/>\n<meta property=\"og:url\" content=\"https:\/\/denizsporkulubu.com\/?page_id=722\" \/>\n<meta property=\"article:modified_time\" content=\"2020-06-16T17:37:49+00:00\" \/>\n<meta property=\"og:image\" content=\"https:\/\/denizsporkulubu.com\/wp-content\/uploads\/2020\/05\/Denizsk_slider_dis.png\" \/>\n\t<meta property=\"og:image:width\" content=\"630\" \/>\n\t<meta property=\"og:image:height\" content=\"300\" \/>\n\t<meta property=\"og:image:type\" content=\"image\/png\" \/>\n<meta name=\"twitter:card\" content=\"summary_large_image\" \/>\n<script type=\"application\/ld+json\" class=\"yoast-schema-graph\">{\"@context\":\"https:\/\/schema.org\",\"@graph\":[{\"@type\":\"WebPage\",\"@id\":\"https:\/\/denizsporkulubu.com\/?page_id=722\",\"url\":\"https:\/\/denizsporkulubu.com\/?page_id=722\",\"name\":\"S\u0131n\u0131flar\u0131m\u0131z -\",\"isPartOf\":{\"@id\":\"http:\/\/denizsporkulubu.com\/#website\"},\"datePublished\":\"2020-05-20T22:39:30+00:00\",\"dateModified\":\"2020-06-16T17:37:49+00:00\",\"breadcrumb\":{\"@id\":\"https:\/\/denizsporkulubu.com\/?page_id=722#breadcrumb\"},\"inLanguage\":\"tr\",\"potentialAction\":[{\"@type\":\"ReadAction\",\"target\":[\"https:\/\/denizsporkulubu.com\/?page_id=722\"]}]},{\"@type\":\"BreadcrumbList\",\"@id\":\"https:\/\/denizsporkulubu.com\/?page_id=722#breadcrumb\",\"itemListElement\":[{\"@type\":\"ListItem\",\"position\":1,\"name\":\"Anasayfa\",\"item\":\"http:\/\/denizsporkulubu.com\/\"},{\"@type\":\"ListItem\",\"position\":2,\"name\":\"S\u0131n\u0131flar\u0131m\u0131z\"}]},{\"@type\":\"WebSite\",\"@id\":\"http:\/\/denizsporkulubu.com\/#website\",\"url\":\"http:\/\/denizsporkulubu.com\/\",\"name\":\"\",\"description\":\"G\u00dc\u00c7L\u00dc B\u0130R BA\u011eI\u015eIKLIK S\u0130STEM\u0130 \u0130\u00c7\u0130N SPOR YAPIN\",\"potentialAction\":[{\"@type\":\"SearchAction\",\"target\":{\"@type\":\"EntryPoint\",\"urlTemplate\":\"http:\/\/denizsporkulubu.com\/?s={search_term_string}\"},\"query-input\":\"required name=search_term_string\"}],\"inLanguage\":\"tr\"}]}<\/script>\n<!-- \/ Yoast SEO plugin. -->","yoast_head_json":{"title":"S\u0131n\u0131flar\u0131m\u0131z -","robots":{"index":"index","follow":"follow","max-snippet":"max-snippet:-1","max-image-preview":"max-image-preview:large","max-video-preview":"max-video-preview:-1"},"canonical":"https:\/\/denizsporkulubu.com\/?page_id=722","og_locale":"tr_TR","og_type":"article","og_title":"S\u0131n\u0131flar\u0131m\u0131z -","og_description":"Fight Club GALER\u0130 Fitness Salonu GALER\u0130 Reformer Studio 1 GALER\u0130","og_url":"https:\/\/denizsporkulubu.com\/?page_id=722","article_modified_time":"2020-06-16T17:37:49+00:00","og_image":[{"width":630,"height":300,"url":"https:\/\/denizsporkulubu.com\/wp-content\/uploads\/2020\/05\/Denizsk_slider_dis.png","type":"image\/png"}],"twitter_card":"summary_large_image","schema":{"@context":"https:\/\/schema.org","@graph":[{"@type":"WebPage","@id":"https:\/\/denizsporkulubu.com\/?page_id=722","url":"https:\/\/denizsporkulubu.com\/?page_id=722","name":"S\u0131n\u0131flar\u0131m\u0131z -","isPartOf":{"@id":"http:\/\/denizsporkulubu.com\/#website"},"datePublished":"2020-05-20T22:39:30+00:00","dateModified":"2020-06-16T17:37:49+00:00","breadcrumb":{"@id":"https:\/\/denizsporkulubu.com\/?page_id=722#breadcrumb"},"inLanguage":"tr","potentialAction":[{"@type":"ReadAction","target":["https:\/\/denizsporkulubu.com\/?page_id=722"]}]},{"@type":"BreadcrumbList","@id":"https:\/\/denizsporkulubu.com\/?page_id=722#breadcrumb","itemListElement":[{"@type":"ListItem","position":1,"name":"Anasayfa","item":"http:\/\/denizsporkulubu.com\/"},{"@type":"ListItem","position":2,"name":"S\u0131n\u0131flar\u0131m\u0131z"}]},{"@type":"WebSite","@id":"http:\/\/denizsporkulubu.com\/#website","url":"http:\/\/denizsporkulubu.com\/","name":"","description":"G\u00dc\u00c7L\u00dc B\u0130R BA\u011eI\u015eIKLIK S\u0130STEM\u0130 \u0130\u00c7\u0130N SPOR YAPIN","potentialAction":[{"@type":"SearchAction","target":{"@type":"EntryPoint","urlTemplate":"http:\/\/denizsporkulubu.com\/?s={search_term_string}"},"query-input":"required name=search_term_string"}],"inLanguage":"tr"}]}},"_links":{"self":[{"href":"http:\/\/denizsporkulubu.com\/index.php?rest_route=\/wp\/v2\/pages\/722"}],"collection":[{"href":"http:\/\/denizsporkulubu.com\/index.php?rest_route=\/wp\/v2\/pages"}],"about":[{"href":"http:\/\/denizsporkulubu.com\/index.php?rest_route=\/wp\/v2\/types\/page"}],"author":[{"embeddable":true,"href":"http:\/\/denizsporkulubu.com\/index.php?rest_route=\/wp\/v2\/users\/1"}],"replies":[{"embeddable":true,"href":"http:\/\/denizsporkulubu.com\/index.php?rest_route=%2Fwp%2Fv2%2Fcomments&post=722"}],"version-history":[{"count":21,"href":"http:\/\/denizsporkulubu.com\/index.php?rest_route=\/wp\/v2\/pages\/722\/revisions"}],"predecessor-version":[{"id":1265,"href":"http:\/\/denizsporkulubu.com\/index.php?rest_route=\/wp\/v2\/pages\/722\/revisions\/1265"}],"wp:featuredmedia":[{"embeddable":true,"href":"http:\/\/denizsporkulubu.com\/index.php?rest_route=\/wp\/v2\/media\/14"}],"wp:attachment":[{"href":"http:\/\/denizsporkulubu.com\/index.php?rest_route=%2Fwp%2Fv2%2Fmedia&parent=722"}],"curies":[{"name":"wp","href":"https:\/\/api.w.org\/{rel}","templated":true}]}}