{"id":703,"date":"2020-05-17T23:24:20","date_gmt":"2020-05-17T21:24:20","guid":{"rendered":"http:\/\/denizsporkulubu.com\/wp\/?page_id=703"},"modified":"2020-06-09T19:46:55","modified_gmt":"2020-06-09T17:46:55","slug":"elementor-703","status":"publish","type":"page","link":"http:\/\/denizsporkulubu.com\/?page_id=703","title":{"rendered":"Bran\u015flar\u0131m\u0131z"},"content":{"rendered":"<h2>BRAN\u015eLARIMIZ<\/h2>\n<p><a href=\"?page_id=636\"><br \/>\n<img decoding=\"async\" loading=\"lazy\" width=\"150\" height=\"150\" src=\"http:\/\/denizsporkulubu.com\/wp-content\/uploads\/2020\/05\/kick-boks-ankara-768x566-1-e1589725644624-150x150.jpg\" alt=\"\" srcset=\"http:\/\/denizsporkulubu.com\/wp-content\/uploads\/2020\/05\/kick-boks-ankara-768x566-1-e1589725644624-150x150.jpg 150w, http:\/\/denizsporkulubu.com\/wp-content\/uploads\/2020\/05\/kick-boks-ankara-768x566-1-e1589725644624-300x300.jpg 300w, http:\/\/denizsporkulubu.com\/wp-content\/uploads\/2020\/05\/kick-boks-ankara-768x566-1-e1589725644624.jpg 568w\" sizes=\"(max-width: 150px) 100vw, 150px\">\t\t\t\t\t\t\t\t<\/a><\/p>\n<h3><a href=\"?page_id=636\">KICKBOKS<\/a><\/h3>\n<p>Kick Boks tarihsel olarak Karate, Thai Boks (Tayland Boksu) ve bat\u0131 boksu sporlar\u0131ndan geli\u015ftirilmi\u015f, genellikle kendini savunma amac\u0131yla, tekme ve yumru\u011fa dayal\u0131 ayakta yap\u0131lan bir d\u00f6v\u00fc\u015f sporudur.&nbsp;<\/p>\n<p><a href=\"?page_id=636\" role=\"button\"><br \/>\nDETAYLAR<br \/>\n<\/a><br \/>\n<a href=\"?page_id=650\"><br \/>\n<img decoding=\"async\" loading=\"lazy\" width=\"150\" height=\"150\" src=\"http:\/\/denizsporkulubu.com\/wp-content\/uploads\/2020\/05\/boks-ankara-150x150.jpg\" alt=\"\">\t\t\t\t\t\t\t\t<\/a><\/p>\n<h3><a href=\"?page_id=650\">BOKS<\/a><\/h3>\n<p>Boks, iki ki\u015finin boks hakemi g\u00f6zetiminde kar\u015f\u0131l\u0131kl\u0131 yumrukla\u015farak; her kafaya vurduklar\u0131nda tek puan toplad\u0131klar\u0131 spor m\u00fcsabakas\u0131d\u0131r.&nbsp;Belden a\u015fa\u011f\u0131ya ve enseye vurmak, sporcunun kendi\u2026<\/p>\n<p><a href=\"?page_id=650\" role=\"button\"><br \/>\nDETAYLAR<br \/>\n<\/a><br \/>\n<a href=\"?page_id=654\"><br \/>\n<img decoding=\"async\" loading=\"lazy\" width=\"150\" height=\"150\" src=\"http:\/\/denizsporkulubu.com\/wp-content\/uploads\/2020\/05\/mma-150x150.png\" alt=\"\">\t\t\t\t\t\t\t\t<\/a><\/p>\n<h3><a href=\"?page_id=654\">MMA<\/a><\/h3>\n<p>Mixed MartialArts (MMA) yani \u201ckarma d\u00f6v\u00fc\u015f sanatlar\u0131\u201d organizasyonlarda ve di\u011fer m\u00fccadele sporlar\u0131nda kullan\u0131lan ve \u00e7ok geni\u015f m\u00fccadele teknikleri i\u00e7eren, tam temas m\u00fccadele sporudur.<\/p>\n<p><a href=\"?page_id=654\" role=\"button\"><br \/>\nDETAYLAR<br \/>\n<\/a><br \/>\n<img decoding=\"async\" loading=\"lazy\" width=\"150\" height=\"150\" src=\"http:\/\/denizsporkulubu.com\/wp-content\/uploads\/2020\/05\/wingchun-ankara-150x150-1.jpg\" alt=\"\"><\/p>\n<h3>W\u0130NGTZUN (WINGCHUN)<\/h3>\n<p>WingChun&nbsp;WingTsun,&nbsp;WingTzun,&nbsp;VingTsun&nbsp;ya da&nbsp;WingTsung&nbsp;G\u00fcney&nbsp;\u00c7in&nbsp;k\u00f6kenli bir d\u00f6v\u00fc\u015f sanat\u0131.&nbsp;WingTsun kavram\u0131, sanat\u0131n g\u00fcn\u00fcm\u00fcz\u2026&nbsp;<\/p>\n<p><a role=\"button\"><br \/>\nDETAYLAR<br \/>\n<\/a><br \/>\n<img decoding=\"async\" loading=\"lazy\" width=\"150\" height=\"150\" src=\"http:\/\/denizsporkulubu.com\/wp-content\/uploads\/2020\/05\/taekwando-ankara-150x150-1.jpg\" alt=\"\"><\/p>\n<h3>TAEKWANDO<\/h3>\n<p>Taekwondo,&nbsp;McCune-Reischauer: T\u2019aekw\u014fndo), \u00e7\u0131plak el ve ayakla yap\u0131lan, Kore k\u00f6kenli bir uzak do\u011fu savunma sanat\u0131 ve sporudur<\/p>\n<p><a role=\"button\"><br \/>\nDETAYLAR<br \/>\n<\/a><br \/>\n<a href=\"?page_id=675\"><br \/>\n<img decoding=\"async\" loading=\"lazy\" width=\"150\" height=\"150\" src=\"http:\/\/denizsporkulubu.com\/wp-content\/uploads\/2020\/05\/Muay-Thai-630x300-1-150x150.jpg\" alt=\"\">\t\t\t\t\t\t\t\t<\/a><\/p>\n<h3><a href=\"?page_id=675\">MUAYTHA\u0130<\/a><\/h3>\n<p>Muay Boran (Silahl\u0131 savunma sanat\u0131), Yar\u0131\u015fma ring sporu (Muaythai), Dansl\u0131 aerobik fitnes (Muay Aerobik) gibi, MuayThai g\u00fcn\u00fcm\u00fczde d\u00fcnayda pop\u00fcler olarak en yayg\u0131n olan ring sporlar\u0131ndand\u0131r.<\/p>\n<p><a href=\"?page_id=675\" role=\"button\"><br \/>\nDETAYLAR<br \/>\n<\/a><br \/>\n<a href=\"?page_id=657\"><br \/>\n<img decoding=\"async\" loading=\"lazy\" width=\"150\" height=\"150\" src=\"http:\/\/denizsporkulubu.com\/wp-content\/uploads\/2020\/05\/pilates-400-150x150.jpg\" alt=\"\">\t\t\t\t\t\t\t\t<\/a><\/p>\n<h3><a href=\"?page_id=657\">P\u0130LATES<\/a><\/h3>\n<p>Pilates Metodu veya Pilates yirminci y\u00fczy\u0131l\u0131n ba\u015flar\u0131nda Joseph Hubert Pilates (1880-1967) taraf\u0131ndan geli\u015ftirilmi\u015f fiziksel fitness sistemi.&nbsp;&nbsp;<\/p>\n<p><a href=\"?page_id=657\" role=\"button\"><br \/>\nDETAYLAR<br \/>\n<\/a><br \/>\n<a href=\"?page_id=670\"><br \/>\n<img decoding=\"async\" loading=\"lazy\" width=\"150\" height=\"150\" src=\"http:\/\/denizsporkulubu.com\/wp-content\/uploads\/2020\/05\/reformer-500-150x150.jpg\" alt=\"\" srcset=\"http:\/\/denizsporkulubu.com\/wp-content\/uploads\/2020\/05\/reformer-500-150x150.jpg 150w, http:\/\/denizsporkulubu.com\/wp-content\/uploads\/2020\/05\/reformer-500-300x300.jpg 300w, http:\/\/denizsporkulubu.com\/wp-content\/uploads\/2020\/05\/reformer-500.jpg 495w\" sizes=\"(max-width: 150px) 100vw, 150px\">\t\t\t\t\t\t\t\t<\/a><\/p>\n<h3><a href=\"?page_id=670\">REFORMER (Aletli Pilates)<\/a><\/h3>\n<p>Aletli Pilates de ama\u00e7 g\u00fc\u00e7 kazanmak, denge merkezini post\u00fcr bozukluklar\u0131n\u0131 d\u00fczeltmek v\u00fccudu kendi s\u0131n\u0131rlar\u0131 i\u00e7inde do\u011fru \u015fekilde esnetmek, ve t\u00fcm bunlar esnas\u0131nda do\u011fru nefes\u2026&nbsp;<\/p>\n<p><a href=\"?page_id=670\" role=\"button\"><br \/>\nDETAYLAR<br \/>\n<\/a><br \/>\n<img decoding=\"async\" loading=\"lazy\" width=\"150\" height=\"150\" src=\"http:\/\/denizsporkulubu.com\/wp-content\/uploads\/2020\/05\/zumba-400-150x150.jpg\" alt=\"\"><\/p>\n<h3>ZUMBA<\/h3>\n<p>Zumba bilinen tan\u0131m\u0131yla \u00e7e\u015fitli latin danslar\u0131ndan esinlenerek olu\u015fturulan koreografilerin fitness ve dans egzersizine d\u00f6n\u00fc\u015fmesiyle ortaya \u00e7\u0131kan fitness egzersizidir.<\/p>\n<p><a role=\"button\"><br \/>\nDETAYLAR<br \/>\n<\/a><\/p>\n","protected":false},"excerpt":{"rendered":"<p>BRAN\u015eLARIMIZ KICKBOKS Kick Boks tarihsel olarak Karate, Thai Boks (Tayland Boksu) ve bat\u0131 boksu sporlar\u0131ndan geli\u015ftirilmi\u015f, genellikle kendini savunma amac\u0131yla, tekme ve yumru\u011fa dayal\u0131 ayakta yap\u0131lan bir d\u00f6v\u00fc\u015f sporudur.&nbsp; DETAYLAR BOKS Boks, iki ki\u015finin boks hakemi g\u00f6zetiminde kar\u015f\u0131l\u0131kl\u0131 yumrukla\u015farak; her kafaya vurduklar\u0131nda tek puan toplad\u0131klar\u0131 spor m\u00fcsabakas\u0131d\u0131r.&nbsp;Belden a\u015fa\u011f\u0131ya ve enseye vurmak, sporcunun kendi\u2026 DETAYLAR MMA&hellip;<\/p>\n","protected":false},"author":1,"featured_media":14,"parent":0,"menu_order":0,"comment_status":"closed","ping_status":"closed","template":"elementor_header_footer","meta":[],"yoast_head":"<!-- This site is optimized with the Yoast SEO plugin v19.9 - https:\/\/yoast.com\/wordpress\/plugins\/seo\/ -->\n<title>Bran\u015flar\u0131m\u0131z -<\/title>\n<meta name=\"robots\" content=\"index, follow, max-snippet:-1, max-image-preview:large, max-video-preview:-1\" \/>\n<link rel=\"canonical\" href=\"http:\/\/denizsporkulubu.com\/?page_id=703\" \/>\n<meta property=\"og:locale\" content=\"tr_TR\" \/>\n<meta property=\"og:type\" content=\"article\" \/>\n<meta property=\"og:title\" content=\"Bran\u015flar\u0131m\u0131z -\" \/>\n<meta property=\"og:description\" content=\"BRAN\u015eLARIMIZ KICKBOKS Kick Boks tarihsel olarak Karate, Thai Boks (Tayland Boksu) ve bat\u0131 boksu sporlar\u0131ndan geli\u015ftirilmi\u015f, genellikle kendini savunma amac\u0131yla, tekme ve yumru\u011fa dayal\u0131 ayakta yap\u0131lan bir d\u00f6v\u00fc\u015f sporudur.&nbsp; DETAYLAR BOKS Boks, iki ki\u015finin boks hakemi g\u00f6zetiminde kar\u015f\u0131l\u0131kl\u0131 yumrukla\u015farak; her kafaya vurduklar\u0131nda tek puan toplad\u0131klar\u0131 spor m\u00fcsabakas\u0131d\u0131r.&nbsp;Belden a\u015fa\u011f\u0131ya ve enseye vurmak, sporcunun kendi\u2026 DETAYLAR MMA&hellip;\" \/>\n<meta property=\"og:url\" content=\"http:\/\/denizsporkulubu.com\/?page_id=703\" \/>\n<meta property=\"article:modified_time\" content=\"2020-06-09T17:46:55+00:00\" \/>\n<meta property=\"og:image\" content=\"http:\/\/denizsporkulubu.com\/wp-content\/uploads\/2020\/05\/Denizsk_slider_dis.png\" \/>\n\t<meta property=\"og:image:width\" content=\"630\" \/>\n\t<meta property=\"og:image:height\" content=\"300\" \/>\n\t<meta property=\"og:image:type\" content=\"image\/png\" \/>\n<meta name=\"twitter:card\" content=\"summary_large_image\" \/>\n<meta name=\"twitter:label1\" content=\"Tahmini okuma s\u00fcresi\" \/>\n\t<meta name=\"twitter:data1\" content=\"2 dakika\" \/>\n<script type=\"application\/ld+json\" class=\"yoast-schema-graph\">{\"@context\":\"https:\/\/schema.org\",\"@graph\":[{\"@type\":\"WebPage\",\"@id\":\"http:\/\/denizsporkulubu.com\/?page_id=703\",\"url\":\"http:\/\/denizsporkulubu.com\/?page_id=703\",\"name\":\"Bran\u015flar\u0131m\u0131z -\",\"isPartOf\":{\"@id\":\"http:\/\/denizsporkulubu.com\/#website\"},\"datePublished\":\"2020-05-17T21:24:20+00:00\",\"dateModified\":\"2020-06-09T17:46:55+00:00\",\"breadcrumb\":{\"@id\":\"http:\/\/denizsporkulubu.com\/?page_id=703#breadcrumb\"},\"inLanguage\":\"tr\",\"potentialAction\":[{\"@type\":\"ReadAction\",\"target\":[\"http:\/\/denizsporkulubu.com\/?page_id=703\"]}]},{\"@type\":\"BreadcrumbList\",\"@id\":\"http:\/\/denizsporkulubu.com\/?page_id=703#breadcrumb\",\"itemListElement\":[{\"@type\":\"ListItem\",\"position\":1,\"name\":\"Anasayfa\",\"item\":\"http:\/\/denizsporkulubu.com\/\"},{\"@type\":\"ListItem\",\"position\":2,\"name\":\"Bran\u015flar\u0131m\u0131z\"}]},{\"@type\":\"WebSite\",\"@id\":\"http:\/\/denizsporkulubu.com\/#website\",\"url\":\"http:\/\/denizsporkulubu.com\/\",\"name\":\"\",\"description\":\"G\u00dc\u00c7L\u00dc B\u0130R BA\u011eI\u015eIKLIK S\u0130STEM\u0130 \u0130\u00c7\u0130N SPOR YAPIN\",\"potentialAction\":[{\"@type\":\"SearchAction\",\"target\":{\"@type\":\"EntryPoint\",\"urlTemplate\":\"http:\/\/denizsporkulubu.com\/?s={search_term_string}\"},\"query-input\":\"required name=search_term_string\"}],\"inLanguage\":\"tr\"}]}<\/script>\n<!-- \/ Yoast SEO plugin. -->","yoast_head_json":{"title":"Bran\u015flar\u0131m\u0131z -","robots":{"index":"index","follow":"follow","max-snippet":"max-snippet:-1","max-image-preview":"max-image-preview:large","max-video-preview":"max-video-preview:-1"},"canonical":"http:\/\/denizsporkulubu.com\/?page_id=703","og_locale":"tr_TR","og_type":"article","og_title":"Bran\u015flar\u0131m\u0131z -","og_description":"BRAN\u015eLARIMIZ KICKBOKS Kick Boks tarihsel olarak Karate, Thai Boks (Tayland Boksu) ve bat\u0131 boksu sporlar\u0131ndan geli\u015ftirilmi\u015f, genellikle kendini savunma amac\u0131yla, tekme ve yumru\u011fa dayal\u0131 ayakta yap\u0131lan bir d\u00f6v\u00fc\u015f sporudur.&nbsp; DETAYLAR BOKS Boks, iki ki\u015finin boks hakemi g\u00f6zetiminde kar\u015f\u0131l\u0131kl\u0131 yumrukla\u015farak; her kafaya vurduklar\u0131nda tek puan toplad\u0131klar\u0131 spor m\u00fcsabakas\u0131d\u0131r.&nbsp;Belden a\u015fa\u011f\u0131ya ve enseye vurmak, sporcunun kendi\u2026 DETAYLAR MMA&hellip;","og_url":"http:\/\/denizsporkulubu.com\/?page_id=703","article_modified_time":"2020-06-09T17:46:55+00:00","og_image":[{"width":630,"height":300,"url":"http:\/\/denizsporkulubu.com\/wp-content\/uploads\/2020\/05\/Denizsk_slider_dis.png","type":"image\/png"}],"twitter_card":"summary_large_image","twitter_misc":{"Tahmini okuma s\u00fcresi":"2 dakika"},"schema":{"@context":"https:\/\/schema.org","@graph":[{"@type":"WebPage","@id":"http:\/\/denizsporkulubu.com\/?page_id=703","url":"http:\/\/denizsporkulubu.com\/?page_id=703","name":"Bran\u015flar\u0131m\u0131z -","isPartOf":{"@id":"http:\/\/denizsporkulubu.com\/#website"},"datePublished":"2020-05-17T21:24:20+00:00","dateModified":"2020-06-09T17:46:55+00:00","breadcrumb":{"@id":"http:\/\/denizsporkulubu.com\/?page_id=703#breadcrumb"},"inLanguage":"tr","potentialAction":[{"@type":"ReadAction","target":["http:\/\/denizsporkulubu.com\/?page_id=703"]}]},{"@type":"BreadcrumbList","@id":"http:\/\/denizsporkulubu.com\/?page_id=703#breadcrumb","itemListElement":[{"@type":"ListItem","position":1,"name":"Anasayfa","item":"http:\/\/denizsporkulubu.com\/"},{"@type":"ListItem","position":2,"name":"Bran\u015flar\u0131m\u0131z"}]},{"@type":"WebSite","@id":"http:\/\/denizsporkulubu.com\/#website","url":"http:\/\/denizsporkulubu.com\/","name":"","description":"G\u00dc\u00c7L\u00dc B\u0130R BA\u011eI\u015eIKLIK S\u0130STEM\u0130 \u0130\u00c7\u0130N SPOR YAPIN","potentialAction":[{"@type":"SearchAction","target":{"@type":"EntryPoint","urlTemplate":"http:\/\/denizsporkulubu.com\/?s={search_term_string}"},"query-input":"required name=search_term_string"}],"inLanguage":"tr"}]}},"_links":{"self":[{"href":"http:\/\/denizsporkulubu.com\/index.php?rest_route=\/wp\/v2\/pages\/703"}],"collection":[{"href":"http:\/\/denizsporkulubu.com\/index.php?rest_route=\/wp\/v2\/pages"}],"about":[{"href":"http:\/\/denizsporkulubu.com\/index.php?rest_route=\/wp\/v2\/types\/page"}],"author":[{"embeddable":true,"href":"http:\/\/denizsporkulubu.com\/index.php?rest_route=\/wp\/v2\/users\/1"}],"replies":[{"embeddable":true,"href":"http:\/\/denizsporkulubu.com\/index.php?rest_route=%2Fwp%2Fv2%2Fcomments&post=703"}],"version-history":[{"count":30,"href":"http:\/\/denizsporkulubu.com\/index.php?rest_route=\/wp\/v2\/pages\/703\/revisions"}],"predecessor-version":[{"id":1178,"href":"http:\/\/denizsporkulubu.com\/index.php?rest_route=\/wp\/v2\/pages\/703\/revisions\/1178"}],"wp:featuredmedia":[{"embeddable":true,"href":"http:\/\/denizsporkulubu.com\/index.php?rest_route=\/wp\/v2\/media\/14"}],"wp:attachment":[{"href":"http:\/\/denizsporkulubu.com\/index.php?rest_route=%2Fwp%2Fv2%2Fmedia&parent=703"}],"curies":[{"name":"wp","href":"https:\/\/api.w.org\/{rel}","templated":true}]}}