{"id":682,"date":"2020-05-17T21:46:10","date_gmt":"2020-05-17T19:46:10","guid":{"rendered":"http:\/\/denizsporkulubu.com\/wp\/?page_id=682"},"modified":"2020-05-21T12:16:40","modified_gmt":"2020-05-21T10:16:40","slug":"antrenorler","status":"publish","type":"page","link":"http:\/\/denizsporkulubu.com\/?page_id=682","title":{"rendered":"Antren\u00f6rler"},"content":{"rendered":"\n<p>Salonumuz b\u00fcnyesinde kendi dallar\u0131nda profesyonelle\u015fmi\u015f, \u00e7al\u0131\u015fmalarda  ve e\u011fitimde kendi y\u00f6ntemleri ile dikkat \u00e7ekmi\u015f personellerimizle sizlere yard\u0131m\u0131 olmay\u0131 ilke edinmi\u015flerdir.<\/p>\n","protected":false},"excerpt":{"rendered":"<p>Salonumuz b\u00fcnyesinde kendi dallar\u0131nda profesyonelle\u015fmi\u015f, \u00e7al\u0131\u015fmalarda ve e\u011fitimde kendi y\u00f6ntemleri ile dikkat \u00e7ekmi\u015f personellerimizle sizlere yard\u0131m\u0131 olmay\u0131 ilke edinmi\u015flerdir.<\/p>\n","protected":false},"author":1,"featured_media":0,"parent":0,"menu_order":0,"comment_status":"closed","ping_status":"closed","template":"","meta":[],"yoast_head":"<!-- This site is optimized with the Yoast SEO plugin v19.9 - https:\/\/yoast.com\/wordpress\/plugins\/seo\/ -->\n<title>Antren\u00f6rler -<\/title>\n<meta name=\"robots\" content=\"index, follow, max-snippet:-1, max-image-preview:large, max-video-preview:-1\" \/>\n<link rel=\"canonical\" href=\"https:\/\/denizsporkulubu.com\/?page_id=682\" \/>\n<meta property=\"og:locale\" content=\"tr_TR\" \/>\n<meta property=\"og:type\" content=\"article\" \/>\n<meta property=\"og:title\" content=\"Antren\u00f6rler -\" \/>\n<meta property=\"og:description\" content=\"Salonumuz b\u00fcnyesinde kendi dallar\u0131nda profesyonelle\u015fmi\u015f, \u00e7al\u0131\u015fmalarda ve e\u011fitimde kendi y\u00f6ntemleri ile dikkat \u00e7ekmi\u015f personellerimizle sizlere yard\u0131m\u0131 olmay\u0131 ilke edinmi\u015flerdir.\" \/>\n<meta property=\"og:url\" content=\"https:\/\/denizsporkulubu.com\/?page_id=682\" \/>\n<meta property=\"article:modified_time\" content=\"2020-05-21T10:16:40+00:00\" \/>\n<meta name=\"twitter:card\" content=\"summary_large_image\" \/>\n<script type=\"application\/ld+json\" class=\"yoast-schema-graph\">{\"@context\":\"https:\/\/schema.org\",\"@graph\":[{\"@type\":\"WebPage\",\"@id\":\"https:\/\/denizsporkulubu.com\/?page_id=682\",\"url\":\"https:\/\/denizsporkulubu.com\/?page_id=682\",\"name\":\"Antren\u00f6rler -\",\"isPartOf\":{\"@id\":\"http:\/\/denizsporkulubu.com\/#website\"},\"datePublished\":\"2020-05-17T19:46:10+00:00\",\"dateModified\":\"2020-05-21T10:16:40+00:00\",\"breadcrumb\":{\"@id\":\"https:\/\/denizsporkulubu.com\/?page_id=682#breadcrumb\"},\"inLanguage\":\"tr\",\"potentialAction\":[{\"@type\":\"ReadAction\",\"target\":[\"https:\/\/denizsporkulubu.com\/?page_id=682\"]}]},{\"@type\":\"BreadcrumbList\",\"@id\":\"https:\/\/denizsporkulubu.com\/?page_id=682#breadcrumb\",\"itemListElement\":[{\"@type\":\"ListItem\",\"position\":1,\"name\":\"Anasayfa\",\"item\":\"http:\/\/denizsporkulubu.com\/\"},{\"@type\":\"ListItem\",\"position\":2,\"name\":\"Antren\u00f6rler\"}]},{\"@type\":\"WebSite\",\"@id\":\"http:\/\/denizsporkulubu.com\/#website\",\"url\":\"http:\/\/denizsporkulubu.com\/\",\"name\":\"\",\"description\":\"G\u00dc\u00c7L\u00dc B\u0130R BA\u011eI\u015eIKLIK S\u0130STEM\u0130 \u0130\u00c7\u0130N SPOR YAPIN\",\"potentialAction\":[{\"@type\":\"SearchAction\",\"target\":{\"@type\":\"EntryPoint\",\"urlTemplate\":\"http:\/\/denizsporkulubu.com\/?s={search_term_string}\"},\"query-input\":\"required name=search_term_string\"}],\"inLanguage\":\"tr\"}]}<\/script>\n<!-- \/ Yoast SEO plugin. -->","yoast_head_json":{"title":"Antren\u00f6rler -","robots":{"index":"index","follow":"follow","max-snippet":"max-snippet:-1","max-image-preview":"max-image-preview:large","max-video-preview":"max-video-preview:-1"},"canonical":"https:\/\/denizsporkulubu.com\/?page_id=682","og_locale":"tr_TR","og_type":"article","og_title":"Antren\u00f6rler -","og_description":"Salonumuz b\u00fcnyesinde kendi dallar\u0131nda profesyonelle\u015fmi\u015f, \u00e7al\u0131\u015fmalarda ve e\u011fitimde kendi y\u00f6ntemleri ile dikkat \u00e7ekmi\u015f personellerimizle sizlere yard\u0131m\u0131 olmay\u0131 ilke edinmi\u015flerdir.","og_url":"https:\/\/denizsporkulubu.com\/?page_id=682","article_modified_time":"2020-05-21T10:16:40+00:00","twitter_card":"summary_large_image","schema":{"@context":"https:\/\/schema.org","@graph":[{"@type":"WebPage","@id":"https:\/\/denizsporkulubu.com\/?page_id=682","url":"https:\/\/denizsporkulubu.com\/?page_id=682","name":"Antren\u00f6rler -","isPartOf":{"@id":"http:\/\/denizsporkulubu.com\/#website"},"datePublished":"2020-05-17T19:46:10+00:00","dateModified":"2020-05-21T10:16:40+00:00","breadcrumb":{"@id":"https:\/\/denizsporkulubu.com\/?page_id=682#breadcrumb"},"inLanguage":"tr","potentialAction":[{"@type":"ReadAction","target":["https:\/\/denizsporkulubu.com\/?page_id=682"]}]},{"@type":"BreadcrumbList","@id":"https:\/\/denizsporkulubu.com\/?page_id=682#breadcrumb","itemListElement":[{"@type":"ListItem","position":1,"name":"Anasayfa","item":"http:\/\/denizsporkulubu.com\/"},{"@type":"ListItem","position":2,"name":"Antren\u00f6rler"}]},{"@type":"WebSite","@id":"http:\/\/denizsporkulubu.com\/#website","url":"http:\/\/denizsporkulubu.com\/","name":"","description":"G\u00dc\u00c7L\u00dc B\u0130R BA\u011eI\u015eIKLIK S\u0130STEM\u0130 \u0130\u00c7\u0130N SPOR YAPIN","potentialAction":[{"@type":"SearchAction","target":{"@type":"EntryPoint","urlTemplate":"http:\/\/denizsporkulubu.com\/?s={search_term_string}"},"query-input":"required name=search_term_string"}],"inLanguage":"tr"}]}},"_links":{"self":[{"href":"http:\/\/denizsporkulubu.com\/index.php?rest_route=\/wp\/v2\/pages\/682"}],"collection":[{"href":"http:\/\/denizsporkulubu.com\/index.php?rest_route=\/wp\/v2\/pages"}],"about":[{"href":"http:\/\/denizsporkulubu.com\/index.php?rest_route=\/wp\/v2\/types\/page"}],"author":[{"embeddable":true,"href":"http:\/\/denizsporkulubu.com\/index.php?rest_route=\/wp\/v2\/users\/1"}],"replies":[{"embeddable":true,"href":"http:\/\/denizsporkulubu.com\/index.php?rest_route=%2Fwp%2Fv2%2Fcomments&post=682"}],"version-history":[{"count":2,"href":"http:\/\/denizsporkulubu.com\/index.php?rest_route=\/wp\/v2\/pages\/682\/revisions"}],"predecessor-version":[{"id":808,"href":"http:\/\/denizsporkulubu.com\/index.php?rest_route=\/wp\/v2\/pages\/682\/revisions\/808"}],"wp:attachment":[{"href":"http:\/\/denizsporkulubu.com\/index.php?rest_route=%2Fwp%2Fv2%2Fmedia&parent=682"}],"curies":[{"name":"wp","href":"https:\/\/api.w.org\/{rel}","templated":true}]}}