{"id":675,"date":"2020-05-17T18:20:43","date_gmt":"2020-05-17T16:20:43","guid":{"rendered":"http:\/\/denizsporkulubu.com\/wp\/?page_id=675"},"modified":"2020-05-21T12:41:45","modified_gmt":"2020-05-21T10:41:45","slug":"muaythai","status":"publish","type":"page","link":"http:\/\/denizsporkulubu.com\/?page_id=675","title":{"rendered":"Muaythai"},"content":{"rendered":"\t\t<div data-elementor-type=\"wp-page\" data-elementor-id=\"675\" class=\"elementor elementor-675\" data-elementor-settings=\"[]\">\n\t\t\t<div class=\"elementor-inner\">\n\t\t\t\t<div class=\"elementor-section-wrap\">\n\t\t\t\t\t\t\t<section class=\"elementor-element elementor-element-a2854b1 elementor-section-boxed elementor-section-height-default elementor-section-height-default elementor-section elementor-top-section\" data-id=\"a2854b1\" data-element_type=\"section\">\n\t\t\t\t\t\t<div class=\"elementor-container elementor-column-gap-default\">\n\t\t\t\t<div class=\"elementor-row\">\n\t\t\t\t<div class=\"elementor-element elementor-element-804abe4 elementor-column elementor-col-33 elementor-top-column\" data-id=\"804abe4\" data-element_type=\"column\">\n\t\t\t<div class=\"elementor-column-wrap  elementor-element-populated\">\n\t\t\t\t\t<div class=\"elementor-widget-wrap\">\n\t\t\t\t<div class=\"elementor-element elementor-element-6d627bd elementor-widget elementor-widget-image-gallery\" data-id=\"6d627bd\" data-element_type=\"widget\" data-widget_type=\"image-gallery.default\">\n\t\t\t\t<div class=\"elementor-widget-container\">\n\t\t\t\t\t<div class=\"elementor-image-gallery\">\n\t\t\t<div id='gallery-1' class='gallery galleryid-675 gallery-columns-2 gallery-size-thumbnail'><figure class='gallery-item'>\n\t\t\t<div class='gallery-icon landscape'>\n\t\t\t\t<a data-elementor-open-lightbox=\"yes\" data-elementor-lightbox-slideshow=\"6d627bd\" data-elementor-lightbox-title=\"muaythai-01\" href='http:\/\/denizsporkulubu.com\/wp-content\/uploads\/2020\/05\/muaythai-01.jpg'><img width=\"150\" height=\"150\" src=\"http:\/\/denizsporkulubu.com\/wp-content\/uploads\/2020\/05\/muaythai-01-150x150.jpg\" class=\"attachment-thumbnail size-thumbnail\" alt=\"\" decoding=\"async\" loading=\"lazy\" \/><\/a>\n\t\t\t<\/div><\/figure><figure class='gallery-item'>\n\t\t\t<div class='gallery-icon landscape'>\n\t\t\t\t<a data-elementor-open-lightbox=\"yes\" data-elementor-lightbox-slideshow=\"6d627bd\" data-elementor-lightbox-title=\"muaythai-02\" href='http:\/\/denizsporkulubu.com\/wp-content\/uploads\/2020\/05\/muaythai-02.jpg'><img width=\"150\" height=\"150\" src=\"http:\/\/denizsporkulubu.com\/wp-content\/uploads\/2020\/05\/muaythai-02-150x150.jpg\" class=\"attachment-thumbnail size-thumbnail\" alt=\"\" decoding=\"async\" loading=\"lazy\" \/><\/a>\n\t\t\t<\/div><\/figure><figure class='gallery-item'>\n\t\t\t<div class='gallery-icon landscape'>\n\t\t\t\t<a data-elementor-open-lightbox=\"yes\" data-elementor-lightbox-slideshow=\"6d627bd\" data-elementor-lightbox-title=\"muaythai-03\" href='http:\/\/denizsporkulubu.com\/wp-content\/uploads\/2020\/05\/muaythai-03.jpg'><img width=\"150\" height=\"150\" src=\"http:\/\/denizsporkulubu.com\/wp-content\/uploads\/2020\/05\/muaythai-03-150x150.jpg\" class=\"attachment-thumbnail size-thumbnail\" alt=\"\" decoding=\"async\" loading=\"lazy\" srcset=\"http:\/\/denizsporkulubu.com\/wp-content\/uploads\/2020\/05\/muaythai-03-150x150.jpg 150w, http:\/\/denizsporkulubu.com\/wp-content\/uploads\/2020\/05\/muaythai-03-300x300.jpg 300w, http:\/\/denizsporkulubu.com\/wp-content\/uploads\/2020\/05\/muaythai-03.jpg 640w\" sizes=\"(max-width: 150px) 100vw, 150px\" \/><\/a>\n\t\t\t<\/div><\/figure><figure class='gallery-item'>\n\t\t\t<div class='gallery-icon landscape'>\n\t\t\t\t<a data-elementor-open-lightbox=\"yes\" data-elementor-lightbox-slideshow=\"6d627bd\" data-elementor-lightbox-title=\"muaythai-04\" href='http:\/\/denizsporkulubu.com\/wp-content\/uploads\/2020\/05\/muaythai-04.jpg'><img width=\"150\" height=\"150\" src=\"http:\/\/denizsporkulubu.com\/wp-content\/uploads\/2020\/05\/muaythai-04-150x150.jpg\" class=\"attachment-thumbnail size-thumbnail\" alt=\"\" decoding=\"async\" loading=\"lazy\" \/><\/a>\n\t\t\t<\/div><\/figure>\n\t\t<\/div>\n\t\t<\/div>\n\t\t\t\t<\/div>\n\t\t\t\t<\/div>\n\t\t\t\t\t\t<\/div>\n\t\t\t<\/div>\n\t\t<\/div>\n\t\t\t\t<div class=\"elementor-element elementor-element-00f444e elementor-column elementor-col-66 elementor-top-column\" data-id=\"00f444e\" data-element_type=\"column\">\n\t\t\t<div class=\"elementor-column-wrap  elementor-element-populated\">\n\t\t\t\t\t<div class=\"elementor-widget-wrap\">\n\t\t\t\t<div class=\"elementor-element elementor-element-29c90c6 animated-slow elementor-invisible elementor-widget elementor-widget-text-editor\" data-id=\"29c90c6\" data-element_type=\"widget\" data-settings=\"{&quot;_animation&quot;:&quot;fadeIn&quot;}\" data-widget_type=\"text-editor.default\">\n\t\t\t\t<div class=\"elementor-widget-container\">\n\t\t\t\t\t<div class=\"elementor-text-editor elementor-clearfix\"><p><!-- wp:paragraph --><\/p>\n<p><strong style=\"color: rgb(0, 51, 102); letter-spacing: 0.1px;\"><br><\/strong><\/p><p><strong style=\"color: rgb(0, 51, 102); letter-spacing: 0.1px;\">MuayThai<\/strong><span style=\"color: rgb(0, 51, 102); letter-spacing: 0.1px;\">&nbsp;yakla\u015f\u0131k ge\u00e7mi\u015fi binlerce y\u0131l \u00f6ncesine dayanmaktad\u0131r, bir sava\u015f sanat\u0131 ve ya\u015fam bi\u00e7imi olarak \u00f6\u011fretilen MuayThai ilk yar\u0131\u015fmalar Siam Kral\u0131 ParchaoSua 1697 ile 1709 y\u0131llar\u0131nda \u00fclke genelinde yar\u0131\u015fmalar yap\u0131lmaya ba\u015flad\u0131, 1930 y\u0131l\u0131nda ilk defa 20 \u00fclke bir araya gelerek eldiven tak\u0131ld\u0131 ve kurallar kaideler resmen ilan edildi, 1930 y\u0131l\u0131ndan sonra \u00fc\u00e7b\u00f6l\u00fcme ayr\u0131lm\u0131\u015ft\u0131r.<\/span><br><\/p>\n<p><span style=\"color: #003366;\"><!-- \/wp:paragraph --><!-- wp:paragraph --><\/span><\/p>\n<p><span style=\"color: #003366;\">Silahl\u0131 savunma sanat\u0131 (Muay Boran), Yar\u0131\u015fma ring sporu (Muaythai), Dansl\u0131 aerobik fitnes (Muay Aerobik) gibi, MuayThai g\u00fcn\u00fcm\u00fczde d\u00fcnayda pop\u00fcler olarak en yayg\u0131n olan ring sporlar\u0131ndand\u0131r.<\/span><\/p>\n<p><!-- \/wp:paragraph --><\/p><\/div>\n\t\t\t\t<\/div>\n\t\t\t\t<\/div>\n\t\t\t\t\t\t<\/div>\n\t\t\t<\/div>\n\t\t<\/div>\n\t\t\t\t\t\t<\/div>\n\t\t\t<\/div>\n\t\t<\/section>\n\t\t\t\t\t\t<\/div>\n\t\t\t<\/div>\n\t\t<\/div>\n\t\t","protected":false},"excerpt":{"rendered":"<p>MuayThai&nbsp;yakla\u015f\u0131k ge\u00e7mi\u015fi binlerce y\u0131l \u00f6ncesine dayanmaktad\u0131r, bir sava\u015f sanat\u0131 ve ya\u015fam bi\u00e7imi olarak \u00f6\u011fretilen MuayThai ilk yar\u0131\u015fmalar Siam Kral\u0131 ParchaoSua 1697 ile 1709 y\u0131llar\u0131nda \u00fclke genelinde yar\u0131\u015fmalar yap\u0131lmaya ba\u015flad\u0131, 1930 y\u0131l\u0131nda ilk defa 20 \u00fclke bir araya gelerek eldiven tak\u0131ld\u0131 ve kurallar kaideler resmen ilan edildi, 1930 y\u0131l\u0131ndan sonra \u00fc\u00e7b\u00f6l\u00fcme ayr\u0131lm\u0131\u015ft\u0131r. Silahl\u0131 savunma sanat\u0131 (Muay&hellip;<\/p>\n","protected":false},"author":1,"featured_media":677,"parent":703,"menu_order":0,"comment_status":"closed","ping_status":"closed","template":"elementor_header_footer","meta":[],"yoast_head":"<!-- This site is optimized with the Yoast SEO plugin v19.9 - https:\/\/yoast.com\/wordpress\/plugins\/seo\/ -->\n<title>Muaythai -<\/title>\n<meta name=\"robots\" content=\"index, follow, max-snippet:-1, max-image-preview:large, max-video-preview:-1\" \/>\n<link rel=\"canonical\" href=\"https:\/\/denizsporkulubu.com\/?page_id=675\" \/>\n<meta property=\"og:locale\" content=\"tr_TR\" \/>\n<meta property=\"og:type\" content=\"article\" \/>\n<meta property=\"og:title\" content=\"Muaythai -\" \/>\n<meta property=\"og:description\" content=\"MuayThai&nbsp;yakla\u015f\u0131k ge\u00e7mi\u015fi binlerce y\u0131l \u00f6ncesine dayanmaktad\u0131r, bir sava\u015f sanat\u0131 ve ya\u015fam bi\u00e7imi olarak \u00f6\u011fretilen MuayThai ilk yar\u0131\u015fmalar Siam Kral\u0131 ParchaoSua 1697 ile 1709 y\u0131llar\u0131nda \u00fclke genelinde yar\u0131\u015fmalar yap\u0131lmaya ba\u015flad\u0131, 1930 y\u0131l\u0131nda ilk defa 20 \u00fclke bir araya gelerek eldiven tak\u0131ld\u0131 ve kurallar kaideler resmen ilan edildi, 1930 y\u0131l\u0131ndan sonra \u00fc\u00e7b\u00f6l\u00fcme ayr\u0131lm\u0131\u015ft\u0131r. Silahl\u0131 savunma sanat\u0131 (Muay&hellip;\" \/>\n<meta property=\"og:url\" content=\"https:\/\/denizsporkulubu.com\/?page_id=675\" \/>\n<meta property=\"article:modified_time\" content=\"2020-05-21T10:41:45+00:00\" \/>\n<meta property=\"og:image\" content=\"https:\/\/denizsporkulubu.com\/wp-content\/uploads\/2020\/05\/Muay-Thai-630x300-1.jpg\" \/>\n\t<meta property=\"og:image:width\" content=\"630\" \/>\n\t<meta property=\"og:image:height\" content=\"300\" \/>\n\t<meta property=\"og:image:type\" content=\"image\/jpeg\" \/>\n<meta name=\"twitter:card\" content=\"summary_large_image\" \/>\n<meta name=\"twitter:label1\" content=\"Tahmini okuma s\u00fcresi\" \/>\n\t<meta name=\"twitter:data1\" content=\"1 dakika\" \/>\n<script type=\"application\/ld+json\" class=\"yoast-schema-graph\">{\"@context\":\"https:\/\/schema.org\",\"@graph\":[{\"@type\":\"WebPage\",\"@id\":\"https:\/\/denizsporkulubu.com\/?page_id=675\",\"url\":\"https:\/\/denizsporkulubu.com\/?page_id=675\",\"name\":\"Muaythai -\",\"isPartOf\":{\"@id\":\"http:\/\/denizsporkulubu.com\/#website\"},\"datePublished\":\"2020-05-17T16:20:43+00:00\",\"dateModified\":\"2020-05-21T10:41:45+00:00\",\"breadcrumb\":{\"@id\":\"https:\/\/denizsporkulubu.com\/?page_id=675#breadcrumb\"},\"inLanguage\":\"tr\",\"potentialAction\":[{\"@type\":\"ReadAction\",\"target\":[\"https:\/\/denizsporkulubu.com\/?page_id=675\"]}]},{\"@type\":\"BreadcrumbList\",\"@id\":\"https:\/\/denizsporkulubu.com\/?page_id=675#breadcrumb\",\"itemListElement\":[{\"@type\":\"ListItem\",\"position\":1,\"name\":\"Anasayfa\",\"item\":\"http:\/\/denizsporkulubu.com\/\"},{\"@type\":\"ListItem\",\"position\":2,\"name\":\"Bran\u015flar\u0131m\u0131z\",\"item\":\"https:\/\/denizsporkulubu.com\/?page_id=703\"},{\"@type\":\"ListItem\",\"position\":3,\"name\":\"Muaythai\"}]},{\"@type\":\"WebSite\",\"@id\":\"http:\/\/denizsporkulubu.com\/#website\",\"url\":\"http:\/\/denizsporkulubu.com\/\",\"name\":\"\",\"description\":\"G\u00dc\u00c7L\u00dc B\u0130R BA\u011eI\u015eIKLIK S\u0130STEM\u0130 \u0130\u00c7\u0130N SPOR YAPIN\",\"potentialAction\":[{\"@type\":\"SearchAction\",\"target\":{\"@type\":\"EntryPoint\",\"urlTemplate\":\"http:\/\/denizsporkulubu.com\/?s={search_term_string}\"},\"query-input\":\"required name=search_term_string\"}],\"inLanguage\":\"tr\"}]}<\/script>\n<!-- \/ Yoast SEO plugin. -->","yoast_head_json":{"title":"Muaythai -","robots":{"index":"index","follow":"follow","max-snippet":"max-snippet:-1","max-image-preview":"max-image-preview:large","max-video-preview":"max-video-preview:-1"},"canonical":"https:\/\/denizsporkulubu.com\/?page_id=675","og_locale":"tr_TR","og_type":"article","og_title":"Muaythai -","og_description":"MuayThai&nbsp;yakla\u015f\u0131k ge\u00e7mi\u015fi binlerce y\u0131l \u00f6ncesine dayanmaktad\u0131r, bir sava\u015f sanat\u0131 ve ya\u015fam bi\u00e7imi olarak \u00f6\u011fretilen MuayThai ilk yar\u0131\u015fmalar Siam Kral\u0131 ParchaoSua 1697 ile 1709 y\u0131llar\u0131nda \u00fclke genelinde yar\u0131\u015fmalar yap\u0131lmaya ba\u015flad\u0131, 1930 y\u0131l\u0131nda ilk defa 20 \u00fclke bir araya gelerek eldiven tak\u0131ld\u0131 ve kurallar kaideler resmen ilan edildi, 1930 y\u0131l\u0131ndan sonra \u00fc\u00e7b\u00f6l\u00fcme ayr\u0131lm\u0131\u015ft\u0131r. Silahl\u0131 savunma sanat\u0131 (Muay&hellip;","og_url":"https:\/\/denizsporkulubu.com\/?page_id=675","article_modified_time":"2020-05-21T10:41:45+00:00","og_image":[{"width":630,"height":300,"url":"https:\/\/denizsporkulubu.com\/wp-content\/uploads\/2020\/05\/Muay-Thai-630x300-1.jpg","type":"image\/jpeg"}],"twitter_card":"summary_large_image","twitter_misc":{"Tahmini okuma s\u00fcresi":"1 dakika"},"schema":{"@context":"https:\/\/schema.org","@graph":[{"@type":"WebPage","@id":"https:\/\/denizsporkulubu.com\/?page_id=675","url":"https:\/\/denizsporkulubu.com\/?page_id=675","name":"Muaythai -","isPartOf":{"@id":"http:\/\/denizsporkulubu.com\/#website"},"datePublished":"2020-05-17T16:20:43+00:00","dateModified":"2020-05-21T10:41:45+00:00","breadcrumb":{"@id":"https:\/\/denizsporkulubu.com\/?page_id=675#breadcrumb"},"inLanguage":"tr","potentialAction":[{"@type":"ReadAction","target":["https:\/\/denizsporkulubu.com\/?page_id=675"]}]},{"@type":"BreadcrumbList","@id":"https:\/\/denizsporkulubu.com\/?page_id=675#breadcrumb","itemListElement":[{"@type":"ListItem","position":1,"name":"Anasayfa","item":"http:\/\/denizsporkulubu.com\/"},{"@type":"ListItem","position":2,"name":"Bran\u015flar\u0131m\u0131z","item":"https:\/\/denizsporkulubu.com\/?page_id=703"},{"@type":"ListItem","position":3,"name":"Muaythai"}]},{"@type":"WebSite","@id":"http:\/\/denizsporkulubu.com\/#website","url":"http:\/\/denizsporkulubu.com\/","name":"","description":"G\u00dc\u00c7L\u00dc B\u0130R BA\u011eI\u015eIKLIK S\u0130STEM\u0130 \u0130\u00c7\u0130N SPOR YAPIN","potentialAction":[{"@type":"SearchAction","target":{"@type":"EntryPoint","urlTemplate":"http:\/\/denizsporkulubu.com\/?s={search_term_string}"},"query-input":"required name=search_term_string"}],"inLanguage":"tr"}]}},"_links":{"self":[{"href":"http:\/\/denizsporkulubu.com\/index.php?rest_route=\/wp\/v2\/pages\/675"}],"collection":[{"href":"http:\/\/denizsporkulubu.com\/index.php?rest_route=\/wp\/v2\/pages"}],"about":[{"href":"http:\/\/denizsporkulubu.com\/index.php?rest_route=\/wp\/v2\/types\/page"}],"author":[{"embeddable":true,"href":"http:\/\/denizsporkulubu.com\/index.php?rest_route=\/wp\/v2\/users\/1"}],"replies":[{"embeddable":true,"href":"http:\/\/denizsporkulubu.com\/index.php?rest_route=%2Fwp%2Fv2%2Fcomments&post=675"}],"version-history":[{"count":6,"href":"http:\/\/denizsporkulubu.com\/index.php?rest_route=\/wp\/v2\/pages\/675\/revisions"}],"predecessor-version":[{"id":824,"href":"http:\/\/denizsporkulubu.com\/index.php?rest_route=\/wp\/v2\/pages\/675\/revisions\/824"}],"up":[{"embeddable":true,"href":"http:\/\/denizsporkulubu.com\/index.php?rest_route=\/wp\/v2\/pages\/703"}],"wp:featuredmedia":[{"embeddable":true,"href":"http:\/\/denizsporkulubu.com\/index.php?rest_route=\/wp\/v2\/media\/677"}],"wp:attachment":[{"href":"http:\/\/denizsporkulubu.com\/index.php?rest_route=%2Fwp%2Fv2%2Fmedia&parent=675"}],"curies":[{"name":"wp","href":"https:\/\/api.w.org\/{rel}","templated":true}]}}