{"id":654,"date":"2020-05-17T16:45:41","date_gmt":"2020-05-17T14:45:41","guid":{"rendered":"http:\/\/denizsporkulubu.com\/wp\/?page_id=654"},"modified":"2020-06-11T15:16:38","modified_gmt":"2020-06-11T13:16:38","slug":"mma-2","status":"publish","type":"page","link":"http:\/\/denizsporkulubu.com\/?page_id=654","title":{"rendered":"Mma"},"content":{"rendered":"\t\t<div data-elementor-type=\"wp-page\" data-elementor-id=\"654\" class=\"elementor elementor-654\" data-elementor-settings=\"[]\">\n\t\t\t<div class=\"elementor-inner\">\n\t\t\t\t<div class=\"elementor-section-wrap\">\n\t\t\t\t\t\t\t<section class=\"elementor-element elementor-element-aaa4a7e elementor-section-boxed elementor-section-height-default elementor-section-height-default elementor-section elementor-top-section\" data-id=\"aaa4a7e\" data-element_type=\"section\">\n\t\t\t\t\t\t<div class=\"elementor-container elementor-column-gap-default\">\n\t\t\t\t<div class=\"elementor-row\">\n\t\t\t\t<div class=\"elementor-element elementor-element-a2c2514 elementor-column elementor-col-66 elementor-top-column\" data-id=\"a2c2514\" data-element_type=\"column\">\n\t\t\t<div class=\"elementor-column-wrap  elementor-element-populated\">\n\t\t\t\t\t<div class=\"elementor-widget-wrap\">\n\t\t\t\t<div class=\"elementor-element elementor-element-f7fe8bf elementor-widget elementor-widget-image-gallery\" data-id=\"f7fe8bf\" data-element_type=\"widget\" data-widget_type=\"image-gallery.default\">\n\t\t\t\t<div class=\"elementor-widget-container\">\n\t\t\t\t\t<div class=\"elementor-image-gallery\">\n\t\t\t<div id='gallery-1' class='gallery galleryid-654 gallery-columns-1 gallery-size-medium'><figure class='gallery-item'>\n\t\t\t<div class='gallery-icon landscape'>\n\t\t\t\t<a data-elementor-open-lightbox=\"yes\" data-elementor-lightbox-slideshow=\"f7fe8bf\" data-elementor-lightbox-title=\"mma-02\" href='http:\/\/denizsporkulubu.com\/wp-content\/uploads\/2020\/05\/mma-02.jpg'><img width=\"300\" height=\"191\" src=\"http:\/\/denizsporkulubu.com\/wp-content\/uploads\/2020\/05\/mma-02-300x191.jpg\" class=\"attachment-medium size-medium\" alt=\"\" decoding=\"async\" loading=\"lazy\" srcset=\"http:\/\/denizsporkulubu.com\/wp-content\/uploads\/2020\/05\/mma-02-300x191.jpg 300w, http:\/\/denizsporkulubu.com\/wp-content\/uploads\/2020\/05\/mma-02-768x489.jpg 768w, http:\/\/denizsporkulubu.com\/wp-content\/uploads\/2020\/05\/mma-02-800x510.jpg 800w, http:\/\/denizsporkulubu.com\/wp-content\/uploads\/2020\/05\/mma-02.jpg 1024w\" sizes=\"(max-width: 300px) 100vw, 300px\" \/><\/a>\n\t\t\t<\/div><\/figure><figure class='gallery-item'>\n\t\t\t<div class='gallery-icon landscape'>\n\t\t\t\t<a data-elementor-open-lightbox=\"yes\" data-elementor-lightbox-slideshow=\"f7fe8bf\" data-elementor-lightbox-title=\"mma-03\" href='http:\/\/denizsporkulubu.com\/wp-content\/uploads\/2020\/05\/mma-03.jpg'><img width=\"300\" height=\"168\" src=\"http:\/\/denizsporkulubu.com\/wp-content\/uploads\/2020\/05\/mma-03-300x168.jpg\" class=\"attachment-medium size-medium\" alt=\"\" decoding=\"async\" loading=\"lazy\" srcset=\"http:\/\/denizsporkulubu.com\/wp-content\/uploads\/2020\/05\/mma-03-300x168.jpg 300w, http:\/\/denizsporkulubu.com\/wp-content\/uploads\/2020\/05\/mma-03-768x431.jpg 768w, http:\/\/denizsporkulubu.com\/wp-content\/uploads\/2020\/05\/mma-03.jpg 1024w\" sizes=\"(max-width: 300px) 100vw, 300px\" \/><\/a>\n\t\t\t<\/div><\/figure><figure class='gallery-item'>\n\t\t\t<div class='gallery-icon landscape'>\n\t\t\t\t<a data-elementor-open-lightbox=\"yes\" data-elementor-lightbox-slideshow=\"f7fe8bf\" data-elementor-lightbox-title=\"mma-05\" href='http:\/\/denizsporkulubu.com\/wp-content\/uploads\/2020\/05\/mma-05.jpg'><img width=\"300\" height=\"200\" src=\"http:\/\/denizsporkulubu.com\/wp-content\/uploads\/2020\/05\/mma-05-300x200.jpg\" class=\"attachment-medium size-medium\" alt=\"\" decoding=\"async\" loading=\"lazy\" srcset=\"http:\/\/denizsporkulubu.com\/wp-content\/uploads\/2020\/05\/mma-05-300x200.jpg 300w, http:\/\/denizsporkulubu.com\/wp-content\/uploads\/2020\/05\/mma-05-768x512.jpg 768w, http:\/\/denizsporkulubu.com\/wp-content\/uploads\/2020\/05\/mma-05.jpg 780w\" sizes=\"(max-width: 300px) 100vw, 300px\" \/><\/a>\n\t\t\t<\/div><\/figure><figure class='gallery-item'>\n\t\t\t<div class='gallery-icon landscape'>\n\t\t\t\t<a data-elementor-open-lightbox=\"yes\" data-elementor-lightbox-slideshow=\"f7fe8bf\" data-elementor-lightbox-title=\"mma-06\" href='http:\/\/denizsporkulubu.com\/wp-content\/uploads\/2020\/05\/mma-06.jpg'><img width=\"300\" height=\"168\" src=\"http:\/\/denizsporkulubu.com\/wp-content\/uploads\/2020\/05\/mma-06-300x168.jpg\" class=\"attachment-medium size-medium\" alt=\"\" decoding=\"async\" loading=\"lazy\" srcset=\"http:\/\/denizsporkulubu.com\/wp-content\/uploads\/2020\/05\/mma-06-300x168.jpg 300w, http:\/\/denizsporkulubu.com\/wp-content\/uploads\/2020\/05\/mma-06.jpg 500w\" sizes=\"(max-width: 300px) 100vw, 300px\" \/><\/a>\n\t\t\t<\/div><\/figure>\n\t\t<\/div>\n\t\t<\/div>\n\t\t\t\t<\/div>\n\t\t\t\t<\/div>\n\t\t\t\t\t\t<\/div>\n\t\t\t<\/div>\n\t\t<\/div>\n\t\t\t\t<div class=\"elementor-element elementor-element-adaab91 elementor-column elementor-col-33 elementor-top-column\" data-id=\"adaab91\" data-element_type=\"column\">\n\t\t\t<div class=\"elementor-column-wrap  elementor-element-populated\">\n\t\t\t\t\t<div class=\"elementor-widget-wrap\">\n\t\t\t\t<div class=\"elementor-element elementor-element-c69db2f elementor-invisible elementor-widget elementor-widget-text-editor\" data-id=\"c69db2f\" data-element_type=\"widget\" data-settings=\"{&quot;_animation&quot;:&quot;fadeIn&quot;}\" data-widget_type=\"text-editor.default\">\n\t\t\t\t<div class=\"elementor-widget-container\">\n\t\t\t\t\t<div class=\"elementor-text-editor elementor-clearfix\"><p><span style=\"color: #003366;\"><strong>Mixed Martial Arts (MMA)<\/strong>\u00a0yani \u201c<strong>karma d\u00f6v\u00fc\u015f sanatlar\u0131<\/strong>\u201d organizasyonlarda ve di\u011fer m\u00fccadele sporlar\u0131nda kullan\u0131lan ve \u00e7ok geni\u015f m\u00fccadele teknikleri i\u00e7eren, tam temas m\u00fccadele sporudur. Kurallar, sporcular\u0131n yerde veya ayaktayken birbirlerine h\u00fccum etmelerine ve sar\u0131larak m\u00fccadele etmelerine izin vermektedir.<\/span><\/p>\n<p><span style=\"color: #003366;\">Bu tip organizasyonlar farkl\u0131 ge\u00e7mi\u015fleri olan sporcular\u0131n birbirleriyle m\u00fccade etmelerine olanak sa\u011flamaktad\u0131r. MMA bir spor olarak en heyecanl\u0131 ve nefes kesen aktivitelerden biridir.<\/span><\/p>\n<p><span style=\"color: #003366;\">UFC, STR\u0130KEFORCE ve PRIDE gibi organizasyonlar sayesinde MMA daha evrensel ve pop\u00fcler bir spor haline gelmi\u015ftir. Bir\u00e7ok \u00fclkede MMA en h\u0131zl\u0131 geli\u015fen spordur. RandyCouture, Chuck Lidell, Georges St Pierre, FedorEmelianenko , AndersonSilva ve di\u011fer bir \u00e7ok \u015fampiyon bu sporun y\u0131ld\u0131zlar\u0131 aras\u0131ndad\u0131r.<\/span><\/p>\n<p><span style=\"color: #003366;\"><strong>MMA B\u0130ZE G\u00dcNL\u00dcK HAYATTA NELER KAZANDIRIR?<\/strong><\/span><\/p>\n<ul>\n<li><span style=\"color: #003366;\">Mukavemet yani \u201dyorulmazl\u0131k\u201d i\u015f yerinde yorulmazs\u0131n ek i\u015f dahi yapabilirsin.<\/span><\/li>\n<li><span style=\"color: #003366;\">Akl\u0131na geleni uygulamaya koymak i\u015f\u00e7in \u00fc\u015fenmezsin, bir davran\u0131\u015f kolayl\u0131\u011f\u0131 ya\u015fars\u0131n<\/span><\/li>\n<li><span style=\"color: #003366;\">H\u0131zl\u0131 karar verme yetene\u011fi<\/span><\/li>\n<li><span style=\"color: #003366;\">Ki\u015finin kendine olan g\u00fcveni geli\u015fir.<\/span><\/li>\n<li><span style=\"color: #003366;\">Risk y\u00f6netim kabiliyeti artar.<\/span><\/li>\n<li><span style=\"color: #003366;\">El ayak koordinasyonun, el-g\u00f6z koordinasyonun geli\u015fir,<\/span><\/li>\n<li><span style=\"color: #003366;\">Volanter ve spontan dikkatin artar.<\/span><\/li>\n<li><span style=\"color: #003366;\">Kalp damar sa\u011fl\u0131\u011f\u0131n\u0131 korursun.<\/span><\/li>\n<li><span style=\"color: #003366;\">Bir antrenmanda yakla\u015f\u0131k 1000kal\u00f6ri harcaya\u011f\u0131n i\u00e7in beden ya\u011flar\u0131ndan kurtulman kolayla\u015f\u0131r.<\/span><\/li>\n<li><span style=\"color: #003366;\">\u0130\u015f hayat\u0131nda biriken t\u00fcm stresi, v\u00fccuda yapt\u0131\u011f\u0131 zararl\u0131 ekilerle beraber at\u0131lacak.<\/span><\/li>\n<li><span style=\"color: #003366;\">\u00d6zetle hayat kaliteniz artacakt\u0131r.<\/span><\/li>\n<\/ul>\n<p><span style=\"color: #003366;\"><strong>MMA\u00a0antrenman\u0131nda kullan\u0131lan ekipmanlar \u015funlard\u0131r,<\/strong><\/span><\/p>\n<ul>\n<li><span style=\"color: #003366;\">Mma ve boks eldiveni<\/span><\/li>\n<li><span style=\"color: #003366;\">Sarg\u0131 bezi (bandaj)<\/span><\/li>\n<li><span style=\"color: #003366;\">Di\u015flik<\/span><\/li>\n<li><span style=\"color: #003366;\">Kogi (kas\u0131k koruyucu)<\/span><\/li>\n<li><span style=\"color: #003366;\">Kaval koruyucu<\/span><\/li>\n<li><span style=\"color: #003366;\">Rashguard ve tayt<\/span><\/li>\n<\/ul><\/div>\n\t\t\t\t<\/div>\n\t\t\t\t<\/div>\n\t\t\t\t\t\t<\/div>\n\t\t\t<\/div>\n\t\t<\/div>\n\t\t\t\t\t\t<\/div>\n\t\t\t<\/div>\n\t\t<\/section>\n\t\t\t\t<section class=\"elementor-element elementor-element-215097c elementor-section-boxed elementor-section-height-default elementor-section-height-default elementor-section elementor-top-section\" data-id=\"215097c\" data-element_type=\"section\">\n\t\t\t\t\t\t<div class=\"elementor-container elementor-column-gap-default\">\n\t\t\t\t<div class=\"elementor-row\">\n\t\t\t\t<div class=\"elementor-element elementor-element-65bab78 elementor-column elementor-col-50 elementor-top-column\" data-id=\"65bab78\" data-element_type=\"column\">\n\t\t\t<div class=\"elementor-column-wrap  elementor-element-populated\">\n\t\t\t\t\t<div class=\"elementor-widget-wrap\">\n\t\t\t\t<div class=\"elementor-element elementor-element-44e1205 elementor-widget elementor-widget-image\" data-id=\"44e1205\" data-element_type=\"widget\" data-widget_type=\"image.default\">\n\t\t\t\t<div class=\"elementor-widget-container\">\n\t\t\t\t\t<div class=\"elementor-image\">\n\t\t\t\t\t\t\t\t\t\t<img width=\"640\" height=\"572\" src=\"http:\/\/denizsporkulubu.com\/wp-content\/uploads\/2020\/05\/box.png\" class=\"attachment-large size-large\" alt=\"\" decoding=\"async\" loading=\"lazy\" srcset=\"http:\/\/denizsporkulubu.com\/wp-content\/uploads\/2020\/05\/box.png 750w, http:\/\/denizsporkulubu.com\/wp-content\/uploads\/2020\/05\/box-300x268.png 300w\" sizes=\"(max-width: 640px) 100vw, 640px\" \/>\t\t\t\t\t\t\t\t\t\t\t<\/div>\n\t\t\t\t<\/div>\n\t\t\t\t<\/div>\n\t\t\t\t\t\t<\/div>\n\t\t\t<\/div>\n\t\t<\/div>\n\t\t\t\t<div class=\"elementor-element elementor-element-0cd4a69 elementor-column elementor-col-50 elementor-top-column\" data-id=\"0cd4a69\" data-element_type=\"column\">\n\t\t\t<div class=\"elementor-column-wrap  elementor-element-populated\">\n\t\t\t\t\t<div class=\"elementor-widget-wrap\">\n\t\t\t\t<div class=\"elementor-element elementor-element-f6d48b3 elementor-widget elementor-widget-text-editor\" data-id=\"f6d48b3\" data-element_type=\"widget\" data-widget_type=\"text-editor.default\">\n\t\t\t\t<div class=\"elementor-widget-container\">\n\t\t\t\t\t<div class=\"elementor-text-editor elementor-clearfix\"><h1><strong>MMA NED\u0130R?<\/strong><\/h1>\n<p>MMA (Mixed Martial Arts)\u2019in k\u00f6keni 90&#8217;lar da bir \u00e7ok de\u011fisik d\u00f6v\u00fc\u015f sanat\u0131n\u0131 kar\u015f\u0131la\u015ft\u0131rmak ve i\u00e7lerinden hangilerinin birbiri \u00fczerinde \u00fcst\u00fcnl\u00fck kuraca\u011f\u0131n\u0131 g\u00f6rmek i\u00e7in d\u00fczenlenen kurals\u0131z kafes d\u00f6v\u00fc\u015f\u00fc organizasyonlar\u0131na dayan\u0131r.<br style=\"box-sizing: inherit;\">Bu d\u00f6nemde Brazilian jiu-jitsu ustalar\u0131n\u0131n, di\u011fer d\u00f6v\u00fcs sanatlar\u0131ndan ustalar\u0131 domine etmesiyle, d\u00f6v\u00fc\u015f sanatlar\u0131na bak\u0131\u015f t\u00fcm d\u00fcnyada tamamen de\u011fi\u015fmi\u015ftir\u2026<\/p>\n<h1 style=\"box-sizing: inherit; margin-top: 2em; margin-bottom: -0.46em; color: #292929; word-break: break-word; line-height: 32px; font-family: medium-content-serif-font, Georgia, Cambria, 'Times New Roman', Times, serif; letter-spacing: -0.003em; font-size: 21px;\">Bu geli\u015fmeden sonra ba\u015fka disiplinden kisiler arsenallerine Brazilian jiu-jitsu (BJJ)\u2019da katarak, d\u00f6v\u00fc\u015f sanatlar\u0131n\u0131n en \u00fcst\u00fcn ve kullan\u0131labilir \u00f6zelliklerini harmanlam\u0131\u015f ve kendilerini daha komple dBu geli\u015fmeden sonra ba\u015fka disiplinden kisiler arsenallerine Brazilian jiu-jitsu (BJJ)\u2019da katarak, d\u00f6v\u00fc\u015f sanatlar\u0131n\u0131n en \u00fcst\u00fcn ve kullan\u0131labilir \u00f6zelliklerini harmanlam\u0131\u015f ve kendilerini daha komple d\u00f6v\u00fc\u015f\u00e7\u00fcler haline getirmi\u015flerdir.<br style=\"box-sizing: inherit;\">MMA, ki\u015fiye her mesafede ve durumda cevap verebilecek alt yap\u0131y\u0131 kazand\u0131rd\u0131\u011f\u0131 i\u00e7in g\u00fcnl\u00fck hayatta kar\u015f\u0131la\u015fabilece\u011finiz konfrontasyonlarda sizi \u00e7ok avantajl\u0131 k\u0131lar.<\/h1><\/div>\n\t\t\t\t<\/div>\n\t\t\t\t<\/div>\n\t\t\t\t\t\t<\/div>\n\t\t\t<\/div>\n\t\t<\/div>\n\t\t\t\t\t\t<\/div>\n\t\t\t<\/div>\n\t\t<\/section>\n\t\t\t\t<section class=\"elementor-element elementor-element-381c98a5 elementor-section-boxed elementor-section-height-default elementor-section-height-default elementor-section elementor-top-section\" data-id=\"381c98a5\" data-element_type=\"section\">\n\t\t\t\t\t\t<div class=\"elementor-container elementor-column-gap-default\">\n\t\t\t\t<div class=\"elementor-row\">\n\t\t\t\t<div class=\"elementor-element elementor-element-68b62912 elementor-column elementor-col-100 elementor-top-column\" data-id=\"68b62912\" data-element_type=\"column\">\n\t\t\t<div class=\"elementor-column-wrap  elementor-element-populated\">\n\t\t\t\t\t<div class=\"elementor-widget-wrap\">\n\t\t\t\t<div class=\"elementor-element elementor-element-6b4a88b6 elementor-widget elementor-widget-text-editor\" data-id=\"6b4a88b6\" data-element_type=\"widget\" data-widget_type=\"text-editor.default\">\n\t\t\t\t<div class=\"elementor-widget-container\">\n\t\t\t\t\t<div class=\"elementor-text-editor elementor-clearfix\"><\/div>\n\t\t\t\t<\/div>\n\t\t\t\t<\/div>\n\t\t\t\t\t\t<\/div>\n\t\t\t<\/div>\n\t\t<\/div>\n\t\t\t\t\t\t<\/div>\n\t\t\t<\/div>\n\t\t<\/section>\n\t\t\t\t\t\t<\/div>\n\t\t\t<\/div>\n\t\t<\/div>\n\t\t","protected":false},"excerpt":{"rendered":"<p>Mixed Martial Arts (MMA)\u00a0yani \u201ckarma d\u00f6v\u00fc\u015f sanatlar\u0131\u201d organizasyonlarda ve di\u011fer m\u00fccadele sporlar\u0131nda kullan\u0131lan ve \u00e7ok geni\u015f m\u00fccadele teknikleri i\u00e7eren, tam temas m\u00fccadele sporudur. Kurallar, sporcular\u0131n yerde veya ayaktayken birbirlerine h\u00fccum etmelerine ve sar\u0131larak m\u00fccadele etmelerine izin vermektedir. Bu tip organizasyonlar farkl\u0131 ge\u00e7mi\u015fleri olan sporcular\u0131n birbirleriyle m\u00fccade etmelerine olanak sa\u011flamaktad\u0131r. MMA bir spor olarak en heyecanl\u0131&hellip;<\/p>\n","protected":false},"author":1,"featured_media":633,"parent":703,"menu_order":0,"comment_status":"closed","ping_status":"closed","template":"elementor_header_footer","meta":[],"yoast_head":"<!-- This site is optimized with the Yoast SEO plugin v19.9 - https:\/\/yoast.com\/wordpress\/plugins\/seo\/ -->\n<title>Mma -<\/title>\n<meta name=\"robots\" content=\"index, follow, max-snippet:-1, max-image-preview:large, max-video-preview:-1\" \/>\n<link rel=\"canonical\" href=\"https:\/\/denizsporkulubu.com\/?page_id=654\" \/>\n<meta property=\"og:locale\" content=\"tr_TR\" \/>\n<meta property=\"og:type\" content=\"article\" \/>\n<meta property=\"og:title\" content=\"Mma -\" \/>\n<meta property=\"og:description\" content=\"Mixed Martial Arts (MMA)\u00a0yani \u201ckarma d\u00f6v\u00fc\u015f sanatlar\u0131\u201d organizasyonlarda ve di\u011fer m\u00fccadele sporlar\u0131nda kullan\u0131lan ve \u00e7ok geni\u015f m\u00fccadele teknikleri i\u00e7eren, tam temas m\u00fccadele sporudur. Kurallar, sporcular\u0131n yerde veya ayaktayken birbirlerine h\u00fccum etmelerine ve sar\u0131larak m\u00fccadele etmelerine izin vermektedir. Bu tip organizasyonlar farkl\u0131 ge\u00e7mi\u015fleri olan sporcular\u0131n birbirleriyle m\u00fccade etmelerine olanak sa\u011flamaktad\u0131r. MMA bir spor olarak en heyecanl\u0131&hellip;\" \/>\n<meta property=\"og:url\" content=\"https:\/\/denizsporkulubu.com\/?page_id=654\" \/>\n<meta property=\"article:modified_time\" content=\"2020-06-11T13:16:38+00:00\" \/>\n<meta property=\"og:image\" content=\"https:\/\/denizsporkulubu.com\/wp-content\/uploads\/2020\/05\/mma-1024x800.png\" \/>\n\t<meta property=\"og:image:width\" content=\"1024\" \/>\n\t<meta property=\"og:image:height\" content=\"800\" \/>\n\t<meta property=\"og:image:type\" content=\"image\/png\" \/>\n<meta name=\"twitter:card\" content=\"summary_large_image\" \/>\n<meta name=\"twitter:label1\" content=\"Tahmini okuma s\u00fcresi\" \/>\n\t<meta name=\"twitter:data1\" content=\"2 dakika\" \/>\n<script type=\"application\/ld+json\" class=\"yoast-schema-graph\">{\"@context\":\"https:\/\/schema.org\",\"@graph\":[{\"@type\":\"WebPage\",\"@id\":\"https:\/\/denizsporkulubu.com\/?page_id=654\",\"url\":\"https:\/\/denizsporkulubu.com\/?page_id=654\",\"name\":\"Mma -\",\"isPartOf\":{\"@id\":\"http:\/\/denizsporkulubu.com\/#website\"},\"datePublished\":\"2020-05-17T14:45:41+00:00\",\"dateModified\":\"2020-06-11T13:16:38+00:00\",\"breadcrumb\":{\"@id\":\"https:\/\/denizsporkulubu.com\/?page_id=654#breadcrumb\"},\"inLanguage\":\"tr\",\"potentialAction\":[{\"@type\":\"ReadAction\",\"target\":[\"https:\/\/denizsporkulubu.com\/?page_id=654\"]}]},{\"@type\":\"BreadcrumbList\",\"@id\":\"https:\/\/denizsporkulubu.com\/?page_id=654#breadcrumb\",\"itemListElement\":[{\"@type\":\"ListItem\",\"position\":1,\"name\":\"Anasayfa\",\"item\":\"http:\/\/denizsporkulubu.com\/\"},{\"@type\":\"ListItem\",\"position\":2,\"name\":\"Bran\u015flar\u0131m\u0131z\",\"item\":\"http:\/\/denizsporkulubu.com\/?page_id=703\"},{\"@type\":\"ListItem\",\"position\":3,\"name\":\"Mma\"}]},{\"@type\":\"WebSite\",\"@id\":\"http:\/\/denizsporkulubu.com\/#website\",\"url\":\"http:\/\/denizsporkulubu.com\/\",\"name\":\"\",\"description\":\"G\u00dc\u00c7L\u00dc B\u0130R BA\u011eI\u015eIKLIK S\u0130STEM\u0130 \u0130\u00c7\u0130N SPOR YAPIN\",\"potentialAction\":[{\"@type\":\"SearchAction\",\"target\":{\"@type\":\"EntryPoint\",\"urlTemplate\":\"http:\/\/denizsporkulubu.com\/?s={search_term_string}\"},\"query-input\":\"required name=search_term_string\"}],\"inLanguage\":\"tr\"}]}<\/script>\n<!-- \/ Yoast SEO plugin. -->","yoast_head_json":{"title":"Mma -","robots":{"index":"index","follow":"follow","max-snippet":"max-snippet:-1","max-image-preview":"max-image-preview:large","max-video-preview":"max-video-preview:-1"},"canonical":"https:\/\/denizsporkulubu.com\/?page_id=654","og_locale":"tr_TR","og_type":"article","og_title":"Mma -","og_description":"Mixed Martial Arts (MMA)\u00a0yani \u201ckarma d\u00f6v\u00fc\u015f sanatlar\u0131\u201d organizasyonlarda ve di\u011fer m\u00fccadele sporlar\u0131nda kullan\u0131lan ve \u00e7ok geni\u015f m\u00fccadele teknikleri i\u00e7eren, tam temas m\u00fccadele sporudur. Kurallar, sporcular\u0131n yerde veya ayaktayken birbirlerine h\u00fccum etmelerine ve sar\u0131larak m\u00fccadele etmelerine izin vermektedir. Bu tip organizasyonlar farkl\u0131 ge\u00e7mi\u015fleri olan sporcular\u0131n birbirleriyle m\u00fccade etmelerine olanak sa\u011flamaktad\u0131r. MMA bir spor olarak en heyecanl\u0131&hellip;","og_url":"https:\/\/denizsporkulubu.com\/?page_id=654","article_modified_time":"2020-06-11T13:16:38+00:00","og_image":[{"width":1024,"height":800,"url":"https:\/\/denizsporkulubu.com\/wp-content\/uploads\/2020\/05\/mma-1024x800.png","type":"image\/png"}],"twitter_card":"summary_large_image","twitter_misc":{"Tahmini okuma s\u00fcresi":"2 dakika"},"schema":{"@context":"https:\/\/schema.org","@graph":[{"@type":"WebPage","@id":"https:\/\/denizsporkulubu.com\/?page_id=654","url":"https:\/\/denizsporkulubu.com\/?page_id=654","name":"Mma -","isPartOf":{"@id":"http:\/\/denizsporkulubu.com\/#website"},"datePublished":"2020-05-17T14:45:41+00:00","dateModified":"2020-06-11T13:16:38+00:00","breadcrumb":{"@id":"https:\/\/denizsporkulubu.com\/?page_id=654#breadcrumb"},"inLanguage":"tr","potentialAction":[{"@type":"ReadAction","target":["https:\/\/denizsporkulubu.com\/?page_id=654"]}]},{"@type":"BreadcrumbList","@id":"https:\/\/denizsporkulubu.com\/?page_id=654#breadcrumb","itemListElement":[{"@type":"ListItem","position":1,"name":"Anasayfa","item":"http:\/\/denizsporkulubu.com\/"},{"@type":"ListItem","position":2,"name":"Bran\u015flar\u0131m\u0131z","item":"http:\/\/denizsporkulubu.com\/?page_id=703"},{"@type":"ListItem","position":3,"name":"Mma"}]},{"@type":"WebSite","@id":"http:\/\/denizsporkulubu.com\/#website","url":"http:\/\/denizsporkulubu.com\/","name":"","description":"G\u00dc\u00c7L\u00dc B\u0130R BA\u011eI\u015eIKLIK S\u0130STEM\u0130 \u0130\u00c7\u0130N SPOR YAPIN","potentialAction":[{"@type":"SearchAction","target":{"@type":"EntryPoint","urlTemplate":"http:\/\/denizsporkulubu.com\/?s={search_term_string}"},"query-input":"required name=search_term_string"}],"inLanguage":"tr"}]}},"_links":{"self":[{"href":"http:\/\/denizsporkulubu.com\/index.php?rest_route=\/wp\/v2\/pages\/654"}],"collection":[{"href":"http:\/\/denizsporkulubu.com\/index.php?rest_route=\/wp\/v2\/pages"}],"about":[{"href":"http:\/\/denizsporkulubu.com\/index.php?rest_route=\/wp\/v2\/types\/page"}],"author":[{"embeddable":true,"href":"http:\/\/denizsporkulubu.com\/index.php?rest_route=\/wp\/v2\/users\/1"}],"replies":[{"embeddable":true,"href":"http:\/\/denizsporkulubu.com\/index.php?rest_route=%2Fwp%2Fv2%2Fcomments&post=654"}],"version-history":[{"count":10,"href":"http:\/\/denizsporkulubu.com\/index.php?rest_route=\/wp\/v2\/pages\/654\/revisions"}],"predecessor-version":[{"id":1198,"href":"http:\/\/denizsporkulubu.com\/index.php?rest_route=\/wp\/v2\/pages\/654\/revisions\/1198"}],"up":[{"embeddable":true,"href":"http:\/\/denizsporkulubu.com\/index.php?rest_route=\/wp\/v2\/pages\/703"}],"wp:featuredmedia":[{"embeddable":true,"href":"http:\/\/denizsporkulubu.com\/index.php?rest_route=\/wp\/v2\/media\/633"}],"wp:attachment":[{"href":"http:\/\/denizsporkulubu.com\/index.php?rest_route=%2Fwp%2Fv2%2Fmedia&parent=654"}],"curies":[{"name":"wp","href":"https:\/\/api.w.org\/{rel}","templated":true}]}}