{"id":650,"date":"2020-05-17T16:40:45","date_gmt":"2020-05-17T14:40:45","guid":{"rendered":"http:\/\/denizsporkulubu.com\/wp\/?page_id=650"},"modified":"2023-11-29T09:55:00","modified_gmt":"2023-11-29T07:55:00","slug":"vucut-gelistirme","status":"publish","type":"page","link":"http:\/\/denizsporkulubu.com\/?page_id=650","title":{"rendered":"V\u00fccut Geli\u015ftirme (personal training)"},"content":{"rendered":"\t\t<div data-elementor-type=\"wp-page\" data-elementor-id=\"650\" class=\"elementor elementor-650\" data-elementor-settings=\"[]\">\n\t\t\t<div class=\"elementor-inner\">\n\t\t\t\t<div class=\"elementor-section-wrap\">\n\t\t\t\t\t\t\t<section class=\"elementor-element elementor-element-e9f46c7 elementor-section-boxed elementor-section-height-default elementor-section-height-default elementor-section elementor-top-section\" data-id=\"e9f46c7\" data-element_type=\"section\">\n\t\t\t\t\t\t<div class=\"elementor-container elementor-column-gap-default\">\n\t\t\t\t<div class=\"elementor-row\">\n\t\t\t\t<div class=\"elementor-element elementor-element-ac5a5b2 elementor-column elementor-col-66 elementor-top-column\" data-id=\"ac5a5b2\" data-element_type=\"column\">\n\t\t\t<div class=\"elementor-column-wrap  elementor-element-populated\">\n\t\t\t\t\t<div class=\"elementor-widget-wrap\">\n\t\t\t\t<div class=\"elementor-element elementor-element-531ff05 elementor-widget elementor-widget-image-gallery\" data-id=\"531ff05\" data-element_type=\"widget\" data-widget_type=\"image-gallery.default\">\n\t\t\t\t<div class=\"elementor-widget-container\">\n\t\t\t\t\t<div class=\"elementor-image-gallery\">\n\t\t\t<div id='gallery-1' class='gallery galleryid-650 gallery-columns-1 gallery-size-medium'><figure class='gallery-item'>\n\t\t\t<div class='gallery-icon landscape'>\n\t\t\t\t<a data-elementor-open-lightbox=\"yes\" data-elementor-lightbox-slideshow=\"531ff05\" data-elementor-lightbox-title=\"fitness resim\" href='http:\/\/denizsporkulubu.com\/wp-content\/uploads\/2020\/06\/fitness-resim.jpg'><img width=\"300\" height=\"174\" src=\"http:\/\/denizsporkulubu.com\/wp-content\/uploads\/2020\/06\/fitness-resim-300x174.jpg\" class=\"attachment-medium size-medium\" alt=\"\" decoding=\"async\" loading=\"lazy\" srcset=\"http:\/\/denizsporkulubu.com\/wp-content\/uploads\/2020\/06\/fitness-resim-300x174.jpg 300w, http:\/\/denizsporkulubu.com\/wp-content\/uploads\/2020\/06\/fitness-resim-768x445.jpg 768w, http:\/\/denizsporkulubu.com\/wp-content\/uploads\/2020\/06\/fitness-resim.jpg 1023w\" sizes=\"(max-width: 300px) 100vw, 300px\" \/><\/a>\n\t\t\t<\/div><\/figure>\n\t\t<\/div>\n\t\t<\/div>\n\t\t\t\t<\/div>\n\t\t\t\t<\/div>\n\t\t\t\t\t\t<\/div>\n\t\t\t<\/div>\n\t\t<\/div>\n\t\t\t\t<div class=\"elementor-element elementor-element-d107eeb elementor-column elementor-col-33 elementor-top-column\" data-id=\"d107eeb\" data-element_type=\"column\">\n\t\t\t<div class=\"elementor-column-wrap  elementor-element-populated\">\n\t\t\t\t\t<div class=\"elementor-widget-wrap\">\n\t\t\t\t<div class=\"elementor-element elementor-element-080e6ac animated-slow elementor-drop-cap-yes elementor-drop-cap-view-default elementor-invisible elementor-widget elementor-widget-text-editor\" data-id=\"080e6ac\" data-element_type=\"widget\" data-settings=\"{&quot;_animation&quot;:&quot;fadeIn&quot;,&quot;drop_cap&quot;:&quot;yes&quot;}\" data-widget_type=\"text-editor.default\">\n\t\t\t\t<div class=\"elementor-widget-container\">\n\t\t\t\t\t<div class=\"elementor-text-editor elementor-clearfix\"><ol>\n<li>\n<p><strong><br \/>V\u00dcCUT GEL\u0130\u015eT\u0130RME VE F\u0130TNESS&#8217;IN FAYDALARI NELERD\u0130R?<br \/><br \/>Kas Kuvveti ve Dayan\u0131kl\u0131l\u0131k Artar:<\/strong><\/p>\n<ul>\n<li>D\u00fczenli olarak v\u00fccut geli\u015ftirme ve fitness yapmak, kas k\u00fctlesini art\u0131r\u0131r ve kas kuvvetini geli\u015ftirir. Bu, g\u00fcnl\u00fck aktivitelerinizi daha etkili bir \u015fekilde yerine getirmenizi sa\u011flar.<\/li>\n<\/ul>\n<\/li>\n<li>\n<p><strong>V\u00fccut Kompozisyonu \u0130yile\u015fir:<\/strong><\/p>\n<ul>\n<li>Fitness, v\u00fccut ya\u011f oran\u0131n\u0131 azaltabilir ve kas k\u00fctlesini art\u0131rabilir. Bu, genel v\u00fccut kompozisyonunuzu iyile\u015ftirerek estetik bir g\u00f6r\u00fcn\u00fcm elde etmenize yard\u0131mc\u0131 olabilir.<\/li>\n<\/ul>\n<\/li>\n<li>\n<p><strong>Metabolizma H\u0131zlan\u0131r:<\/strong><\/p>\n<ul>\n<li>D\u00fczenli egzersiz, metabolizma h\u0131z\u0131n\u0131 art\u0131rabilir. Bu, kilo kontrol\u00fcne yard\u0131mc\u0131 olabilir ve enerji harcaman\u0131z\u0131 art\u0131rabilir.<\/li>\n<\/ul>\n<\/li>\n<li>\n<p><strong>Kardiyovask\u00fcler Sa\u011fl\u0131k Geli\u015fir:<\/strong><\/p>\n<ul>\n<li>Aerobik egzersizler, kalp ve damar sisteminizi g\u00fc\u00e7lendirir. Bu, kalp sa\u011fl\u0131\u011f\u0131n\u0131z\u0131 art\u0131r\u0131r, kan bas\u0131nc\u0131n\u0131 d\u00fczenler ve kolesterol seviyelerini kontrol alt\u0131nda tutar.<\/li>\n<\/ul>\n<\/li>\n<li>\n<p><strong>Esneklik ve Hareket Aral\u0131\u011f\u0131 Artar:<\/strong><\/p>\n<ul>\n<li>Fitness programlar\u0131 genellikle esneme egzersizlerini i\u00e7erir. Bu, eklemlerinizin ve kaslar\u0131n\u0131z\u0131n esnekli\u011fini art\u0131rarak hareket aral\u0131\u011f\u0131n\u0131 geni\u015fletir.<\/li>\n<\/ul>\n<\/li>\n<li>\n<p><strong>Stres Azal\u0131r:<\/strong><\/p>\n<ul>\n<li>Egzersiz, stres seviyelerini d\u00fc\u015f\u00fcrebilir ve ruh halini iyile\u015ftirebilir. Endorfin salg\u0131lanmas\u0131, genel zihinsel sa\u011fl\u0131\u011f\u0131n\u0131za olumlu bir etki yapabilir.<\/li>\n<\/ul>\n<\/li>\n<li>\n<p><strong>Kemik Yo\u011funlu\u011fu Artar:<\/strong><\/p>\n<ul>\n<li>A\u011f\u0131rl\u0131k ta\u015f\u0131ma, kemik yo\u011funlu\u011funu art\u0131rabilir. Bu, osteoporoz gibi kemik hastal\u0131klar\u0131na kar\u015f\u0131 koruma sa\u011flar.<\/li>\n<\/ul>\n<\/li>\n<li>\n<p><strong>\u0130yi Uyku Kalitesi:<\/strong><\/p>\n<ul>\n<li>D\u00fczenli egzersiz, uyku kalitesini art\u0131rabilir. Bu, daha iyi dinlenmi\u015f hissetmenize ve genel sa\u011fl\u0131k durumunuza olumlu bir etki yapabilir.<\/li>\n<\/ul>\n<\/li>\n<li>\n<p><strong>Ba\u011f\u0131\u015f\u0131kl\u0131k Sistemini G\u00fc\u00e7lendirir:<\/strong><\/p>\n<ul>\n<li>Egzersiz, ba\u011f\u0131\u015f\u0131kl\u0131k sistemini g\u00fc\u00e7lendirir ve hastal\u0131klara kar\u015f\u0131 direnci art\u0131rabilir.<\/li>\n<\/ul>\n<\/li>\n<li>\n<p><strong>Sosyal Faydalar:<\/strong><\/p>\n<ul>\n<li>Fitness ve v\u00fccut geli\u015ftirme aktiviteleri genellikle gruplar halinde yap\u0131l\u0131r. Bu da sosyal ba\u011flar\u0131 art\u0131rabilir ve motivasyonu art\u0131rabilir.<\/li>\n<\/ul>\n<\/li>\n<\/ol>\n<p>Ancak, herkesin sa\u011fl\u0131k durumu farkl\u0131d\u0131r. Yeni bir egzersiz program\u0131na ba\u015flamadan \u00f6nce, \u00f6zellikle mevcut bir sa\u011fl\u0131k sorununuz varsa, bir sa\u011fl\u0131k uzman\u0131na dan\u0131\u015fman\u0131z \u00f6nemlidir. Ayr\u0131ca, dengeli bir beslenme program\u0131n\u0131n ve d\u00fczenli dinlenmenin, v\u00fccut geli\u015ftirme ve fitness performans\u0131n\u0131z \u00fczerinde \u00f6nemli bir etkisi oldu\u011funu unutmamak \u00f6nemlidir.<\/p><\/div>\n\t\t\t\t<\/div>\n\t\t\t\t<\/div>\n\t\t\t\t\t\t<\/div>\n\t\t\t<\/div>\n\t\t<\/div>\n\t\t\t\t\t\t<\/div>\n\t\t\t<\/div>\n\t\t<\/section>\n\t\t\t\t<section class=\"elementor-element elementor-element-41fc9d4d elementor-section-boxed elementor-section-height-default elementor-section-height-default elementor-section elementor-top-section\" data-id=\"41fc9d4d\" data-element_type=\"section\">\n\t\t\t\t\t\t<div class=\"elementor-container elementor-column-gap-default\">\n\t\t\t\t<div class=\"elementor-row\">\n\t\t\t\t<div class=\"elementor-element elementor-element-7e140d6f elementor-column elementor-col-100 elementor-top-column\" data-id=\"7e140d6f\" data-element_type=\"column\">\n\t\t\t<div class=\"elementor-column-wrap  elementor-element-populated\">\n\t\t\t\t\t<div class=\"elementor-widget-wrap\">\n\t\t\t\t<div class=\"elementor-element elementor-element-245a8b85 elementor-drop-cap-yes animated-slow elementor-widget__width-inherit elementor-drop-cap-view-default elementor-invisible elementor-widget elementor-widget-text-editor\" data-id=\"245a8b85\" data-element_type=\"widget\" data-settings=\"{&quot;drop_cap&quot;:&quot;yes&quot;,&quot;_animation&quot;:&quot;slideInUp&quot;}\" data-widget_type=\"text-editor.default\">\n\t\t\t\t<div class=\"elementor-widget-container\">\n\t\t\t\t\t<div class=\"elementor-text-editor elementor-clearfix\"><p><span style=\"color: #000000;\"><!-- wp:paragraph --><\/span><\/p>\n<p>\u00a0<\/p>\n<p><span style=\"color: #003366;\">\u00a0<\/span><\/p>\n<p><\/p>\n<p><span style=\"color: #003366;\">\u00a0<\/span><\/p>\n<p><span style=\"color: #000000;\"><!-- \/wp:paragraph --><\/span><\/p><\/div>\n\t\t\t\t<\/div>\n\t\t\t\t<\/div>\n\t\t\t\t\t\t<\/div>\n\t\t\t<\/div>\n\t\t<\/div>\n\t\t\t\t\t\t<\/div>\n\t\t\t<\/div>\n\t\t<\/section>\n\t\t\t\t\t\t<\/div>\n\t\t\t<\/div>\n\t\t<\/div>\n\t\t","protected":false},"excerpt":{"rendered":"<p>V\u00dcCUT GEL\u0130\u015eT\u0130RME VE F\u0130TNESS&#8217;IN FAYDALARI NELERD\u0130R? Kas Kuvveti ve Dayan\u0131kl\u0131l\u0131k Artar: D\u00fczenli olarak v\u00fccut geli\u015ftirme ve fitness yapmak, kas k\u00fctlesini art\u0131r\u0131r ve kas kuvvetini geli\u015ftirir. Bu, g\u00fcnl\u00fck aktivitelerinizi daha etkili bir \u015fekilde yerine getirmenizi sa\u011flar. V\u00fccut Kompozisyonu \u0130yile\u015fir: Fitness, v\u00fccut ya\u011f oran\u0131n\u0131 azaltabilir ve kas k\u00fctlesini art\u0131rabilir. Bu, genel v\u00fccut kompozisyonunuzu iyile\u015ftirerek estetik bir g\u00f6r\u00fcn\u00fcm&hellip;<\/p>\n","protected":false},"author":1,"featured_media":0,"parent":703,"menu_order":0,"comment_status":"closed","ping_status":"closed","template":"elementor_header_footer","meta":[],"yoast_head":"<!-- This site is optimized with the Yoast SEO plugin v19.9 - https:\/\/yoast.com\/wordpress\/plugins\/seo\/ -->\n<title>V\u00fccut Geli\u015ftirme (personal training) -<\/title>\n<meta name=\"robots\" content=\"index, follow, max-snippet:-1, max-image-preview:large, max-video-preview:-1\" \/>\n<link rel=\"canonical\" href=\"https:\/\/denizsporkulubu.com\/?page_id=650\" \/>\n<meta property=\"og:locale\" content=\"tr_TR\" \/>\n<meta property=\"og:type\" content=\"article\" \/>\n<meta property=\"og:title\" content=\"V\u00fccut Geli\u015ftirme (personal training) -\" \/>\n<meta property=\"og:description\" content=\"V\u00dcCUT GEL\u0130\u015eT\u0130RME VE F\u0130TNESS&#8217;IN FAYDALARI NELERD\u0130R? Kas Kuvveti ve Dayan\u0131kl\u0131l\u0131k Artar: D\u00fczenli olarak v\u00fccut geli\u015ftirme ve fitness yapmak, kas k\u00fctlesini art\u0131r\u0131r ve kas kuvvetini geli\u015ftirir. Bu, g\u00fcnl\u00fck aktivitelerinizi daha etkili bir \u015fekilde yerine getirmenizi sa\u011flar. V\u00fccut Kompozisyonu \u0130yile\u015fir: Fitness, v\u00fccut ya\u011f oran\u0131n\u0131 azaltabilir ve kas k\u00fctlesini art\u0131rabilir. Bu, genel v\u00fccut kompozisyonunuzu iyile\u015ftirerek estetik bir g\u00f6r\u00fcn\u00fcm&hellip;\" \/>\n<meta property=\"og:url\" content=\"https:\/\/denizsporkulubu.com\/?page_id=650\" \/>\n<meta property=\"article:modified_time\" content=\"2023-11-29T07:55:00+00:00\" \/>\n<meta property=\"og:image\" content=\"http:\/\/denizsporkulubu.com\/wp-content\/uploads\/2020\/06\/fitness-resim-300x174.jpg\" \/>\n<meta name=\"twitter:card\" content=\"summary_large_image\" \/>\n<meta name=\"twitter:label1\" content=\"Tahmini okuma s\u00fcresi\" \/>\n\t<meta name=\"twitter:data1\" content=\"2 dakika\" \/>\n<script type=\"application\/ld+json\" class=\"yoast-schema-graph\">{\"@context\":\"https:\/\/schema.org\",\"@graph\":[{\"@type\":\"WebPage\",\"@id\":\"https:\/\/denizsporkulubu.com\/?page_id=650\",\"url\":\"https:\/\/denizsporkulubu.com\/?page_id=650\",\"name\":\"V\u00fccut Geli\u015ftirme (personal training) -\",\"isPartOf\":{\"@id\":\"http:\/\/denizsporkulubu.com\/#website\"},\"datePublished\":\"2020-05-17T14:40:45+00:00\",\"dateModified\":\"2023-11-29T07:55:00+00:00\",\"breadcrumb\":{\"@id\":\"https:\/\/denizsporkulubu.com\/?page_id=650#breadcrumb\"},\"inLanguage\":\"tr\",\"potentialAction\":[{\"@type\":\"ReadAction\",\"target\":[\"https:\/\/denizsporkulubu.com\/?page_id=650\"]}]},{\"@type\":\"BreadcrumbList\",\"@id\":\"https:\/\/denizsporkulubu.com\/?page_id=650#breadcrumb\",\"itemListElement\":[{\"@type\":\"ListItem\",\"position\":1,\"name\":\"Anasayfa\",\"item\":\"http:\/\/denizsporkulubu.com\/\"},{\"@type\":\"ListItem\",\"position\":2,\"name\":\"Bran\u015flar\u0131m\u0131z\",\"item\":\"https:\/\/denizsporkulubu.com\/?page_id=703\"},{\"@type\":\"ListItem\",\"position\":3,\"name\":\"V\u00fccut Geli\u015ftirme (personal training)\"}]},{\"@type\":\"WebSite\",\"@id\":\"http:\/\/denizsporkulubu.com\/#website\",\"url\":\"http:\/\/denizsporkulubu.com\/\",\"name\":\"\",\"description\":\"G\u00dc\u00c7L\u00dc B\u0130R BA\u011eI\u015eIKLIK S\u0130STEM\u0130 \u0130\u00c7\u0130N SPOR YAPIN\",\"potentialAction\":[{\"@type\":\"SearchAction\",\"target\":{\"@type\":\"EntryPoint\",\"urlTemplate\":\"http:\/\/denizsporkulubu.com\/?s={search_term_string}\"},\"query-input\":\"required name=search_term_string\"}],\"inLanguage\":\"tr\"}]}<\/script>\n<!-- \/ Yoast SEO plugin. -->","yoast_head_json":{"title":"V\u00fccut Geli\u015ftirme (personal training) -","robots":{"index":"index","follow":"follow","max-snippet":"max-snippet:-1","max-image-preview":"max-image-preview:large","max-video-preview":"max-video-preview:-1"},"canonical":"https:\/\/denizsporkulubu.com\/?page_id=650","og_locale":"tr_TR","og_type":"article","og_title":"V\u00fccut Geli\u015ftirme (personal training) -","og_description":"V\u00dcCUT GEL\u0130\u015eT\u0130RME VE F\u0130TNESS&#8217;IN FAYDALARI NELERD\u0130R? Kas Kuvveti ve Dayan\u0131kl\u0131l\u0131k Artar: D\u00fczenli olarak v\u00fccut geli\u015ftirme ve fitness yapmak, kas k\u00fctlesini art\u0131r\u0131r ve kas kuvvetini geli\u015ftirir. Bu, g\u00fcnl\u00fck aktivitelerinizi daha etkili bir \u015fekilde yerine getirmenizi sa\u011flar. V\u00fccut Kompozisyonu \u0130yile\u015fir: Fitness, v\u00fccut ya\u011f oran\u0131n\u0131 azaltabilir ve kas k\u00fctlesini art\u0131rabilir. Bu, genel v\u00fccut kompozisyonunuzu iyile\u015ftirerek estetik bir g\u00f6r\u00fcn\u00fcm&hellip;","og_url":"https:\/\/denizsporkulubu.com\/?page_id=650","article_modified_time":"2023-11-29T07:55:00+00:00","og_image":[{"url":"http:\/\/denizsporkulubu.com\/wp-content\/uploads\/2020\/06\/fitness-resim-300x174.jpg"}],"twitter_card":"summary_large_image","twitter_misc":{"Tahmini okuma s\u00fcresi":"2 dakika"},"schema":{"@context":"https:\/\/schema.org","@graph":[{"@type":"WebPage","@id":"https:\/\/denizsporkulubu.com\/?page_id=650","url":"https:\/\/denizsporkulubu.com\/?page_id=650","name":"V\u00fccut Geli\u015ftirme (personal training) -","isPartOf":{"@id":"http:\/\/denizsporkulubu.com\/#website"},"datePublished":"2020-05-17T14:40:45+00:00","dateModified":"2023-11-29T07:55:00+00:00","breadcrumb":{"@id":"https:\/\/denizsporkulubu.com\/?page_id=650#breadcrumb"},"inLanguage":"tr","potentialAction":[{"@type":"ReadAction","target":["https:\/\/denizsporkulubu.com\/?page_id=650"]}]},{"@type":"BreadcrumbList","@id":"https:\/\/denizsporkulubu.com\/?page_id=650#breadcrumb","itemListElement":[{"@type":"ListItem","position":1,"name":"Anasayfa","item":"http:\/\/denizsporkulubu.com\/"},{"@type":"ListItem","position":2,"name":"Bran\u015flar\u0131m\u0131z","item":"https:\/\/denizsporkulubu.com\/?page_id=703"},{"@type":"ListItem","position":3,"name":"V\u00fccut Geli\u015ftirme (personal training)"}]},{"@type":"WebSite","@id":"http:\/\/denizsporkulubu.com\/#website","url":"http:\/\/denizsporkulubu.com\/","name":"","description":"G\u00dc\u00c7L\u00dc B\u0130R BA\u011eI\u015eIKLIK S\u0130STEM\u0130 \u0130\u00c7\u0130N SPOR YAPIN","potentialAction":[{"@type":"SearchAction","target":{"@type":"EntryPoint","urlTemplate":"http:\/\/denizsporkulubu.com\/?s={search_term_string}"},"query-input":"required name=search_term_string"}],"inLanguage":"tr"}]}},"_links":{"self":[{"href":"http:\/\/denizsporkulubu.com\/index.php?rest_route=\/wp\/v2\/pages\/650"}],"collection":[{"href":"http:\/\/denizsporkulubu.com\/index.php?rest_route=\/wp\/v2\/pages"}],"about":[{"href":"http:\/\/denizsporkulubu.com\/index.php?rest_route=\/wp\/v2\/types\/page"}],"author":[{"embeddable":true,"href":"http:\/\/denizsporkulubu.com\/index.php?rest_route=\/wp\/v2\/users\/1"}],"replies":[{"embeddable":true,"href":"http:\/\/denizsporkulubu.com\/index.php?rest_route=%2Fwp%2Fv2%2Fcomments&post=650"}],"version-history":[{"count":20,"href":"http:\/\/denizsporkulubu.com\/index.php?rest_route=\/wp\/v2\/pages\/650\/revisions"}],"predecessor-version":[{"id":1381,"href":"http:\/\/denizsporkulubu.com\/index.php?rest_route=\/wp\/v2\/pages\/650\/revisions\/1381"}],"up":[{"embeddable":true,"href":"http:\/\/denizsporkulubu.com\/index.php?rest_route=\/wp\/v2\/pages\/703"}],"wp:attachment":[{"href":"http:\/\/denizsporkulubu.com\/index.php?rest_route=%2Fwp%2Fv2%2Fmedia&parent=650"}],"curies":[{"name":"wp","href":"https:\/\/api.w.org\/{rel}","templated":true}]}}