{"id":636,"date":"2020-05-17T16:06:01","date_gmt":"2020-05-17T14:06:01","guid":{"rendered":"http:\/\/denizsporkulubu.com\/wp\/?page_id=636"},"modified":"2020-05-21T12:17:08","modified_gmt":"2020-05-21T10:17:08","slug":"kickboks","status":"publish","type":"page","link":"http:\/\/denizsporkulubu.com\/?page_id=636","title":{"rendered":"Kickboks"},"content":{"rendered":"\t\t<div data-elementor-type=\"wp-page\" data-elementor-id=\"636\" class=\"elementor elementor-636\" data-elementor-settings=\"[]\">\n\t\t\t<div class=\"elementor-inner\">\n\t\t\t\t<div class=\"elementor-section-wrap\">\n\t\t\t\t\t\t\t<section class=\"elementor-element elementor-element-fbde97e elementor-section-boxed elementor-section-height-default elementor-section-height-default elementor-section elementor-top-section\" data-id=\"fbde97e\" data-element_type=\"section\" data-settings=\"{&quot;background_background&quot;:&quot;slideshow&quot;,&quot;background_slideshow_gallery&quot;:[],&quot;background_slideshow_loop&quot;:&quot;yes&quot;,&quot;background_slideshow_slide_duration&quot;:5000,&quot;background_slideshow_slide_transition&quot;:&quot;fade&quot;,&quot;background_slideshow_transition_duration&quot;:500}\">\n\t\t\t\t\t\t<div class=\"elementor-container elementor-column-gap-default\">\n\t\t\t\t<div class=\"elementor-row\">\n\t\t\t\t<div class=\"elementor-element elementor-element-b668b59 elementor-column elementor-col-66 elementor-top-column\" data-id=\"b668b59\" data-element_type=\"column\">\n\t\t\t<div class=\"elementor-column-wrap  elementor-element-populated\">\n\t\t\t\t\t<div class=\"elementor-widget-wrap\">\n\t\t\t\t<div class=\"elementor-element elementor-element-9ba4076 elementor-widget elementor-widget-image-gallery\" data-id=\"9ba4076\" data-element_type=\"widget\" data-widget_type=\"image-gallery.default\">\n\t\t\t\t<div class=\"elementor-widget-container\">\n\t\t\t\t\t<div class=\"elementor-image-gallery\">\n\t\t\t<div id='gallery-1' class='gallery galleryid-636 gallery-columns-1 gallery-size-medium'><figure class='gallery-item'>\n\t\t\t<div class='gallery-icon landscape'>\n\t\t\t\t<a data-elementor-open-lightbox=\"yes\" data-elementor-lightbox-slideshow=\"9ba4076\" data-elementor-lightbox-title=\"kick-boks-ankara-768x566\" href='http:\/\/denizsporkulubu.com\/wp-content\/uploads\/2020\/05\/kick-boks-ankara-768x566-1-e1589725644624.jpg'><img width=\"300\" height=\"300\" src=\"http:\/\/denizsporkulubu.com\/wp-content\/uploads\/2020\/05\/kick-boks-ankara-768x566-1-e1589725644624-300x300.jpg\" class=\"attachment-medium size-medium\" alt=\"\" decoding=\"async\" loading=\"lazy\" srcset=\"http:\/\/denizsporkulubu.com\/wp-content\/uploads\/2020\/05\/kick-boks-ankara-768x566-1-e1589725644624-300x300.jpg 300w, http:\/\/denizsporkulubu.com\/wp-content\/uploads\/2020\/05\/kick-boks-ankara-768x566-1-e1589725644624-150x150.jpg 150w, http:\/\/denizsporkulubu.com\/wp-content\/uploads\/2020\/05\/kick-boks-ankara-768x566-1-e1589725644624.jpg 568w\" sizes=\"(max-width: 300px) 100vw, 300px\" \/><\/a>\n\t\t\t<\/div><\/figure>\n\t\t<\/div>\n\t\t<\/div>\n\t\t\t\t<\/div>\n\t\t\t\t<\/div>\n\t\t\t\t\t\t<\/div>\n\t\t\t<\/div>\n\t\t<\/div>\n\t\t\t\t<div class=\"elementor-element elementor-element-837c6fc elementor-column elementor-col-33 elementor-top-column\" data-id=\"837c6fc\" data-element_type=\"column\">\n\t\t\t<div class=\"elementor-column-wrap  elementor-element-populated\">\n\t\t\t\t\t<div class=\"elementor-widget-wrap\">\n\t\t\t\t<div class=\"elementor-element elementor-element-c1e88b9 elementor-drop-cap-yes animated-slow elementor-drop-cap-view-default elementor-invisible elementor-widget elementor-widget-text-editor\" data-id=\"c1e88b9\" data-element_type=\"widget\" data-settings=\"{&quot;drop_cap&quot;:&quot;yes&quot;,&quot;_animation&quot;:&quot;fadeIn&quot;}\" data-widget_type=\"text-editor.default\">\n\t\t\t\t<div class=\"elementor-widget-container\">\n\t\t\t\t\t<div class=\"elementor-text-editor elementor-clearfix\"><p><span style=\"color: #003366;\">Kickboks tarihsel olarak Karate, Thai Boks (Tayland Boksu) ve bat\u0131 boksu sporlar\u0131ndan geli\u015ftirilmi\u015f, genellikle kendini savunma amac\u0131yla, tekme ve yumru\u011fa dayal\u0131 ayakta yap\u0131lan bir d\u00f6v\u00fc\u015f sporudur.<\/span><\/p>\n<p><span style=\"color: #003366;\"><!-- \/wp:paragraph --><!-- wp:paragraph --><\/span><\/p>\n<p><span style=\"color: #003366;\">Kickboks\u2019un temelleri Asya\u2019da 2000 y\u0131l \u00f6ncelerine kadar uzanmaktad\u0131r.<\/span><\/p>\n<p><span style=\"color: #003366;\"><!-- \/wp:paragraph --><!-- wp:paragraph --><\/span><\/p>\n<p><span style=\"color: #003366;\">Japon Kickboks\u2019u 1960\u2019l\u0131, Amerikan Kickboks\u2019u 1970\u2019li y\u0131llarda ortaya \u00e7\u0131km\u0131\u015ft\u0131r. Japon Kickboks\u2019u 1993 y\u0131l\u0131nda K1 haline gelmi\u015ftir. Tarihsel olarak Kickboks, \u00e7e\u015fitli geleneksel stillerin birle\u015fiminden meydana gelmi\u015f karma bir d\u00f6v\u00fc\u015f sporu olarak d\u00fc\u015f\u00fcn\u00fclebilir. Bu yakla\u015f\u0131m 1970\u2019li y\u0131llardan beri artarak kickboks sporu pop\u00fcler hale gelmi\u015ftir. 1990\u2019l\u0131 y\u0131llardan beri ise Kickboks, de\u011fi\u015fik d\u00f6v\u00fc\u015f tekniklerinin birle\u015fmesiyle karma d\u00f6v\u00fc\u015f sporlar\u0131n\u0131n ortaya \u00e7\u0131kmas\u0131nda \u00a0katk\u0131da bulunmu\u015ftur.<\/span><\/p>\n<p><span style=\"color: #003366;\"><!-- \/wp:paragraph --><!-- wp:paragraph --><\/span><\/p>\n<p><span style=\"color: #003366;\">1976\u2019da Avrupa\u2019da yayg\u0131nla\u015fan Kickboks, WAKO\u2019nun organizasyonlar\u0131yla geli\u015fmeye ba\u015flam\u0131\u015ft\u0131r.\u00a0 WAKO\u2019nun \u00a0Kurucusu Berlin\u2019den Mr. GeorgBruckner\u2019dir. Kendisi 1978\u2019de 18 \u00fclkeden 110 sporcu ile Semi ve Full Contact Karate bran\u015flar\u0131nda ilk D\u00fcnya \u015fampiyonas\u0131n\u0131 d\u00fczenleyen ki\u015fidir. Sonras\u0131nda WAKO ivedilikle yeni d\u00f6v\u00fc\u015f sporlar\u0131 i\u00e7in kurallar\u0131 ve d\u00fczenlemeleri olu\u015fturdu ve d\u00fcnyada \u00f6zg\u00fcn bir Kickboks Federasyonu olarak g\u00f6revini s\u00fcrd\u00fcrd\u00fc. Her bir \u00fcye \u00fclke her bir a\u011f\u0131rl\u0131k kategorisinde yaln\u0131zca bir sporcu ile temsil edilmekte ve b\u00f6ylelikle en iyi sporcular\u0131n kat\u0131l\u0131m\u0131 sa\u011flanmaktad\u0131r.<\/span><\/p><\/div>\n\t\t\t\t<\/div>\n\t\t\t\t<\/div>\n\t\t\t\t\t\t<\/div>\n\t\t\t<\/div>\n\t\t<\/div>\n\t\t\t\t\t\t<\/div>\n\t\t\t<\/div>\n\t\t<\/section>\n\t\t\t\t\t\t<\/div>\n\t\t\t<\/div>\n\t\t<\/div>\n\t\t","protected":false},"excerpt":{"rendered":"<p>Kickboks tarihsel olarak Karate, Thai Boks (Tayland Boksu) ve bat\u0131 boksu sporlar\u0131ndan geli\u015ftirilmi\u015f, genellikle kendini savunma amac\u0131yla, tekme ve yumru\u011fa dayal\u0131 ayakta yap\u0131lan bir d\u00f6v\u00fc\u015f sporudur. Kickboks\u2019un temelleri Asya\u2019da 2000 y\u0131l \u00f6ncelerine kadar uzanmaktad\u0131r. Japon Kickboks\u2019u 1960\u2019l\u0131, Amerikan Kickboks\u2019u 1970\u2019li y\u0131llarda ortaya \u00e7\u0131km\u0131\u015ft\u0131r. Japon Kickboks\u2019u 1993 y\u0131l\u0131nda K1 haline gelmi\u015ftir. Tarihsel olarak Kickboks, \u00e7e\u015fitli geleneksel&hellip;<\/p>\n","protected":false},"author":1,"featured_media":0,"parent":703,"menu_order":0,"comment_status":"closed","ping_status":"closed","template":"elementor_header_footer","meta":[],"yoast_head":"<!-- This site is optimized with the Yoast SEO plugin v19.9 - https:\/\/yoast.com\/wordpress\/plugins\/seo\/ -->\n<title>Kickboks -<\/title>\n<meta name=\"robots\" content=\"index, follow, max-snippet:-1, max-image-preview:large, max-video-preview:-1\" \/>\n<link rel=\"canonical\" href=\"https:\/\/denizsporkulubu.com\/?page_id=636\" \/>\n<meta property=\"og:locale\" content=\"tr_TR\" \/>\n<meta property=\"og:type\" content=\"article\" \/>\n<meta property=\"og:title\" content=\"Kickboks -\" \/>\n<meta property=\"og:description\" content=\"Kickboks tarihsel olarak Karate, Thai Boks (Tayland Boksu) ve bat\u0131 boksu sporlar\u0131ndan geli\u015ftirilmi\u015f, genellikle kendini savunma amac\u0131yla, tekme ve yumru\u011fa dayal\u0131 ayakta yap\u0131lan bir d\u00f6v\u00fc\u015f sporudur. Kickboks\u2019un temelleri Asya\u2019da 2000 y\u0131l \u00f6ncelerine kadar uzanmaktad\u0131r. Japon Kickboks\u2019u 1960\u2019l\u0131, Amerikan Kickboks\u2019u 1970\u2019li y\u0131llarda ortaya \u00e7\u0131km\u0131\u015ft\u0131r. Japon Kickboks\u2019u 1993 y\u0131l\u0131nda K1 haline gelmi\u015ftir. Tarihsel olarak Kickboks, \u00e7e\u015fitli geleneksel&hellip;\" \/>\n<meta property=\"og:url\" content=\"https:\/\/denizsporkulubu.com\/?page_id=636\" \/>\n<meta property=\"article:modified_time\" content=\"2020-05-21T10:17:08+00:00\" \/>\n<meta property=\"og:image\" content=\"http:\/\/denizsporkulubu.com\/wp\/wp-content\/uploads\/2020\/05\/kick-boks-ankara-768x566-1-e1589725644624-300x300.jpg\" \/>\n<meta name=\"twitter:card\" content=\"summary_large_image\" \/>\n<meta name=\"twitter:label1\" content=\"Tahmini okuma s\u00fcresi\" \/>\n\t<meta name=\"twitter:data1\" content=\"1 dakika\" \/>\n<script type=\"application\/ld+json\" class=\"yoast-schema-graph\">{\"@context\":\"https:\/\/schema.org\",\"@graph\":[{\"@type\":\"WebPage\",\"@id\":\"https:\/\/denizsporkulubu.com\/?page_id=636\",\"url\":\"https:\/\/denizsporkulubu.com\/?page_id=636\",\"name\":\"Kickboks -\",\"isPartOf\":{\"@id\":\"http:\/\/denizsporkulubu.com\/#website\"},\"datePublished\":\"2020-05-17T14:06:01+00:00\",\"dateModified\":\"2020-05-21T10:17:08+00:00\",\"breadcrumb\":{\"@id\":\"https:\/\/denizsporkulubu.com\/?page_id=636#breadcrumb\"},\"inLanguage\":\"tr\",\"potentialAction\":[{\"@type\":\"ReadAction\",\"target\":[\"https:\/\/denizsporkulubu.com\/?page_id=636\"]}]},{\"@type\":\"BreadcrumbList\",\"@id\":\"https:\/\/denizsporkulubu.com\/?page_id=636#breadcrumb\",\"itemListElement\":[{\"@type\":\"ListItem\",\"position\":1,\"name\":\"Anasayfa\",\"item\":\"http:\/\/denizsporkulubu.com\/\"},{\"@type\":\"ListItem\",\"position\":2,\"name\":\"Bran\u015flar\u0131m\u0131z\",\"item\":\"https:\/\/denizsporkulubu.com\/?page_id=703\"},{\"@type\":\"ListItem\",\"position\":3,\"name\":\"Kickboks\"}]},{\"@type\":\"WebSite\",\"@id\":\"http:\/\/denizsporkulubu.com\/#website\",\"url\":\"http:\/\/denizsporkulubu.com\/\",\"name\":\"\",\"description\":\"G\u00dc\u00c7L\u00dc B\u0130R BA\u011eI\u015eIKLIK S\u0130STEM\u0130 \u0130\u00c7\u0130N SPOR YAPIN\",\"potentialAction\":[{\"@type\":\"SearchAction\",\"target\":{\"@type\":\"EntryPoint\",\"urlTemplate\":\"http:\/\/denizsporkulubu.com\/?s={search_term_string}\"},\"query-input\":\"required name=search_term_string\"}],\"inLanguage\":\"tr\"}]}<\/script>\n<!-- \/ Yoast SEO plugin. -->","yoast_head_json":{"title":"Kickboks -","robots":{"index":"index","follow":"follow","max-snippet":"max-snippet:-1","max-image-preview":"max-image-preview:large","max-video-preview":"max-video-preview:-1"},"canonical":"https:\/\/denizsporkulubu.com\/?page_id=636","og_locale":"tr_TR","og_type":"article","og_title":"Kickboks -","og_description":"Kickboks tarihsel olarak Karate, Thai Boks (Tayland Boksu) ve bat\u0131 boksu sporlar\u0131ndan geli\u015ftirilmi\u015f, genellikle kendini savunma amac\u0131yla, tekme ve yumru\u011fa dayal\u0131 ayakta yap\u0131lan bir d\u00f6v\u00fc\u015f sporudur. Kickboks\u2019un temelleri Asya\u2019da 2000 y\u0131l \u00f6ncelerine kadar uzanmaktad\u0131r. Japon Kickboks\u2019u 1960\u2019l\u0131, Amerikan Kickboks\u2019u 1970\u2019li y\u0131llarda ortaya \u00e7\u0131km\u0131\u015ft\u0131r. Japon Kickboks\u2019u 1993 y\u0131l\u0131nda K1 haline gelmi\u015ftir. Tarihsel olarak Kickboks, \u00e7e\u015fitli geleneksel&hellip;","og_url":"https:\/\/denizsporkulubu.com\/?page_id=636","article_modified_time":"2020-05-21T10:17:08+00:00","og_image":[{"url":"http:\/\/denizsporkulubu.com\/wp\/wp-content\/uploads\/2020\/05\/kick-boks-ankara-768x566-1-e1589725644624-300x300.jpg"}],"twitter_card":"summary_large_image","twitter_misc":{"Tahmini okuma s\u00fcresi":"1 dakika"},"schema":{"@context":"https:\/\/schema.org","@graph":[{"@type":"WebPage","@id":"https:\/\/denizsporkulubu.com\/?page_id=636","url":"https:\/\/denizsporkulubu.com\/?page_id=636","name":"Kickboks -","isPartOf":{"@id":"http:\/\/denizsporkulubu.com\/#website"},"datePublished":"2020-05-17T14:06:01+00:00","dateModified":"2020-05-21T10:17:08+00:00","breadcrumb":{"@id":"https:\/\/denizsporkulubu.com\/?page_id=636#breadcrumb"},"inLanguage":"tr","potentialAction":[{"@type":"ReadAction","target":["https:\/\/denizsporkulubu.com\/?page_id=636"]}]},{"@type":"BreadcrumbList","@id":"https:\/\/denizsporkulubu.com\/?page_id=636#breadcrumb","itemListElement":[{"@type":"ListItem","position":1,"name":"Anasayfa","item":"http:\/\/denizsporkulubu.com\/"},{"@type":"ListItem","position":2,"name":"Bran\u015flar\u0131m\u0131z","item":"https:\/\/denizsporkulubu.com\/?page_id=703"},{"@type":"ListItem","position":3,"name":"Kickboks"}]},{"@type":"WebSite","@id":"http:\/\/denizsporkulubu.com\/#website","url":"http:\/\/denizsporkulubu.com\/","name":"","description":"G\u00dc\u00c7L\u00dc B\u0130R BA\u011eI\u015eIKLIK S\u0130STEM\u0130 \u0130\u00c7\u0130N SPOR YAPIN","potentialAction":[{"@type":"SearchAction","target":{"@type":"EntryPoint","urlTemplate":"http:\/\/denizsporkulubu.com\/?s={search_term_string}"},"query-input":"required name=search_term_string"}],"inLanguage":"tr"}]}},"_links":{"self":[{"href":"http:\/\/denizsporkulubu.com\/index.php?rest_route=\/wp\/v2\/pages\/636"}],"collection":[{"href":"http:\/\/denizsporkulubu.com\/index.php?rest_route=\/wp\/v2\/pages"}],"about":[{"href":"http:\/\/denizsporkulubu.com\/index.php?rest_route=\/wp\/v2\/types\/page"}],"author":[{"embeddable":true,"href":"http:\/\/denizsporkulubu.com\/index.php?rest_route=\/wp\/v2\/users\/1"}],"replies":[{"embeddable":true,"href":"http:\/\/denizsporkulubu.com\/index.php?rest_route=%2Fwp%2Fv2%2Fcomments&post=636"}],"version-history":[{"count":15,"href":"http:\/\/denizsporkulubu.com\/index.php?rest_route=\/wp\/v2\/pages\/636\/revisions"}],"predecessor-version":[{"id":810,"href":"http:\/\/denizsporkulubu.com\/index.php?rest_route=\/wp\/v2\/pages\/636\/revisions\/810"}],"up":[{"embeddable":true,"href":"http:\/\/denizsporkulubu.com\/index.php?rest_route=\/wp\/v2\/pages\/703"}],"wp:attachment":[{"href":"http:\/\/denizsporkulubu.com\/index.php?rest_route=%2Fwp%2Fv2%2Fmedia&parent=636"}],"curies":[{"name":"wp","href":"https:\/\/api.w.org\/{rel}","templated":true}]}}