{"id":611,"date":"2020-05-10T21:23:28","date_gmt":"2020-05-10T19:23:28","guid":{"rendered":"http:\/\/denizsporkulubu.com\/wp\/?page_id=611"},"modified":"2020-06-15T14:55:45","modified_gmt":"2020-06-15T12:55:45","slug":"hakkimizda","status":"publish","type":"page","link":"http:\/\/denizsporkulubu.com\/?page_id=611","title":{"rendered":"Hakk\u0131m\u0131zda"},"content":{"rendered":"\n<p class=\"has-drop-cap\">Deniz Spor Kul\u00fcb\u00fc&nbsp; 2012 y\u0131l\u0131ndan bu yana Ankara Maltepe de hizmet vermektedir. S\u0131cak, samimi ve aile ortam\u0131nda rahat bir \u015fekilde spor yapabilmeniz i\u00e7in, profesyonel kadromuzla sizlere e\u011fitim vermeye devam ediyoruz.<\/p>\n\n\n\n<p>Studio ve d\u00f6v\u00fc\u015f salonlar\u0131 olmak \u00fczere 4 farkl\u0131 e\u011fitim alan\u0131m\u0131zla \u00e7evrenin en b\u00fcy\u00fck ve kapsaml\u0131 salonu olmakla birlikte, profesyonel kum torbalar\u0131, mma kafesi ve gerekli olan t\u00fcm malzemelerle sporculara d\u00fcnya standartlar\u0131nda e\u011fitim verme imkan\u0131na sahiptir.Kul\u00fcb\u00fcm\u00fczde e\u011fitim alabilece\u011finiz bran\u015flar\u0131m\u0131z Mma, Kickboks, Boks, Muaythai, Wingtzun, Pilates, ReformerPilates, (aletli pilates), Zumba, Taekwondo-Kids, Cimnastik, Akrobasi.<\/p>\n\n\n\n<p>Amacan\u0131z ister profesyonel bir sporcu olmak olsun, ister spor yap\u0131p formda kalmak olsun, Bizimle ba\u015far\u0131ya ula\u015faca\u011f\u0131n\u0131za eminiz. Haftan\u0131n belli g\u00fcnlerinde grup egzersizlerine kat\u0131labilece\u011finiz gibi, istedi\u011finiz e\u011fitmenden bire bir \u00f6zel ders al\u0131p geli\u015fiminizi daha h\u0131zl\u0131 ve&nbsp; profesyonel \u015fekilde programlayabilirsiniz.<\/p>\n\n\n\n<p>E\u011fitmenlerin sizler i\u00e7in haz\u0131rlayaca\u011f\u0131 programlarla hedeflerinize daha kolay ula\u015facaks\u0131n\u0131z.<\/p>\n\n\n\n<p>Kul\u00fcb\u00fcm\u00fczde sizlere sunabilece\u011fimiz geli\u015fimlerden baz\u0131lar\u0131; Spor yaparak sa\u011fl\u0131kl\u0131 bir \u015fekilde kilo vermek, s\u0131k\u0131la\u015fmak, ya\u011f yakmak, kas k\u00fctlesi kazanmak, forma girmek, \u00f6zg\u00fcven kazanmak, esnekli\u011finizi artt\u0131rmak, savunma \u00f6\u011frenmek.<\/p>\n\n\n\n<p>Klasik fitness antrenmanlar\u0131 uzun kardiyolardan s\u0131k\u0131ld\u0131ysan\u0131z kickboks, mma, aletli pilates, boks sizin i\u00e7in \u00e7ok daha e\u011flenceli bir spor hayat\u0131na kap\u0131 a\u00e7abilir. Bu heyecan\u0131 birlikte ya\u015famak i\u00e7in sizleride kul\u00fcb\u00fcm\u00fcze spor yapmaya bekliyoruz.<\/p>\n\n\n\n<figure class=\"is-layout-flex wp-block-gallery-1 wp-block-gallery columns-5 is-cropped\"><ul class=\"blocks-gallery-grid\"><li class=\"blocks-gallery-item\"><figure><img decoding=\"async\" loading=\"lazy\" width=\"1024\" height=\"768\" src=\"http:\/\/denizsporkulubu.com\/wp\/wp-content\/uploads\/2020\/05\/20148875_10208407144451081_794551357_o_1067x800-1-1024x768.jpg\" alt=\"\" data-id=\"613\" data-full-url=\"http:\/\/denizsporkulubu.com\/wp\/wp-content\/uploads\/2020\/05\/20148875_10208407144451081_794551357_o_1067x800-1.jpg\" data-link=\"http:\/\/denizsporkulubu.com\/wp\/?attachment_id=613\" class=\"wp-image-613\" srcset=\"http:\/\/denizsporkulubu.com\/wp-content\/uploads\/2020\/05\/20148875_10208407144451081_794551357_o_1067x800-1-1024x768.jpg 1024w, http:\/\/denizsporkulubu.com\/wp-content\/uploads\/2020\/05\/20148875_10208407144451081_794551357_o_1067x800-1-300x225.jpg 300w, http:\/\/denizsporkulubu.com\/wp-content\/uploads\/2020\/05\/20148875_10208407144451081_794551357_o_1067x800-1-768x576.jpg 768w, http:\/\/denizsporkulubu.com\/wp-content\/uploads\/2020\/05\/20148875_10208407144451081_794551357_o_1067x800-1.jpg 1067w\" sizes=\"(max-width: 1024px) 100vw, 1024px\" \/><\/figure><\/li><li class=\"blocks-gallery-item\"><figure><img decoding=\"async\" loading=\"lazy\" width=\"1024\" height=\"768\" src=\"http:\/\/denizsporkulubu.com\/wp\/wp-content\/uploads\/2020\/05\/20180399_10208407143571059_926055371_o_1067x800-1-1024x768.jpg\" alt=\"\" data-id=\"614\" data-full-url=\"http:\/\/denizsporkulubu.com\/wp\/wp-content\/uploads\/2020\/05\/20180399_10208407143571059_926055371_o_1067x800-1.jpg\" data-link=\"http:\/\/denizsporkulubu.com\/wp\/?attachment_id=614\" class=\"wp-image-614\" srcset=\"http:\/\/denizsporkulubu.com\/wp-content\/uploads\/2020\/05\/20180399_10208407143571059_926055371_o_1067x800-1-1024x768.jpg 1024w, http:\/\/denizsporkulubu.com\/wp-content\/uploads\/2020\/05\/20180399_10208407143571059_926055371_o_1067x800-1-300x225.jpg 300w, http:\/\/denizsporkulubu.com\/wp-content\/uploads\/2020\/05\/20180399_10208407143571059_926055371_o_1067x800-1-768x576.jpg 768w, http:\/\/denizsporkulubu.com\/wp-content\/uploads\/2020\/05\/20180399_10208407143571059_926055371_o_1067x800-1.jpg 1067w\" sizes=\"(max-width: 1024px) 100vw, 1024px\" \/><\/figure><\/li><li class=\"blocks-gallery-item\"><figure><img decoding=\"async\" loading=\"lazy\" width=\"801\" height=\"800\" src=\"http:\/\/denizsporkulubu.com\/wp\/wp-content\/uploads\/2020\/05\/20180473_10208407145171099_1685018098_o_801x800-2.jpg\" alt=\"\" data-id=\"615\" data-full-url=\"http:\/\/denizsporkulubu.com\/wp\/wp-content\/uploads\/2020\/05\/20180473_10208407145171099_1685018098_o_801x800-2.jpg\" data-link=\"http:\/\/denizsporkulubu.com\/wp\/?attachment_id=615\" class=\"wp-image-615\" srcset=\"http:\/\/denizsporkulubu.com\/wp-content\/uploads\/2020\/05\/20180473_10208407145171099_1685018098_o_801x800-2.jpg 801w, http:\/\/denizsporkulubu.com\/wp-content\/uploads\/2020\/05\/20180473_10208407145171099_1685018098_o_801x800-2-300x300.jpg 300w, http:\/\/denizsporkulubu.com\/wp-content\/uploads\/2020\/05\/20180473_10208407145171099_1685018098_o_801x800-2-150x150.jpg 150w, http:\/\/denizsporkulubu.com\/wp-content\/uploads\/2020\/05\/20180473_10208407145171099_1685018098_o_801x800-2-768x767.jpg 768w\" sizes=\"(max-width: 801px) 100vw, 801px\" \/><\/figure><\/li><li class=\"blocks-gallery-item\"><figure><img decoding=\"async\" loading=\"lazy\" width=\"1024\" height=\"768\" src=\"http:\/\/denizsporkulubu.com\/wp\/wp-content\/uploads\/2020\/05\/20216680_10208407144051071_1647667179_o_1067x800-1-1024x768.jpg\" alt=\"\" data-id=\"616\" data-full-url=\"http:\/\/denizsporkulubu.com\/wp\/wp-content\/uploads\/2020\/05\/20216680_10208407144051071_1647667179_o_1067x800-1.jpg\" data-link=\"http:\/\/denizsporkulubu.com\/wp\/?attachment_id=616\" class=\"wp-image-616\" srcset=\"http:\/\/denizsporkulubu.com\/wp-content\/uploads\/2020\/05\/20216680_10208407144051071_1647667179_o_1067x800-1-1024x768.jpg 1024w, http:\/\/denizsporkulubu.com\/wp-content\/uploads\/2020\/05\/20216680_10208407144051071_1647667179_o_1067x800-1-300x225.jpg 300w, http:\/\/denizsporkulubu.com\/wp-content\/uploads\/2020\/05\/20216680_10208407144051071_1647667179_o_1067x800-1-768x576.jpg 768w, http:\/\/denizsporkulubu.com\/wp-content\/uploads\/2020\/05\/20216680_10208407144051071_1647667179_o_1067x800-1.jpg 1067w\" sizes=\"(max-width: 1024px) 100vw, 1024px\" \/><\/figure><\/li><li class=\"blocks-gallery-item\"><figure><img decoding=\"async\" loading=\"lazy\" width=\"576\" height=\"1024\" src=\"http:\/\/denizsporkulubu.com\/wp\/wp-content\/uploads\/2020\/05\/IMG_0864_1280x720-1-576x1024.jpg\" alt=\"\" data-id=\"617\" data-full-url=\"http:\/\/denizsporkulubu.com\/wp\/wp-content\/uploads\/2020\/05\/IMG_0864_1280x720-1-rotated.jpg\" data-link=\"http:\/\/denizsporkulubu.com\/wp\/?attachment_id=617\" class=\"wp-image-617\" srcset=\"http:\/\/denizsporkulubu.com\/wp-content\/uploads\/2020\/05\/IMG_0864_1280x720-1-576x1024.jpg 576w, http:\/\/denizsporkulubu.com\/wp-content\/uploads\/2020\/05\/IMG_0864_1280x720-1-169x300.jpg 169w, http:\/\/denizsporkulubu.com\/wp-content\/uploads\/2020\/05\/IMG_0864_1280x720-1-rotated.jpg 720w\" sizes=\"(max-width: 576px) 100vw, 576px\" \/><\/figure><\/li><li class=\"blocks-gallery-item\"><figure><img decoding=\"async\" loading=\"lazy\" width=\"450\" height=\"800\" src=\"http:\/\/denizsporkulubu.com\/wp\/wp-content\/uploads\/2020\/05\/IMG_8113_450x800-1.jpg\" alt=\"\" data-id=\"618\" data-full-url=\"http:\/\/denizsporkulubu.com\/wp\/wp-content\/uploads\/2020\/05\/IMG_8113_450x800-1.jpg\" data-link=\"http:\/\/denizsporkulubu.com\/wp\/?attachment_id=618\" class=\"wp-image-618\" srcset=\"http:\/\/denizsporkulubu.com\/wp-content\/uploads\/2020\/05\/IMG_8113_450x800-1.jpg 450w, http:\/\/denizsporkulubu.com\/wp-content\/uploads\/2020\/05\/IMG_8113_450x800-1-169x300.jpg 169w\" sizes=\"(max-width: 450px) 100vw, 450px\" \/><\/figure><\/li><\/ul><\/figure>\n","protected":false},"excerpt":{"rendered":"<p>Deniz Spor Kul\u00fcb\u00fc&nbsp; 2012 y\u0131l\u0131ndan bu yana Ankara Maltepe de hizmet vermektedir. S\u0131cak, samimi ve aile ortam\u0131nda rahat bir \u015fekilde spor yapabilmeniz i\u00e7in, profesyonel kadromuzla sizlere e\u011fitim vermeye devam ediyoruz. Studio ve d\u00f6v\u00fc\u015f salonlar\u0131 olmak \u00fczere 4 farkl\u0131 e\u011fitim alan\u0131m\u0131zla \u00e7evrenin en b\u00fcy\u00fck ve kapsaml\u0131 salonu olmakla birlikte, profesyonel kum torbalar\u0131, mma kafesi ve gerekli&hellip;<\/p>\n","protected":false},"author":1,"featured_media":1079,"parent":0,"menu_order":0,"comment_status":"closed","ping_status":"closed","template":"","meta":[],"yoast_head":"<!-- This site is optimized with the Yoast SEO plugin v19.9 - https:\/\/yoast.com\/wordpress\/plugins\/seo\/ -->\n<title>Hakk\u0131m\u0131zda -<\/title>\n<meta name=\"robots\" content=\"index, follow, max-snippet:-1, max-image-preview:large, max-video-preview:-1\" \/>\n<link rel=\"canonical\" href=\"https:\/\/denizsporkulubu.com\/?page_id=611\" \/>\n<meta property=\"og:locale\" content=\"tr_TR\" \/>\n<meta property=\"og:type\" content=\"article\" \/>\n<meta property=\"og:title\" content=\"Hakk\u0131m\u0131zda -\" \/>\n<meta property=\"og:description\" content=\"Deniz Spor Kul\u00fcb\u00fc&nbsp; 2012 y\u0131l\u0131ndan bu yana Ankara Maltepe de hizmet vermektedir. S\u0131cak, samimi ve aile ortam\u0131nda rahat bir \u015fekilde spor yapabilmeniz i\u00e7in, profesyonel kadromuzla sizlere e\u011fitim vermeye devam ediyoruz. Studio ve d\u00f6v\u00fc\u015f salonlar\u0131 olmak \u00fczere 4 farkl\u0131 e\u011fitim alan\u0131m\u0131zla \u00e7evrenin en b\u00fcy\u00fck ve kapsaml\u0131 salonu olmakla birlikte, profesyonel kum torbalar\u0131, mma kafesi ve gerekli&hellip;\" \/>\n<meta property=\"og:url\" content=\"https:\/\/denizsporkulubu.com\/?page_id=611\" \/>\n<meta property=\"article:modified_time\" content=\"2020-06-15T12:55:45+00:00\" \/>\n<meta property=\"og:image\" content=\"https:\/\/denizsporkulubu.com\/wp-content\/uploads\/2020\/05\/ReformerPilatesT.jpg\" \/>\n\t<meta property=\"og:image:width\" content=\"384\" \/>\n\t<meta property=\"og:image:height\" content=\"256\" \/>\n\t<meta property=\"og:image:type\" content=\"image\/jpeg\" \/>\n<meta name=\"twitter:card\" content=\"summary_large_image\" \/>\n<meta name=\"twitter:label1\" content=\"Tahmini okuma s\u00fcresi\" \/>\n\t<meta name=\"twitter:data1\" content=\"1 dakika\" \/>\n<script type=\"application\/ld+json\" class=\"yoast-schema-graph\">{\"@context\":\"https:\/\/schema.org\",\"@graph\":[{\"@type\":\"WebPage\",\"@id\":\"https:\/\/denizsporkulubu.com\/?page_id=611\",\"url\":\"https:\/\/denizsporkulubu.com\/?page_id=611\",\"name\":\"Hakk\u0131m\u0131zda -\",\"isPartOf\":{\"@id\":\"http:\/\/denizsporkulubu.com\/#website\"},\"datePublished\":\"2020-05-10T19:23:28+00:00\",\"dateModified\":\"2020-06-15T12:55:45+00:00\",\"breadcrumb\":{\"@id\":\"https:\/\/denizsporkulubu.com\/?page_id=611#breadcrumb\"},\"inLanguage\":\"tr\",\"potentialAction\":[{\"@type\":\"ReadAction\",\"target\":[\"https:\/\/denizsporkulubu.com\/?page_id=611\"]}]},{\"@type\":\"BreadcrumbList\",\"@id\":\"https:\/\/denizsporkulubu.com\/?page_id=611#breadcrumb\",\"itemListElement\":[{\"@type\":\"ListItem\",\"position\":1,\"name\":\"Anasayfa\",\"item\":\"http:\/\/denizsporkulubu.com\/\"},{\"@type\":\"ListItem\",\"position\":2,\"name\":\"Hakk\u0131m\u0131zda\"}]},{\"@type\":\"WebSite\",\"@id\":\"http:\/\/denizsporkulubu.com\/#website\",\"url\":\"http:\/\/denizsporkulubu.com\/\",\"name\":\"\",\"description\":\"G\u00dc\u00c7L\u00dc B\u0130R BA\u011eI\u015eIKLIK S\u0130STEM\u0130 \u0130\u00c7\u0130N SPOR YAPIN\",\"potentialAction\":[{\"@type\":\"SearchAction\",\"target\":{\"@type\":\"EntryPoint\",\"urlTemplate\":\"http:\/\/denizsporkulubu.com\/?s={search_term_string}\"},\"query-input\":\"required name=search_term_string\"}],\"inLanguage\":\"tr\"}]}<\/script>\n<!-- \/ Yoast SEO plugin. -->","yoast_head_json":{"title":"Hakk\u0131m\u0131zda -","robots":{"index":"index","follow":"follow","max-snippet":"max-snippet:-1","max-image-preview":"max-image-preview:large","max-video-preview":"max-video-preview:-1"},"canonical":"https:\/\/denizsporkulubu.com\/?page_id=611","og_locale":"tr_TR","og_type":"article","og_title":"Hakk\u0131m\u0131zda -","og_description":"Deniz Spor Kul\u00fcb\u00fc&nbsp; 2012 y\u0131l\u0131ndan bu yana Ankara Maltepe de hizmet vermektedir. S\u0131cak, samimi ve aile ortam\u0131nda rahat bir \u015fekilde spor yapabilmeniz i\u00e7in, profesyonel kadromuzla sizlere e\u011fitim vermeye devam ediyoruz. Studio ve d\u00f6v\u00fc\u015f salonlar\u0131 olmak \u00fczere 4 farkl\u0131 e\u011fitim alan\u0131m\u0131zla \u00e7evrenin en b\u00fcy\u00fck ve kapsaml\u0131 salonu olmakla birlikte, profesyonel kum torbalar\u0131, mma kafesi ve gerekli&hellip;","og_url":"https:\/\/denizsporkulubu.com\/?page_id=611","article_modified_time":"2020-06-15T12:55:45+00:00","og_image":[{"width":384,"height":256,"url":"https:\/\/denizsporkulubu.com\/wp-content\/uploads\/2020\/05\/ReformerPilatesT.jpg","type":"image\/jpeg"}],"twitter_card":"summary_large_image","twitter_misc":{"Tahmini okuma s\u00fcresi":"1 dakika"},"schema":{"@context":"https:\/\/schema.org","@graph":[{"@type":"WebPage","@id":"https:\/\/denizsporkulubu.com\/?page_id=611","url":"https:\/\/denizsporkulubu.com\/?page_id=611","name":"Hakk\u0131m\u0131zda -","isPartOf":{"@id":"http:\/\/denizsporkulubu.com\/#website"},"datePublished":"2020-05-10T19:23:28+00:00","dateModified":"2020-06-15T12:55:45+00:00","breadcrumb":{"@id":"https:\/\/denizsporkulubu.com\/?page_id=611#breadcrumb"},"inLanguage":"tr","potentialAction":[{"@type":"ReadAction","target":["https:\/\/denizsporkulubu.com\/?page_id=611"]}]},{"@type":"BreadcrumbList","@id":"https:\/\/denizsporkulubu.com\/?page_id=611#breadcrumb","itemListElement":[{"@type":"ListItem","position":1,"name":"Anasayfa","item":"http:\/\/denizsporkulubu.com\/"},{"@type":"ListItem","position":2,"name":"Hakk\u0131m\u0131zda"}]},{"@type":"WebSite","@id":"http:\/\/denizsporkulubu.com\/#website","url":"http:\/\/denizsporkulubu.com\/","name":"","description":"G\u00dc\u00c7L\u00dc B\u0130R BA\u011eI\u015eIKLIK S\u0130STEM\u0130 \u0130\u00c7\u0130N SPOR YAPIN","potentialAction":[{"@type":"SearchAction","target":{"@type":"EntryPoint","urlTemplate":"http:\/\/denizsporkulubu.com\/?s={search_term_string}"},"query-input":"required name=search_term_string"}],"inLanguage":"tr"}]}},"_links":{"self":[{"href":"http:\/\/denizsporkulubu.com\/index.php?rest_route=\/wp\/v2\/pages\/611"}],"collection":[{"href":"http:\/\/denizsporkulubu.com\/index.php?rest_route=\/wp\/v2\/pages"}],"about":[{"href":"http:\/\/denizsporkulubu.com\/index.php?rest_route=\/wp\/v2\/types\/page"}],"author":[{"embeddable":true,"href":"http:\/\/denizsporkulubu.com\/index.php?rest_route=\/wp\/v2\/users\/1"}],"replies":[{"embeddable":true,"href":"http:\/\/denizsporkulubu.com\/index.php?rest_route=%2Fwp%2Fv2%2Fcomments&post=611"}],"version-history":[{"count":5,"href":"http:\/\/denizsporkulubu.com\/index.php?rest_route=\/wp\/v2\/pages\/611\/revisions"}],"predecessor-version":[{"id":1221,"href":"http:\/\/denizsporkulubu.com\/index.php?rest_route=\/wp\/v2\/pages\/611\/revisions\/1221"}],"wp:featuredmedia":[{"embeddable":true,"href":"http:\/\/denizsporkulubu.com\/index.php?rest_route=\/wp\/v2\/media\/1079"}],"wp:attachment":[{"href":"http:\/\/denizsporkulubu.com\/index.php?rest_route=%2Fwp%2Fv2%2Fmedia&parent=611"}],"curies":[{"name":"wp","href":"https:\/\/api.w.org\/{rel}","templated":true}]}}