{"id":1272,"date":"2020-06-20T09:02:51","date_gmt":"2020-06-20T07:02:51","guid":{"rendered":"http:\/\/denizsporkulubu.com\/?page_id=1272"},"modified":"2021-10-20T11:08:52","modified_gmt":"2021-10-20T09:08:52","slug":"fitness","status":"publish","type":"page","link":"http:\/\/denizsporkulubu.com\/?page_id=1272","title":{"rendered":"Fitness"},"content":{"rendered":"<h2>fitness<\/h2>\n<p style=\"margin-top: 0.5em; margin-bottom: 0.5em; color: #202122; font-family: sans-serif; font-size: 14px; letter-spacing: normal;\">Fitness\u0131n kelime anlam\u0131 &#8220;fiziksel uygunluk&#8221;tur. G\u00fcnl\u00fck hayatta daha \u00e7ok zindelik ve fiziksel uygunluk i\u00e7in yap\u0131lan egzersizlerin b\u00fct\u00fcn\u00fc i\u00e7in kullan\u0131l\u0131r.<\/p>\n<p style=\"margin-top: 0.5em; margin-bottom: 0.5em; color: #202122; font-family: sans-serif; font-size: 14px; letter-spacing: normal;\">Fitness asla&nbsp;v\u00fccut geli\u015ftirme&nbsp;ile kar\u0131\u015ft\u0131r\u0131lmamal\u0131d\u0131r. V\u00fccut geli\u015ftirme profesyonel olarak m\u00fcsabakalarda yar\u0131\u015fmak i\u00e7in kas geli\u015ftirme iken fitness, zinde olmak ya da u\u011fra\u015f\u0131lan spora \u00f6zg\u00fc fiziksel gereksinimleri sa\u011flamak i\u00e7in v\u00fccudu fiziksel olarak haz\u0131rlamakt\u0131r.<\/p>\n<p>\t\t\t\t\t\t\t\t\t\t<img decoding=\"async\" loading=\"lazy\" width=\"640\" height=\"371\" src=\"http:\/\/denizsporkulubu.com\/wp-content\/uploads\/2020\/06\/fitness-resim.jpg\" alt=\"\" srcset=\"http:\/\/denizsporkulubu.com\/wp-content\/uploads\/2020\/06\/fitness-resim.jpg 1023w, http:\/\/denizsporkulubu.com\/wp-content\/uploads\/2020\/06\/fitness-resim-300x174.jpg 300w, http:\/\/denizsporkulubu.com\/wp-content\/uploads\/2020\/06\/fitness-resim-768x445.jpg 768w\" sizes=\"(max-width: 640px) 100vw, 640px\"><\/p>\n","protected":false},"excerpt":{"rendered":"<p>fitness Fitness\u0131n kelime anlam\u0131 &#8220;fiziksel uygunluk&#8221;tur. G\u00fcnl\u00fck hayatta daha \u00e7ok zindelik ve fiziksel uygunluk i\u00e7in yap\u0131lan egzersizlerin b\u00fct\u00fcn\u00fc i\u00e7in kullan\u0131l\u0131r. Fitness asla&nbsp;v\u00fccut geli\u015ftirme&nbsp;ile kar\u0131\u015ft\u0131r\u0131lmamal\u0131d\u0131r. V\u00fccut geli\u015ftirme profesyonel olarak m\u00fcsabakalarda yar\u0131\u015fmak i\u00e7in kas geli\u015ftirme iken fitness, zinde olmak ya da u\u011fra\u015f\u0131lan spora \u00f6zg\u00fc fiziksel gereksinimleri sa\u011flamak i\u00e7in v\u00fccudu fiziksel olarak haz\u0131rlamakt\u0131r.<\/p>\n","protected":false},"author":1,"featured_media":0,"parent":0,"menu_order":0,"comment_status":"closed","ping_status":"closed","template":"","meta":[],"yoast_head":"<!-- This site is optimized with the Yoast SEO plugin v19.9 - https:\/\/yoast.com\/wordpress\/plugins\/seo\/ -->\n<title>Fitness -<\/title>\n<meta name=\"robots\" content=\"index, follow, max-snippet:-1, max-image-preview:large, max-video-preview:-1\" \/>\n<link rel=\"canonical\" href=\"https:\/\/denizsporkulubu.com\/?page_id=1272\" \/>\n<meta property=\"og:locale\" content=\"tr_TR\" \/>\n<meta property=\"og:type\" content=\"article\" \/>\n<meta property=\"og:title\" content=\"Fitness -\" \/>\n<meta property=\"og:description\" content=\"fitness Fitness\u0131n kelime anlam\u0131 &#8220;fiziksel uygunluk&#8221;tur. G\u00fcnl\u00fck hayatta daha \u00e7ok zindelik ve fiziksel uygunluk i\u00e7in yap\u0131lan egzersizlerin b\u00fct\u00fcn\u00fc i\u00e7in kullan\u0131l\u0131r. Fitness asla&nbsp;v\u00fccut geli\u015ftirme&nbsp;ile kar\u0131\u015ft\u0131r\u0131lmamal\u0131d\u0131r. V\u00fccut geli\u015ftirme profesyonel olarak m\u00fcsabakalarda yar\u0131\u015fmak i\u00e7in kas geli\u015ftirme iken fitness, zinde olmak ya da u\u011fra\u015f\u0131lan spora \u00f6zg\u00fc fiziksel gereksinimleri sa\u011flamak i\u00e7in v\u00fccudu fiziksel olarak haz\u0131rlamakt\u0131r.\" \/>\n<meta property=\"og:url\" content=\"https:\/\/denizsporkulubu.com\/?page_id=1272\" \/>\n<meta property=\"article:modified_time\" content=\"2021-10-20T09:08:52+00:00\" \/>\n<meta property=\"og:image\" content=\"http:\/\/denizsporkulubu.com\/wp-content\/uploads\/2020\/06\/fitness-resim.jpg\" \/>\n<meta name=\"twitter:card\" content=\"summary_large_image\" \/>\n<script type=\"application\/ld+json\" class=\"yoast-schema-graph\">{\"@context\":\"https:\/\/schema.org\",\"@graph\":[{\"@type\":\"WebPage\",\"@id\":\"https:\/\/denizsporkulubu.com\/?page_id=1272\",\"url\":\"https:\/\/denizsporkulubu.com\/?page_id=1272\",\"name\":\"Fitness -\",\"isPartOf\":{\"@id\":\"http:\/\/denizsporkulubu.com\/#website\"},\"datePublished\":\"2020-06-20T07:02:51+00:00\",\"dateModified\":\"2021-10-20T09:08:52+00:00\",\"breadcrumb\":{\"@id\":\"https:\/\/denizsporkulubu.com\/?page_id=1272#breadcrumb\"},\"inLanguage\":\"tr\",\"potentialAction\":[{\"@type\":\"ReadAction\",\"target\":[\"https:\/\/denizsporkulubu.com\/?page_id=1272\"]}]},{\"@type\":\"BreadcrumbList\",\"@id\":\"https:\/\/denizsporkulubu.com\/?page_id=1272#breadcrumb\",\"itemListElement\":[{\"@type\":\"ListItem\",\"position\":1,\"name\":\"Anasayfa\",\"item\":\"http:\/\/denizsporkulubu.com\/\"},{\"@type\":\"ListItem\",\"position\":2,\"name\":\"Fitness\"}]},{\"@type\":\"WebSite\",\"@id\":\"http:\/\/denizsporkulubu.com\/#website\",\"url\":\"http:\/\/denizsporkulubu.com\/\",\"name\":\"\",\"description\":\"G\u00dc\u00c7L\u00dc B\u0130R BA\u011eI\u015eIKLIK S\u0130STEM\u0130 \u0130\u00c7\u0130N SPOR YAPIN\",\"potentialAction\":[{\"@type\":\"SearchAction\",\"target\":{\"@type\":\"EntryPoint\",\"urlTemplate\":\"http:\/\/denizsporkulubu.com\/?s={search_term_string}\"},\"query-input\":\"required name=search_term_string\"}],\"inLanguage\":\"tr\"}]}<\/script>\n<!-- \/ Yoast SEO plugin. -->","yoast_head_json":{"title":"Fitness -","robots":{"index":"index","follow":"follow","max-snippet":"max-snippet:-1","max-image-preview":"max-image-preview:large","max-video-preview":"max-video-preview:-1"},"canonical":"https:\/\/denizsporkulubu.com\/?page_id=1272","og_locale":"tr_TR","og_type":"article","og_title":"Fitness -","og_description":"fitness Fitness\u0131n kelime anlam\u0131 &#8220;fiziksel uygunluk&#8221;tur. G\u00fcnl\u00fck hayatta daha \u00e7ok zindelik ve fiziksel uygunluk i\u00e7in yap\u0131lan egzersizlerin b\u00fct\u00fcn\u00fc i\u00e7in kullan\u0131l\u0131r. Fitness asla&nbsp;v\u00fccut geli\u015ftirme&nbsp;ile kar\u0131\u015ft\u0131r\u0131lmamal\u0131d\u0131r. V\u00fccut geli\u015ftirme profesyonel olarak m\u00fcsabakalarda yar\u0131\u015fmak i\u00e7in kas geli\u015ftirme iken fitness, zinde olmak ya da u\u011fra\u015f\u0131lan spora \u00f6zg\u00fc fiziksel gereksinimleri sa\u011flamak i\u00e7in v\u00fccudu fiziksel olarak haz\u0131rlamakt\u0131r.","og_url":"https:\/\/denizsporkulubu.com\/?page_id=1272","article_modified_time":"2021-10-20T09:08:52+00:00","og_image":[{"url":"http:\/\/denizsporkulubu.com\/wp-content\/uploads\/2020\/06\/fitness-resim.jpg"}],"twitter_card":"summary_large_image","schema":{"@context":"https:\/\/schema.org","@graph":[{"@type":"WebPage","@id":"https:\/\/denizsporkulubu.com\/?page_id=1272","url":"https:\/\/denizsporkulubu.com\/?page_id=1272","name":"Fitness -","isPartOf":{"@id":"http:\/\/denizsporkulubu.com\/#website"},"datePublished":"2020-06-20T07:02:51+00:00","dateModified":"2021-10-20T09:08:52+00:00","breadcrumb":{"@id":"https:\/\/denizsporkulubu.com\/?page_id=1272#breadcrumb"},"inLanguage":"tr","potentialAction":[{"@type":"ReadAction","target":["https:\/\/denizsporkulubu.com\/?page_id=1272"]}]},{"@type":"BreadcrumbList","@id":"https:\/\/denizsporkulubu.com\/?page_id=1272#breadcrumb","itemListElement":[{"@type":"ListItem","position":1,"name":"Anasayfa","item":"http:\/\/denizsporkulubu.com\/"},{"@type":"ListItem","position":2,"name":"Fitness"}]},{"@type":"WebSite","@id":"http:\/\/denizsporkulubu.com\/#website","url":"http:\/\/denizsporkulubu.com\/","name":"","description":"G\u00dc\u00c7L\u00dc B\u0130R BA\u011eI\u015eIKLIK S\u0130STEM\u0130 \u0130\u00c7\u0130N SPOR YAPIN","potentialAction":[{"@type":"SearchAction","target":{"@type":"EntryPoint","urlTemplate":"http:\/\/denizsporkulubu.com\/?s={search_term_string}"},"query-input":"required name=search_term_string"}],"inLanguage":"tr"}]}},"_links":{"self":[{"href":"http:\/\/denizsporkulubu.com\/index.php?rest_route=\/wp\/v2\/pages\/1272"}],"collection":[{"href":"http:\/\/denizsporkulubu.com\/index.php?rest_route=\/wp\/v2\/pages"}],"about":[{"href":"http:\/\/denizsporkulubu.com\/index.php?rest_route=\/wp\/v2\/types\/page"}],"author":[{"embeddable":true,"href":"http:\/\/denizsporkulubu.com\/index.php?rest_route=\/wp\/v2\/users\/1"}],"replies":[{"embeddable":true,"href":"http:\/\/denizsporkulubu.com\/index.php?rest_route=%2Fwp%2Fv2%2Fcomments&post=1272"}],"version-history":[{"count":3,"href":"http:\/\/denizsporkulubu.com\/index.php?rest_route=\/wp\/v2\/pages\/1272\/revisions"}],"predecessor-version":[{"id":1291,"href":"http:\/\/denizsporkulubu.com\/index.php?rest_route=\/wp\/v2\/pages\/1272\/revisions\/1291"}],"wp:attachment":[{"href":"http:\/\/denizsporkulubu.com\/index.php?rest_route=%2Fwp%2Fv2%2Fmedia&parent=1272"}],"curies":[{"name":"wp","href":"https:\/\/api.w.org\/{rel}","templated":true}]}}