{"id":1102,"date":"2020-05-26T18:15:09","date_gmt":"2020-05-26T16:15:09","guid":{"rendered":"http:\/\/denizsporkulubu.com\/wp\/?page_id=1102"},"modified":"2025-03-24T16:49:19","modified_gmt":"2025-03-24T14:49:19","slug":"galeri","status":"publish","type":"page","link":"http:\/\/denizsporkulubu.com\/?page_id=1102","title":{"rendered":"Galeri"},"content":{"rendered":"\t\t<div data-elementor-type=\"wp-page\" data-elementor-id=\"1102\" class=\"elementor elementor-1102\" data-elementor-settings=\"[]\">\n\t\t\t<div class=\"elementor-inner\">\n\t\t\t\t<div class=\"elementor-section-wrap\">\n\t\t\t\t\t\t\t<section class=\"elementor-element elementor-element-c0547f6 elementor-section-full_width elementor-section-height-default elementor-section-height-default elementor-section elementor-top-section\" data-id=\"c0547f6\" data-element_type=\"section\" data-settings=\"{&quot;shape_divider_top&quot;:&quot;mountains&quot;}\">\n\t\t\t\t\t<div class=\"elementor-shape elementor-shape-top\" data-negative=\"false\">\n\t\t\t<svg xmlns=\"http:\/\/www.w3.org\/2000\/svg\" viewBox=\"0 0 1000 100\" preserveAspectRatio=\"none\">\n\t<path class=\"elementor-shape-fill\" opacity=\"0.33\" d=\"M473,67.3c-203.9,88.3-263.1-34-320.3,0C66,119.1,0,59.7,0,59.7V0h1000v59.7 c0,0-62.1,26.1-94.9,29.3c-32.8,3.3-62.8-12.3-75.8-22.1C806,49.6,745.3,8.7,694.9,4.7S492.4,59,473,67.3z\"\/>\n\t<path class=\"elementor-shape-fill\" opacity=\"0.66\" d=\"M734,67.3c-45.5,0-77.2-23.2-129.1-39.1c-28.6-8.7-150.3-10.1-254,39.1 s-91.7-34.4-149.2,0C115.7,118.3,0,39.8,0,39.8V0h1000v36.5c0,0-28.2-18.5-92.1-18.5C810.2,18.1,775.7,67.3,734,67.3z\"\/>\n\t<path class=\"elementor-shape-fill\" d=\"M766.1,28.9c-200-57.5-266,65.5-395.1,19.5C242,1.8,242,5.4,184.8,20.6C128,35.8,132.3,44.9,89.9,52.5C28.6,63.7,0,0,0,0 h1000c0,0-9.9,40.9-83.6,48.1S829.6,47,766.1,28.9z\"\/>\n<\/svg>\t\t<\/div>\n\t\t\t\t\t<div class=\"elementor-container elementor-column-gap-default\">\n\t\t\t\t<div class=\"elementor-row\">\n\t\t\t\t<div class=\"elementor-element elementor-element-22489ee elementor-column elementor-col-100 elementor-top-column\" data-id=\"22489ee\" data-element_type=\"column\">\n\t\t\t<div class=\"elementor-column-wrap  elementor-element-populated\">\n\t\t\t\t\t<div class=\"elementor-widget-wrap\">\n\t\t\t\t<div class=\"elementor-element elementor-element-de48bc7 elementor-invisible elementor-widget elementor-widget-heading\" data-id=\"de48bc7\" data-element_type=\"widget\" data-settings=\"{&quot;_animation&quot;:&quot;fadeIn&quot;}\" data-widget_type=\"heading.default\">\n\t\t\t\t<div class=\"elementor-widget-container\">\n\t\t\t<h4 class=\"elementor-heading-title elementor-size-large\">FAAL\u0130YETLER\u0130M\u0130ZDEN G\u00d6R\u00dcNT\u00dcLER<\/h4>\t\t<\/div>\n\t\t\t\t<\/div>\n\t\t\t\t\t\t<\/div>\n\t\t\t<\/div>\n\t\t<\/div>\n\t\t\t\t\t\t<\/div>\n\t\t\t<\/div>\n\t\t<\/section>\n\t\t\t\t<section class=\"elementor-element elementor-element-ae62a90 elementor-section-boxed elementor-section-height-default elementor-section-height-default elementor-section elementor-top-section\" data-id=\"ae62a90\" data-element_type=\"section\">\n\t\t\t\t\t\t<div class=\"elementor-container elementor-column-gap-default\">\n\t\t\t\t<div class=\"elementor-row\">\n\t\t\t\t<div class=\"elementor-element elementor-element-76157b3 elementor-column elementor-col-100 elementor-top-column\" data-id=\"76157b3\" data-element_type=\"column\">\n\t\t\t<div class=\"elementor-column-wrap  elementor-element-populated\">\n\t\t\t\t\t<div class=\"elementor-widget-wrap\">\n\t\t\t\t<div class=\"elementor-element elementor-element-0a434be elementor-widget elementor-widget-image-gallery\" data-id=\"0a434be\" data-element_type=\"widget\" data-widget_type=\"image-gallery.default\">\n\t\t\t\t<div class=\"elementor-widget-container\">\n\t\t\t\t\t<div class=\"elementor-image-gallery\">\n\t\t\t<div id='gallery-1' class='gallery galleryid-1102 gallery-columns-8 gallery-size-thumbnail'><figure class='gallery-item'>\n\t\t\t<div class='gallery-icon landscape'>\n\t\t\t\t<a data-elementor-open-lightbox=\"yes\" data-elementor-lightbox-slideshow=\"0a434be\" data-elementor-lightbox-title=\"14794070_10206309503611371_58236961_n_1067x800\" href='http:\/\/denizsporkulubu.com\/wp-content\/uploads\/2020\/05\/14794070_10206309503611371_58236961_n_1067x800.jpg'><img width=\"150\" height=\"150\" src=\"http:\/\/denizsporkulubu.com\/wp-content\/uploads\/2020\/05\/14794070_10206309503611371_58236961_n_1067x800-150x150.jpg\" class=\"attachment-thumbnail size-thumbnail\" alt=\"\" decoding=\"async\" loading=\"lazy\" \/><\/a>\n\t\t\t<\/div><\/figure><figure class='gallery-item'>\n\t\t\t<div class='gallery-icon portrait'>\n\t\t\t\t<a data-elementor-open-lightbox=\"yes\" data-elementor-lightbox-slideshow=\"0a434be\" data-elementor-lightbox-title=\"14801153_10206309504211386_1715307262_n_799x800\" href='http:\/\/denizsporkulubu.com\/wp-content\/uploads\/2020\/05\/14801153_10206309504211386_1715307262_n_799x800.jpg'><img width=\"150\" height=\"150\" src=\"http:\/\/denizsporkulubu.com\/wp-content\/uploads\/2020\/05\/14801153_10206309504211386_1715307262_n_799x800-150x150.jpg\" class=\"attachment-thumbnail size-thumbnail\" alt=\"\" decoding=\"async\" loading=\"lazy\" srcset=\"http:\/\/denizsporkulubu.com\/wp-content\/uploads\/2020\/05\/14801153_10206309504211386_1715307262_n_799x800-150x150.jpg 150w, http:\/\/denizsporkulubu.com\/wp-content\/uploads\/2020\/05\/14801153_10206309504211386_1715307262_n_799x800-300x300.jpg 300w, http:\/\/denizsporkulubu.com\/wp-content\/uploads\/2020\/05\/14801153_10206309504211386_1715307262_n_799x800-768x769.jpg 768w, http:\/\/denizsporkulubu.com\/wp-content\/uploads\/2020\/05\/14801153_10206309504211386_1715307262_n_799x800.jpg 799w\" sizes=\"(max-width: 150px) 100vw, 150px\" \/><\/a>\n\t\t\t<\/div><\/figure><figure class='gallery-item'>\n\t\t\t<div class='gallery-icon landscape'>\n\t\t\t\t<a data-elementor-open-lightbox=\"yes\" data-elementor-lightbox-slideshow=\"0a434be\" data-elementor-lightbox-title=\"14804966_10206309500811301_584419988_n-1_1002x800\" href='http:\/\/denizsporkulubu.com\/wp-content\/uploads\/2020\/05\/14804966_10206309500811301_584419988_n-1_1002x800.jpg'><img width=\"150\" height=\"150\" src=\"http:\/\/denizsporkulubu.com\/wp-content\/uploads\/2020\/05\/14804966_10206309500811301_584419988_n-1_1002x800-150x150.jpg\" class=\"attachment-thumbnail size-thumbnail\" alt=\"\" decoding=\"async\" loading=\"lazy\" \/><\/a>\n\t\t\t<\/div><\/figure><figure class='gallery-item'>\n\t\t\t<div class='gallery-icon landscape'>\n\t\t\t\t<a data-elementor-open-lightbox=\"yes\" data-elementor-lightbox-slideshow=\"0a434be\" data-elementor-lightbox-title=\"15027914_743531849135156_4809403829459255107_n_1200x800\" href='http:\/\/denizsporkulubu.com\/wp-content\/uploads\/2020\/05\/15027914_743531849135156_4809403829459255107_n_1200x800.jpg'><img width=\"150\" height=\"150\" src=\"http:\/\/denizsporkulubu.com\/wp-content\/uploads\/2020\/05\/15027914_743531849135156_4809403829459255107_n_1200x800-150x150.jpg\" class=\"attachment-thumbnail size-thumbnail\" alt=\"\" decoding=\"async\" loading=\"lazy\" \/><\/a>\n\t\t\t<\/div><\/figure><figure class='gallery-item'>\n\t\t\t<div class='gallery-icon landscape'>\n\t\t\t\t<a data-elementor-open-lightbox=\"yes\" data-elementor-lightbox-slideshow=\"0a434be\" data-elementor-lightbox-title=\"15055600_743531815801826_7247778418147546063_n_1200x800\" href='http:\/\/denizsporkulubu.com\/wp-content\/uploads\/2020\/05\/15055600_743531815801826_7247778418147546063_n_1200x800.jpg'><img width=\"150\" height=\"150\" src=\"http:\/\/denizsporkulubu.com\/wp-content\/uploads\/2020\/05\/15055600_743531815801826_7247778418147546063_n_1200x800-150x150.jpg\" class=\"attachment-thumbnail size-thumbnail\" alt=\"\" decoding=\"async\" loading=\"lazy\" \/><\/a>\n\t\t\t<\/div><\/figure><figure class='gallery-item'>\n\t\t\t<div class='gallery-icon landscape'>\n\t\t\t\t<a data-elementor-open-lightbox=\"yes\" data-elementor-lightbox-slideshow=\"0a434be\" data-elementor-lightbox-title=\"15055728_743500139138327_6054504169167770390_n_1200x800\" href='http:\/\/denizsporkulubu.com\/wp-content\/uploads\/2020\/05\/15055728_743500139138327_6054504169167770390_n_1200x800.jpg'><img width=\"150\" height=\"150\" src=\"http:\/\/denizsporkulubu.com\/wp-content\/uploads\/2020\/05\/15055728_743500139138327_6054504169167770390_n_1200x800-150x150.jpg\" class=\"attachment-thumbnail size-thumbnail\" alt=\"\" decoding=\"async\" loading=\"lazy\" \/><\/a>\n\t\t\t<\/div><\/figure><figure class='gallery-item'>\n\t\t\t<div class='gallery-icon landscape'>\n\t\t\t\t<a data-elementor-open-lightbox=\"yes\" data-elementor-lightbox-slideshow=\"0a434be\" data-elementor-lightbox-title=\"15055858_743531772468497_2939068603370095404_n_1200x800\" href='http:\/\/denizsporkulubu.com\/wp-content\/uploads\/2020\/05\/15055858_743531772468497_2939068603370095404_n_1200x800.jpg'><img width=\"150\" height=\"150\" src=\"http:\/\/denizsporkulubu.com\/wp-content\/uploads\/2020\/05\/15055858_743531772468497_2939068603370095404_n_1200x800-150x150.jpg\" class=\"attachment-thumbnail size-thumbnail\" alt=\"\" decoding=\"async\" loading=\"lazy\" \/><\/a>\n\t\t\t<\/div><\/figure><figure class='gallery-item'>\n\t\t\t<div class='gallery-icon landscape'>\n\t\t\t\t<a data-elementor-open-lightbox=\"yes\" data-elementor-lightbox-slideshow=\"0a434be\" data-elementor-lightbox-title=\"15056402_743366089151732_5833376380544812379_n_1200x800\" href='http:\/\/denizsporkulubu.com\/wp-content\/uploads\/2020\/05\/15056402_743366089151732_5833376380544812379_n_1200x800.jpg'><img width=\"150\" height=\"150\" src=\"http:\/\/denizsporkulubu.com\/wp-content\/uploads\/2020\/05\/15056402_743366089151732_5833376380544812379_n_1200x800-150x150.jpg\" class=\"attachment-thumbnail size-thumbnail\" alt=\"\" decoding=\"async\" loading=\"lazy\" \/><\/a>\n\t\t\t<\/div><\/figure><figure class='gallery-item'>\n\t\t\t<div class='gallery-icon landscape'>\n\t\t\t\t<a data-elementor-open-lightbox=\"yes\" data-elementor-lightbox-slideshow=\"0a434be\" data-elementor-lightbox-title=\"15056513_743513865803621_1412770530774105258_n_1200x800\" href='http:\/\/denizsporkulubu.com\/wp-content\/uploads\/2020\/05\/15056513_743513865803621_1412770530774105258_n_1200x800.jpg'><img width=\"150\" height=\"150\" src=\"http:\/\/denizsporkulubu.com\/wp-content\/uploads\/2020\/05\/15056513_743513865803621_1412770530774105258_n_1200x800-150x150.jpg\" class=\"attachment-thumbnail size-thumbnail\" alt=\"\" decoding=\"async\" loading=\"lazy\" \/><\/a>\n\t\t\t<\/div><\/figure><figure class='gallery-item'>\n\t\t\t<div class='gallery-icon landscape'>\n\t\t\t\t<a data-elementor-open-lightbox=\"yes\" data-elementor-lightbox-slideshow=\"0a434be\" data-elementor-lightbox-title=\"15078817_743505682471106_3954094820482256026_n_807x800\" href='http:\/\/denizsporkulubu.com\/wp-content\/uploads\/2020\/05\/15078817_743505682471106_3954094820482256026_n_807x800.jpg'><img width=\"150\" height=\"150\" src=\"http:\/\/denizsporkulubu.com\/wp-content\/uploads\/2020\/05\/15078817_743505682471106_3954094820482256026_n_807x800-150x150.jpg\" class=\"attachment-thumbnail size-thumbnail\" alt=\"\" decoding=\"async\" loading=\"lazy\" srcset=\"http:\/\/denizsporkulubu.com\/wp-content\/uploads\/2020\/05\/15078817_743505682471106_3954094820482256026_n_807x800-150x150.jpg 150w, http:\/\/denizsporkulubu.com\/wp-content\/uploads\/2020\/05\/15078817_743505682471106_3954094820482256026_n_807x800-300x297.jpg 300w, http:\/\/denizsporkulubu.com\/wp-content\/uploads\/2020\/05\/15078817_743505682471106_3954094820482256026_n_807x800-768x761.jpg 768w, http:\/\/denizsporkulubu.com\/wp-content\/uploads\/2020\/05\/15078817_743505682471106_3954094820482256026_n_807x800.jpg 807w\" sizes=\"(max-width: 150px) 100vw, 150px\" \/><\/a>\n\t\t\t<\/div><\/figure><figure class='gallery-item'>\n\t\t\t<div class='gallery-icon landscape'>\n\t\t\t\t<a data-elementor-open-lightbox=\"yes\" data-elementor-lightbox-slideshow=\"0a434be\" data-elementor-lightbox-title=\"15085616_743222142499460_668591654792132424_n_1200x800\" href='http:\/\/denizsporkulubu.com\/wp-content\/uploads\/2020\/05\/15085616_743222142499460_668591654792132424_n_1200x800.jpg'><img width=\"150\" height=\"150\" src=\"http:\/\/denizsporkulubu.com\/wp-content\/uploads\/2020\/05\/15085616_743222142499460_668591654792132424_n_1200x800-150x150.jpg\" class=\"attachment-thumbnail size-thumbnail\" alt=\"\" decoding=\"async\" loading=\"lazy\" \/><\/a>\n\t\t\t<\/div><\/figure><figure class='gallery-item'>\n\t\t\t<div class='gallery-icon landscape'>\n\t\t\t\t<a data-elementor-open-lightbox=\"yes\" data-elementor-lightbox-slideshow=\"0a434be\" data-elementor-lightbox-title=\"15094440_743517392469935_6323974037711564308_n_1200x800\" href='http:\/\/denizsporkulubu.com\/wp-content\/uploads\/2020\/05\/15094440_743517392469935_6323974037711564308_n_1200x800.jpg'><img width=\"150\" height=\"150\" src=\"http:\/\/denizsporkulubu.com\/wp-content\/uploads\/2020\/05\/15094440_743517392469935_6323974037711564308_n_1200x800-150x150.jpg\" class=\"attachment-thumbnail size-thumbnail\" alt=\"\" decoding=\"async\" loading=\"lazy\" \/><\/a>\n\t\t\t<\/div><\/figure><figure class='gallery-item'>\n\t\t\t<div class='gallery-icon landscape'>\n\t\t\t\t<a data-elementor-open-lightbox=\"yes\" data-elementor-lightbox-slideshow=\"0a434be\" data-elementor-lightbox-title=\"15095572_743499315805076_5174223489289215244_n_1200x800\" href='http:\/\/denizsporkulubu.com\/wp-content\/uploads\/2020\/05\/15095572_743499315805076_5174223489289215244_n_1200x800.jpg'><img width=\"150\" height=\"150\" src=\"http:\/\/denizsporkulubu.com\/wp-content\/uploads\/2020\/05\/15095572_743499315805076_5174223489289215244_n_1200x800-150x150.jpg\" class=\"attachment-thumbnail size-thumbnail\" alt=\"\" decoding=\"async\" loading=\"lazy\" \/><\/a>\n\t\t\t<\/div><\/figure><figure class='gallery-item'>\n\t\t\t<div class='gallery-icon landscape'>\n\t\t\t\t<a data-elementor-open-lightbox=\"yes\" data-elementor-lightbox-slideshow=\"0a434be\" data-elementor-lightbox-title=\"15170854_743531712468503_3962163419225922002_n_1200x800\" href='http:\/\/denizsporkulubu.com\/wp-content\/uploads\/2020\/05\/15170854_743531712468503_3962163419225922002_n_1200x800.jpg'><img width=\"150\" height=\"150\" src=\"http:\/\/denizsporkulubu.com\/wp-content\/uploads\/2020\/05\/15170854_743531712468503_3962163419225922002_n_1200x800-150x150.jpg\" class=\"attachment-thumbnail size-thumbnail\" alt=\"\" decoding=\"async\" loading=\"lazy\" \/><\/a>\n\t\t\t<\/div><\/figure><figure class='gallery-item'>\n\t\t\t<div class='gallery-icon landscape'>\n\t\t\t\t<a data-elementor-open-lightbox=\"yes\" data-elementor-lightbox-slideshow=\"0a434be\" data-elementor-lightbox-title=\"15181125_743517565803251_5363473592788576459_n_1200x800\" href='http:\/\/denizsporkulubu.com\/wp-content\/uploads\/2020\/05\/15181125_743517565803251_5363473592788576459_n_1200x800.jpg'><img width=\"150\" height=\"150\" src=\"http:\/\/denizsporkulubu.com\/wp-content\/uploads\/2020\/05\/15181125_743517565803251_5363473592788576459_n_1200x800-150x150.jpg\" class=\"attachment-thumbnail size-thumbnail\" alt=\"\" decoding=\"async\" loading=\"lazy\" \/><\/a>\n\t\t\t<\/div><\/figure><figure class='gallery-item'>\n\t\t\t<div class='gallery-icon landscape'>\n\t\t\t\t<a data-elementor-open-lightbox=\"yes\" data-elementor-lightbox-slideshow=\"0a434be\" data-elementor-lightbox-title=\"15181268_743515572470117_5633619708726726759_n_1200x800\" href='http:\/\/denizsporkulubu.com\/wp-content\/uploads\/2020\/05\/15181268_743515572470117_5633619708726726759_n_1200x800.jpg'><img width=\"150\" height=\"150\" src=\"http:\/\/denizsporkulubu.com\/wp-content\/uploads\/2020\/05\/15181268_743515572470117_5633619708726726759_n_1200x800-150x150.jpg\" class=\"attachment-thumbnail size-thumbnail\" alt=\"\" decoding=\"async\" loading=\"lazy\" \/><\/a>\n\t\t\t<\/div><\/figure>\n\t\t<\/div>\n\t\t<\/div>\n\t\t\t\t<\/div>\n\t\t\t\t<\/div>\n\t\t\t\t\t\t<\/div>\n\t\t\t<\/div>\n\t\t<\/div>\n\t\t\t\t\t\t<\/div>\n\t\t\t<\/div>\n\t\t<\/section>\n\t\t\t\t<section class=\"elementor-element elementor-element-b566525 elementor-section-boxed elementor-section-height-default elementor-section-height-default elementor-section elementor-top-section\" data-id=\"b566525\" data-element_type=\"section\" data-settings=\"{&quot;shape_divider_bottom&quot;:&quot;mountains&quot;}\">\n\t\t\t\t\t<div class=\"elementor-shape elementor-shape-bottom\" data-negative=\"false\">\n\t\t\t<svg xmlns=\"http:\/\/www.w3.org\/2000\/svg\" viewBox=\"0 0 1000 100\" preserveAspectRatio=\"none\">\n\t<path class=\"elementor-shape-fill\" opacity=\"0.33\" d=\"M473,67.3c-203.9,88.3-263.1-34-320.3,0C66,119.1,0,59.7,0,59.7V0h1000v59.7 c0,0-62.1,26.1-94.9,29.3c-32.8,3.3-62.8-12.3-75.8-22.1C806,49.6,745.3,8.7,694.9,4.7S492.4,59,473,67.3z\"\/>\n\t<path class=\"elementor-shape-fill\" opacity=\"0.66\" d=\"M734,67.3c-45.5,0-77.2-23.2-129.1-39.1c-28.6-8.7-150.3-10.1-254,39.1 s-91.7-34.4-149.2,0C115.7,118.3,0,39.8,0,39.8V0h1000v36.5c0,0-28.2-18.5-92.1-18.5C810.2,18.1,775.7,67.3,734,67.3z\"\/>\n\t<path class=\"elementor-shape-fill\" d=\"M766.1,28.9c-200-57.5-266,65.5-395.1,19.5C242,1.8,242,5.4,184.8,20.6C128,35.8,132.3,44.9,89.9,52.5C28.6,63.7,0,0,0,0 h1000c0,0-9.9,40.9-83.6,48.1S829.6,47,766.1,28.9z\"\/>\n<\/svg>\t\t<\/div>\n\t\t\t\t\t<div class=\"elementor-container elementor-column-gap-default\">\n\t\t\t\t<div class=\"elementor-row\">\n\t\t\t\t<div class=\"elementor-element elementor-element-41b9769 elementor-column elementor-col-100 elementor-top-column\" data-id=\"41b9769\" data-element_type=\"column\">\n\t\t\t<div class=\"elementor-column-wrap\">\n\t\t\t\t\t<div class=\"elementor-widget-wrap\">\n\t\t\t\t\t\t<\/div>\n\t\t\t<\/div>\n\t\t<\/div>\n\t\t\t\t\t\t<\/div>\n\t\t\t<\/div>\n\t\t<\/section>\n\t\t\t\t\t\t<\/div>\n\t\t\t<\/div>\n\t\t<\/div>\n\t\t","protected":false},"excerpt":{"rendered":"<p>FAAL\u0130YETLER\u0130M\u0130ZDEN G\u00d6R\u00dcNT\u00dcLER<\/p>\n","protected":false},"author":1,"featured_media":0,"parent":0,"menu_order":0,"comment_status":"closed","ping_status":"closed","template":"elementor_header_footer","meta":[],"yoast_head":"<!-- This site is optimized with the Yoast SEO plugin v19.9 - https:\/\/yoast.com\/wordpress\/plugins\/seo\/ -->\n<title>Galeri -<\/title>\n<meta name=\"robots\" content=\"index, follow, max-snippet:-1, max-image-preview:large, max-video-preview:-1\" \/>\n<link rel=\"canonical\" href=\"https:\/\/denizsporkulubu.com\/?page_id=1102\" \/>\n<meta property=\"og:locale\" content=\"tr_TR\" \/>\n<meta property=\"og:type\" content=\"article\" \/>\n<meta property=\"og:title\" content=\"Galeri -\" \/>\n<meta property=\"og:description\" content=\"FAAL\u0130YETLER\u0130M\u0130ZDEN G\u00d6R\u00dcNT\u00dcLER\" \/>\n<meta property=\"og:url\" content=\"https:\/\/denizsporkulubu.com\/?page_id=1102\" \/>\n<meta property=\"article:modified_time\" content=\"2025-03-24T14:49:19+00:00\" \/>\n<meta property=\"og:image\" content=\"http:\/\/denizsporkulubu.com\/wp\/wp-content\/uploads\/2020\/05\/14794070_10206309503611371_58236961_n_1067x800-150x150.jpg\" \/>\n<meta name=\"twitter:card\" content=\"summary_large_image\" \/>\n<meta name=\"twitter:label1\" content=\"Tahmini okuma s\u00fcresi\" \/>\n\t<meta name=\"twitter:data1\" content=\"4 dakika\" \/>\n<script type=\"application\/ld+json\" class=\"yoast-schema-graph\">{\"@context\":\"https:\/\/schema.org\",\"@graph\":[{\"@type\":\"WebPage\",\"@id\":\"https:\/\/denizsporkulubu.com\/?page_id=1102\",\"url\":\"https:\/\/denizsporkulubu.com\/?page_id=1102\",\"name\":\"Galeri -\",\"isPartOf\":{\"@id\":\"http:\/\/denizsporkulubu.com\/#website\"},\"datePublished\":\"2020-05-26T16:15:09+00:00\",\"dateModified\":\"2025-03-24T14:49:19+00:00\",\"breadcrumb\":{\"@id\":\"https:\/\/denizsporkulubu.com\/?page_id=1102#breadcrumb\"},\"inLanguage\":\"tr\",\"potentialAction\":[{\"@type\":\"ReadAction\",\"target\":[\"https:\/\/denizsporkulubu.com\/?page_id=1102\"]}]},{\"@type\":\"BreadcrumbList\",\"@id\":\"https:\/\/denizsporkulubu.com\/?page_id=1102#breadcrumb\",\"itemListElement\":[{\"@type\":\"ListItem\",\"position\":1,\"name\":\"Anasayfa\",\"item\":\"http:\/\/denizsporkulubu.com\/\"},{\"@type\":\"ListItem\",\"position\":2,\"name\":\"Galeri\"}]},{\"@type\":\"WebSite\",\"@id\":\"http:\/\/denizsporkulubu.com\/#website\",\"url\":\"http:\/\/denizsporkulubu.com\/\",\"name\":\"\",\"description\":\"G\u00dc\u00c7L\u00dc B\u0130R BA\u011eI\u015eIKLIK S\u0130STEM\u0130 \u0130\u00c7\u0130N SPOR YAPIN\",\"potentialAction\":[{\"@type\":\"SearchAction\",\"target\":{\"@type\":\"EntryPoint\",\"urlTemplate\":\"http:\/\/denizsporkulubu.com\/?s={search_term_string}\"},\"query-input\":\"required name=search_term_string\"}],\"inLanguage\":\"tr\"}]}<\/script>\n<!-- \/ Yoast SEO plugin. -->","yoast_head_json":{"title":"Galeri -","robots":{"index":"index","follow":"follow","max-snippet":"max-snippet:-1","max-image-preview":"max-image-preview:large","max-video-preview":"max-video-preview:-1"},"canonical":"https:\/\/denizsporkulubu.com\/?page_id=1102","og_locale":"tr_TR","og_type":"article","og_title":"Galeri -","og_description":"FAAL\u0130YETLER\u0130M\u0130ZDEN G\u00d6R\u00dcNT\u00dcLER","og_url":"https:\/\/denizsporkulubu.com\/?page_id=1102","article_modified_time":"2025-03-24T14:49:19+00:00","og_image":[{"url":"http:\/\/denizsporkulubu.com\/wp\/wp-content\/uploads\/2020\/05\/14794070_10206309503611371_58236961_n_1067x800-150x150.jpg"}],"twitter_card":"summary_large_image","twitter_misc":{"Tahmini okuma s\u00fcresi":"4 dakika"},"schema":{"@context":"https:\/\/schema.org","@graph":[{"@type":"WebPage","@id":"https:\/\/denizsporkulubu.com\/?page_id=1102","url":"https:\/\/denizsporkulubu.com\/?page_id=1102","name":"Galeri -","isPartOf":{"@id":"http:\/\/denizsporkulubu.com\/#website"},"datePublished":"2020-05-26T16:15:09+00:00","dateModified":"2025-03-24T14:49:19+00:00","breadcrumb":{"@id":"https:\/\/denizsporkulubu.com\/?page_id=1102#breadcrumb"},"inLanguage":"tr","potentialAction":[{"@type":"ReadAction","target":["https:\/\/denizsporkulubu.com\/?page_id=1102"]}]},{"@type":"BreadcrumbList","@id":"https:\/\/denizsporkulubu.com\/?page_id=1102#breadcrumb","itemListElement":[{"@type":"ListItem","position":1,"name":"Anasayfa","item":"http:\/\/denizsporkulubu.com\/"},{"@type":"ListItem","position":2,"name":"Galeri"}]},{"@type":"WebSite","@id":"http:\/\/denizsporkulubu.com\/#website","url":"http:\/\/denizsporkulubu.com\/","name":"","description":"G\u00dc\u00c7L\u00dc B\u0130R BA\u011eI\u015eIKLIK S\u0130STEM\u0130 \u0130\u00c7\u0130N SPOR YAPIN","potentialAction":[{"@type":"SearchAction","target":{"@type":"EntryPoint","urlTemplate":"http:\/\/denizsporkulubu.com\/?s={search_term_string}"},"query-input":"required name=search_term_string"}],"inLanguage":"tr"}]}},"_links":{"self":[{"href":"http:\/\/denizsporkulubu.com\/index.php?rest_route=\/wp\/v2\/pages\/1102"}],"collection":[{"href":"http:\/\/denizsporkulubu.com\/index.php?rest_route=\/wp\/v2\/pages"}],"about":[{"href":"http:\/\/denizsporkulubu.com\/index.php?rest_route=\/wp\/v2\/types\/page"}],"author":[{"embeddable":true,"href":"http:\/\/denizsporkulubu.com\/index.php?rest_route=\/wp\/v2\/users\/1"}],"replies":[{"embeddable":true,"href":"http:\/\/denizsporkulubu.com\/index.php?rest_route=%2Fwp%2Fv2%2Fcomments&post=1102"}],"version-history":[{"count":15,"href":"http:\/\/denizsporkulubu.com\/index.php?rest_route=\/wp\/v2\/pages\/1102\/revisions"}],"predecessor-version":[{"id":1389,"href":"http:\/\/denizsporkulubu.com\/index.php?rest_route=\/wp\/v2\/pages\/1102\/revisions\/1389"}],"wp:attachment":[{"href":"http:\/\/denizsporkulubu.com\/index.php?rest_route=%2Fwp%2Fv2%2Fmedia&parent=1102"}],"curies":[{"name":"wp","href":"https:\/\/api.w.org\/{rel}","templated":true}]}}