{"id":1022,"date":"2020-05-25T20:28:57","date_gmt":"2020-05-25T18:28:57","guid":{"rendered":"http:\/\/denizsporkulubu.com\/wp\/?page_id=1022"},"modified":"2020-05-25T21:18:05","modified_gmt":"2020-05-25T19:18:05","slug":"studio-2","status":"publish","type":"page","link":"http:\/\/denizsporkulubu.com\/?page_id=1022","title":{"rendered":"Studio 2"},"content":{"rendered":"\t\t<div data-elementor-type=\"wp-page\" data-elementor-id=\"1022\" class=\"elementor elementor-1022\" data-elementor-settings=\"[]\">\n\t\t\t<div class=\"elementor-inner\">\n\t\t\t\t<div class=\"elementor-section-wrap\">\n\t\t\t\t\t\t\t<section class=\"elementor-element elementor-element-98c52d8 elementor-section-boxed elementor-section-height-default elementor-section-height-default elementor-section elementor-top-section\" data-id=\"98c52d8\" data-element_type=\"section\">\n\t\t\t\t\t\t<div class=\"elementor-container elementor-column-gap-default\">\n\t\t\t\t<div class=\"elementor-row\">\n\t\t\t\t<div class=\"elementor-element elementor-element-9264a5d elementor-column elementor-col-100 elementor-top-column\" data-id=\"9264a5d\" data-element_type=\"column\">\n\t\t\t<div class=\"elementor-column-wrap  elementor-element-populated\">\n\t\t\t\t\t<div class=\"elementor-widget-wrap\">\n\t\t\t\t<div class=\"elementor-element elementor-element-e586c9d elementor-widget elementor-widget-heading\" data-id=\"e586c9d\" data-element_type=\"widget\" data-widget_type=\"heading.default\">\n\t\t\t\t<div class=\"elementor-widget-container\">\n\t\t\t<h4 class=\"elementor-heading-title elementor-size-large\">STUDIO 2 SALONUMUZDAN G\u00d6R\u00dcN\u00dcM<\/h4>\t\t<\/div>\n\t\t\t\t<\/div>\n\t\t\t\t\t\t<\/div>\n\t\t\t<\/div>\n\t\t<\/div>\n\t\t\t\t\t\t<\/div>\n\t\t\t<\/div>\n\t\t<\/section>\n\t\t\t\t<section class=\"elementor-element elementor-element-dd61915 elementor-section-boxed elementor-section-height-default elementor-section-height-default elementor-section elementor-top-section\" data-id=\"dd61915\" data-element_type=\"section\">\n\t\t\t\t\t\t<div class=\"elementor-container elementor-column-gap-default\">\n\t\t\t\t<div class=\"elementor-row\">\n\t\t\t\t<div class=\"elementor-element elementor-element-8fcf876 elementor-column elementor-col-100 elementor-top-column\" data-id=\"8fcf876\" data-element_type=\"column\">\n\t\t\t<div class=\"elementor-column-wrap  elementor-element-populated\">\n\t\t\t\t\t<div class=\"elementor-widget-wrap\">\n\t\t\t\t<div class=\"elementor-element elementor-element-ea4f997 elementor-widget elementor-widget-image-gallery\" data-id=\"ea4f997\" data-element_type=\"widget\" data-widget_type=\"image-gallery.default\">\n\t\t\t\t<div class=\"elementor-widget-container\">\n\t\t\t\t\t<div class=\"elementor-image-gallery\">\n\t\t\t<div id='gallery-1' class='gallery galleryid-1022 gallery-columns-4 gallery-size-thumbnail'><figure class='gallery-item'>\n\t\t\t<div class='gallery-icon portrait'>\n\t\t\t\t<a data-elementor-open-lightbox=\"yes\" data-elementor-lightbox-slideshow=\"ea4f997\" data-elementor-lightbox-title=\"studio2_1\" href='http:\/\/denizsporkulubu.com\/wp-content\/uploads\/2020\/05\/studio2_1.jpg'><img width=\"150\" height=\"150\" src=\"http:\/\/denizsporkulubu.com\/wp-content\/uploads\/2020\/05\/studio2_1-150x150.jpg\" class=\"attachment-thumbnail size-thumbnail\" alt=\"\" decoding=\"async\" loading=\"lazy\" \/><\/a>\n\t\t\t<\/div><\/figure><figure class='gallery-item'>\n\t\t\t<div class='gallery-icon landscape'>\n\t\t\t\t<a data-elementor-open-lightbox=\"yes\" data-elementor-lightbox-slideshow=\"ea4f997\" data-elementor-lightbox-title=\"studio2_2\" href='http:\/\/denizsporkulubu.com\/wp-content\/uploads\/2020\/05\/studio2_2.jpg'><img width=\"150\" height=\"150\" src=\"http:\/\/denizsporkulubu.com\/wp-content\/uploads\/2020\/05\/studio2_2-150x150.jpg\" class=\"attachment-thumbnail size-thumbnail\" alt=\"\" decoding=\"async\" loading=\"lazy\" \/><\/a>\n\t\t\t<\/div><\/figure><figure class='gallery-item'>\n\t\t\t<div class='gallery-icon landscape'>\n\t\t\t\t<a data-elementor-open-lightbox=\"yes\" data-elementor-lightbox-slideshow=\"ea4f997\" data-elementor-lightbox-title=\"studio2_2\" href='http:\/\/denizsporkulubu.com\/wp-content\/uploads\/2020\/05\/studio2_3-scaled.jpg'><img width=\"150\" height=\"150\" src=\"http:\/\/denizsporkulubu.com\/wp-content\/uploads\/2020\/05\/studio2_3-150x150.jpg\" class=\"attachment-thumbnail size-thumbnail\" alt=\"\" decoding=\"async\" loading=\"lazy\" \/><\/a>\n\t\t\t<\/div><\/figure><figure class='gallery-item'>\n\t\t\t<div class='gallery-icon landscape'>\n\t\t\t\t<a data-elementor-open-lightbox=\"yes\" data-elementor-lightbox-slideshow=\"ea4f997\" data-elementor-lightbox-title=\"studio2_2\" href='http:\/\/denizsporkulubu.com\/wp-content\/uploads\/2020\/05\/studio2_4-scaled.jpg'><img width=\"150\" height=\"150\" src=\"http:\/\/denizsporkulubu.com\/wp-content\/uploads\/2020\/05\/studio2_4-150x150.jpg\" class=\"attachment-thumbnail size-thumbnail\" alt=\"\" decoding=\"async\" loading=\"lazy\" \/><\/a>\n\t\t\t<\/div><\/figure>\n\t\t<\/div>\n\t\t<\/div>\n\t\t\t\t<\/div>\n\t\t\t\t<\/div>\n\t\t\t\t\t\t<\/div>\n\t\t\t<\/div>\n\t\t<\/div>\n\t\t\t\t\t\t<\/div>\n\t\t\t<\/div>\n\t\t<\/section>\n\t\t\t\t\t\t<\/div>\n\t\t\t<\/div>\n\t\t<\/div>\n\t\t","protected":false},"excerpt":{"rendered":"<p>STUDIO 2 SALONUMUZDAN G\u00d6R\u00dcN\u00dcM<\/p>\n","protected":false},"author":1,"featured_media":0,"parent":722,"menu_order":0,"comment_status":"closed","ping_status":"closed","template":"elementor_header_footer","meta":[],"yoast_head":"<!-- This site is optimized with the Yoast SEO plugin v19.9 - https:\/\/yoast.com\/wordpress\/plugins\/seo\/ -->\n<title>Studio 2 -<\/title>\n<meta name=\"robots\" content=\"index, follow, max-snippet:-1, max-image-preview:large, max-video-preview:-1\" \/>\n<link rel=\"canonical\" href=\"https:\/\/denizsporkulubu.com\/?page_id=1022\" \/>\n<meta property=\"og:locale\" content=\"tr_TR\" \/>\n<meta property=\"og:type\" content=\"article\" \/>\n<meta property=\"og:title\" content=\"Studio 2 -\" \/>\n<meta property=\"og:description\" content=\"STUDIO 2 SALONUMUZDAN G\u00d6R\u00dcN\u00dcM\" \/>\n<meta property=\"og:url\" content=\"https:\/\/denizsporkulubu.com\/?page_id=1022\" \/>\n<meta property=\"article:modified_time\" content=\"2020-05-25T19:18:05+00:00\" \/>\n<meta property=\"og:image\" content=\"http:\/\/denizsporkulubu.com\/wp\/wp-content\/uploads\/2020\/05\/studio2_1-150x150.jpg\" \/>\n<meta name=\"twitter:card\" content=\"summary_large_image\" \/>\n<script type=\"application\/ld+json\" class=\"yoast-schema-graph\">{\"@context\":\"https:\/\/schema.org\",\"@graph\":[{\"@type\":\"WebPage\",\"@id\":\"https:\/\/denizsporkulubu.com\/?page_id=1022\",\"url\":\"https:\/\/denizsporkulubu.com\/?page_id=1022\",\"name\":\"Studio 2 -\",\"isPartOf\":{\"@id\":\"http:\/\/denizsporkulubu.com\/#website\"},\"datePublished\":\"2020-05-25T18:28:57+00:00\",\"dateModified\":\"2020-05-25T19:18:05+00:00\",\"breadcrumb\":{\"@id\":\"https:\/\/denizsporkulubu.com\/?page_id=1022#breadcrumb\"},\"inLanguage\":\"tr\",\"potentialAction\":[{\"@type\":\"ReadAction\",\"target\":[\"https:\/\/denizsporkulubu.com\/?page_id=1022\"]}]},{\"@type\":\"BreadcrumbList\",\"@id\":\"https:\/\/denizsporkulubu.com\/?page_id=1022#breadcrumb\",\"itemListElement\":[{\"@type\":\"ListItem\",\"position\":1,\"name\":\"Anasayfa\",\"item\":\"http:\/\/denizsporkulubu.com\/\"},{\"@type\":\"ListItem\",\"position\":2,\"name\":\"S\u0131n\u0131flar\u0131m\u0131z\",\"item\":\"https:\/\/denizsporkulubu.com\/?page_id=722\"},{\"@type\":\"ListItem\",\"position\":3,\"name\":\"Studio 2\"}]},{\"@type\":\"WebSite\",\"@id\":\"http:\/\/denizsporkulubu.com\/#website\",\"url\":\"http:\/\/denizsporkulubu.com\/\",\"name\":\"\",\"description\":\"G\u00dc\u00c7L\u00dc B\u0130R BA\u011eI\u015eIKLIK S\u0130STEM\u0130 \u0130\u00c7\u0130N SPOR YAPIN\",\"potentialAction\":[{\"@type\":\"SearchAction\",\"target\":{\"@type\":\"EntryPoint\",\"urlTemplate\":\"http:\/\/denizsporkulubu.com\/?s={search_term_string}\"},\"query-input\":\"required name=search_term_string\"}],\"inLanguage\":\"tr\"}]}<\/script>\n<!-- \/ Yoast SEO plugin. -->","yoast_head_json":{"title":"Studio 2 -","robots":{"index":"index","follow":"follow","max-snippet":"max-snippet:-1","max-image-preview":"max-image-preview:large","max-video-preview":"max-video-preview:-1"},"canonical":"https:\/\/denizsporkulubu.com\/?page_id=1022","og_locale":"tr_TR","og_type":"article","og_title":"Studio 2 -","og_description":"STUDIO 2 SALONUMUZDAN G\u00d6R\u00dcN\u00dcM","og_url":"https:\/\/denizsporkulubu.com\/?page_id=1022","article_modified_time":"2020-05-25T19:18:05+00:00","og_image":[{"url":"http:\/\/denizsporkulubu.com\/wp\/wp-content\/uploads\/2020\/05\/studio2_1-150x150.jpg"}],"twitter_card":"summary_large_image","schema":{"@context":"https:\/\/schema.org","@graph":[{"@type":"WebPage","@id":"https:\/\/denizsporkulubu.com\/?page_id=1022","url":"https:\/\/denizsporkulubu.com\/?page_id=1022","name":"Studio 2 -","isPartOf":{"@id":"http:\/\/denizsporkulubu.com\/#website"},"datePublished":"2020-05-25T18:28:57+00:00","dateModified":"2020-05-25T19:18:05+00:00","breadcrumb":{"@id":"https:\/\/denizsporkulubu.com\/?page_id=1022#breadcrumb"},"inLanguage":"tr","potentialAction":[{"@type":"ReadAction","target":["https:\/\/denizsporkulubu.com\/?page_id=1022"]}]},{"@type":"BreadcrumbList","@id":"https:\/\/denizsporkulubu.com\/?page_id=1022#breadcrumb","itemListElement":[{"@type":"ListItem","position":1,"name":"Anasayfa","item":"http:\/\/denizsporkulubu.com\/"},{"@type":"ListItem","position":2,"name":"S\u0131n\u0131flar\u0131m\u0131z","item":"https:\/\/denizsporkulubu.com\/?page_id=722"},{"@type":"ListItem","position":3,"name":"Studio 2"}]},{"@type":"WebSite","@id":"http:\/\/denizsporkulubu.com\/#website","url":"http:\/\/denizsporkulubu.com\/","name":"","description":"G\u00dc\u00c7L\u00dc B\u0130R BA\u011eI\u015eIKLIK S\u0130STEM\u0130 \u0130\u00c7\u0130N SPOR YAPIN","potentialAction":[{"@type":"SearchAction","target":{"@type":"EntryPoint","urlTemplate":"http:\/\/denizsporkulubu.com\/?s={search_term_string}"},"query-input":"required name=search_term_string"}],"inLanguage":"tr"}]}},"_links":{"self":[{"href":"http:\/\/denizsporkulubu.com\/index.php?rest_route=\/wp\/v2\/pages\/1022"}],"collection":[{"href":"http:\/\/denizsporkulubu.com\/index.php?rest_route=\/wp\/v2\/pages"}],"about":[{"href":"http:\/\/denizsporkulubu.com\/index.php?rest_route=\/wp\/v2\/types\/page"}],"author":[{"embeddable":true,"href":"http:\/\/denizsporkulubu.com\/index.php?rest_route=\/wp\/v2\/users\/1"}],"replies":[{"embeddable":true,"href":"http:\/\/denizsporkulubu.com\/index.php?rest_route=%2Fwp%2Fv2%2Fcomments&post=1022"}],"version-history":[{"count":3,"href":"http:\/\/denizsporkulubu.com\/index.php?rest_route=\/wp\/v2\/pages\/1022\/revisions"}],"predecessor-version":[{"id":1025,"href":"http:\/\/denizsporkulubu.com\/index.php?rest_route=\/wp\/v2\/pages\/1022\/revisions\/1025"}],"up":[{"embeddable":true,"href":"http:\/\/denizsporkulubu.com\/index.php?rest_route=\/wp\/v2\/pages\/722"}],"wp:attachment":[{"href":"http:\/\/denizsporkulubu.com\/index.php?rest_route=%2Fwp%2Fv2%2Fmedia&parent=1022"}],"curies":[{"name":"wp","href":"https:\/\/api.w.org\/{rel}","templated":true}]}}